{"id":40659,"date":"2025-04-29T12:04:00","date_gmt":"2025-04-29T16:04:00","guid":{"rendered":"https:\/\/famaliving.ca\/product\/canape-nuage-modulable-teseo\/"},"modified":"2025-04-29T15:29:53","modified_gmt":"2025-04-29T19:29:53","slug":"canape-nuage-modulable-teseo","status":"publish","type":"product","link":"https:\/\/famaliving.ca\/fr\/produit\/canape-nuage-modulable-teseo\/","title":{"rendered":"Canap\u00e9 Nuage Modulable Teseo"},"content":{"rendered":"<p><a>Configuration et t\u00e9l\u00e9chargements<\/a><\/p>\n<p>T\u00e9l\u00e9chargez la documentation technique\u00a0: sch\u00e9mas, mesures, d\u00e9tails techniques, brochures et manuels.<\/p>\n<ul>\n<li><a href=\"https:\/\/famaliving.ca\/wp-content\/uploads\/sites\/29\/Teseo-Data-sheet-Famaliving-Montreal.pdf\" target=\"_blank\" rel=\"noopener noreferrer\">Teseo \u2013 Fiche technique<\/a><\/li>\n<li><a href=\"https:\/\/youtu.be\/xqPXHR7o45Q\">Vid\u00e9o Teseo<\/a><\/li>\n<li><a href=\"https:\/\/famaliving.ca\/wp-content\/uploads\/sites\/29\/Teseo-Sketch-Famaliving-Montreal.pdf\" target=\"_blank\" rel=\"noopener noreferrer\">Simone \u2013 Croquis<\/a><\/li>\n<li><a href=\"https:\/\/famaliving.ca\/wp-content\/uploads\/sites\/29\/Teseo-Training-Book.pdf\" target=\"_blank\" rel=\"noopener noreferrer\">Livre de formation Teseo<\/a><\/li>\n<\/ul>\n<p><strong>Explorez la configurabilit\u00e9 de Teseo avec notre <a href=\"\/fr\/3d\/\" target=\"_blank\" rel=\"noopener\">Simulation de conception 3D&gt;&gt;<\/a><\/strong><\/p>\n<p><a>\u00c0 propos du produit<\/a><\/p>\n<p><strong>Q\u00a0:\u00a0Qu&rsquo;est-ce que le canap\u00e9 modulaire Cloud Teseo\u00a0?<\/strong><\/p>\n<p>A\u00a0: Le Teseo est un canap\u00e9 nuage modulaire de Famaliving, con\u00e7u pour offrir un confort et un style ultimes. Ses coussins moelleux en forme de nuage et sa conception modulaire le rendent tr\u00e8s polyvalent, vous permettant de le configurer pour s&rsquo;adapter \u00e0 n&rsquo;importe quel espace de vie, qu&rsquo;il soit petit ou grand.<\/p>\n<p><strong>Q\u00a0: Qu&rsquo;est-ce qui rend le canap\u00e9 Teseo unique\u00a0?<\/strong><\/p>\n<p>A\u00a0: Le canap\u00e9 Teseo se distingue par ses coussins ultra-doux et moelleux qui cr\u00e9ent une exp\u00e9rience d&rsquo;assise semblable \u00e0 un nuage. Sa nature modulaire permet des possibilit\u00e9s de configuration infinies, ce qui facilite l&rsquo;adaptation du canap\u00e9 \u00e0 n&rsquo;importe quel espace ou disposition des si\u00e8ges. La combinaison du confort et du design contemporain le rend parfait pour les salons modernes.<\/p>\n<p><strong>Q\u00a0: Puis-je personnaliser le canap\u00e9 Teseo avec des accessoires\u00a0?<\/strong><\/p>\n<p>A : Oui, le canap\u00e9 Teseo est enti\u00e8rement personnalisable. Vous pouvez choisir parmi plus de 500 options de tissus, notamment diff\u00e9rentes couleurs, textures et motifs, pour correspondre \u00e0 votre d\u00e9coration int\u00e9rieure. Vous pouvez \u00e9galement ajouter des repose-pieds, des coussins et d&rsquo;autres accessoires assortis pour am\u00e9liorer le confort et personnaliser le style.<\/p>\n<p><strong>Q\u00a0: Quelles sont les caract\u00e9ristiques d&rsquo;assise du canap\u00e9 Teseo\u00a0?<\/strong><\/p>\n<p>A\u00a0: Le Teseo offre des si\u00e8ges profonds et moelleux avec des coussins surdimensionn\u00e9s qui offrent un confort maximal, ce qui le rend parfait pour se pr\u00e9lasser ou s&rsquo;asseoir de mani\u00e8re d\u00e9contract\u00e9e. Ses composants modulaires vous permettent de r\u00e9organiser le canap\u00e9 selon vos besoins, le rendant flexible pour diff\u00e9rentes occasions, qu&rsquo;il s&rsquo;agisse de recevoir des invit\u00e9s ou de vous d\u00e9tendre \u00e0 la maison.<\/p>\n<p><strong>Q\u00a0: Existe-t-il diff\u00e9rentes options de pieds pour le canap\u00e9 Teseo\u00a0?<\/strong><\/p>\n<p>A\u00a0: Le canap\u00e9 Teseo est livr\u00e9 avec des options de pieds personnalisables. Les pieds par d\u00e9faut sont \u00e9l\u00e9gants et modernes, mais vous pouvez choisir parmi diff\u00e9rentes finitions et mat\u00e9riaux pour correspondre \u00e0 votre style int\u00e9rieur et \u00e0 vos pr\u00e9f\u00e9rences personnelles.<\/p>\n<p><strong>Q\u00a0: Quelles sont les dimensions du canap\u00e9 Teseo\u00a0?<\/strong><\/p>\n<p>A : Les dimensions du canap\u00e9 Teseo d\u00e9pendent de la configuration sp\u00e9cifique que vous choisissez. Chaque pi\u00e8ce modulaire peut \u00eatre dispos\u00e9e pour s&rsquo;adapter \u00e0 votre espace, permettant une flexibilit\u00e9 en termes de taille et d&rsquo;agencement. La hauteur du si\u00e8ge est de 44 cm (17,32 po) et la profondeur et la hauteur hors tout varient en fonction des modules s\u00e9lectionn\u00e9s.<\/p>\n<p><strong>Q\u00a0: Un rev\u00eatement en cuir est-il disponible pour le canap\u00e9 Teseo\u00a0?<\/strong><\/p>\n<p>A\u00a0: Oui, un rev\u00eatement en cuir est disponible pour le canap\u00e9 Teseo, mais cela peut entra\u00eener un co\u00fbt suppl\u00e9mentaire. Alternativement, vous pouvez choisir parmi une large gamme d\u2019options de tissus pour personnaliser l\u2019apparence et la sensation du canap\u00e9 en fonction de votre style.<\/p>\n<p><strong>Q\u00a0: Comment personnaliser le canap\u00e9 Teseo\u00a0?<\/strong><\/p>\n<p>A : Le canap\u00e9 Teseo offre une large gamme d&rsquo;options de personnalisation, notamment le rev\u00eatement en tissu ou en cuir, la finition des pieds et la possibilit\u00e9 de choisir diff\u00e9rents composants modulaires. Cela vous permet de cr\u00e9er un canap\u00e9 qui correspond \u00e0 votre espace et \u00e0 vos pr\u00e9f\u00e9rences personnelles en mati\u00e8re de design, tout en offrant \u00e0 la fois style et confort.<\/p>\n<p><a>Options du produit<\/a><\/p>\n<p><en-t\u00eate><\/p>\n<h3>Canap\u00e9 Cloud Modulable Teseo : Le Confort Red\u00e9fini<\/h3>\n<\/header>\n<p>Lorsque nous entrons dans le salon, tous les soucis s&rsquo;effacent. Le <b>Modular Cloud Sofa Teseo<\/b> de FAMA change notre fa\u00e7on de penser les si\u00e8ges. Il combine un nouveau design, un luxe personnalisable et un confort in\u00e9gal\u00e9.<\/p>\n<p>Ce canap\u00e9 est plus qu&rsquo;un meuble. C\u2019est un endroit o\u00f9 le stress dispara\u00eet et o\u00f9 l\u2019on trouve la paix dans ses coussins moelleux. <a href=\"https:\/\/famaliving.ca\/blog\/modular-cloud-sofa-teseo-comfort-red\u00e9fini\/\">Lire la suite<\/a><\/p>\n","protected":false},"excerpt":{"rendered":"<p>Pr\u00e9sentation de Teseo, un nouveau programme modulaire au design moderne visant \u00e0 offrir un confort in\u00e9gal\u00e9. Dot\u00e9 du syst\u00e8me brevet\u00e9 Seated Cloud<\/p>\n","protected":false},"featured_media":38211,"template":"","meta":{"_acf_changed":false,"site-sidebar-layout":"default","site-content-layout":"","ast-site-content-layout":"default","site-content-style":"default","site-sidebar-style":"default","ast-global-header-display":"","ast-banner-title-visibility":"","ast-main-header-display":"","ast-hfb-above-header-display":"","ast-hfb-below-header-display":"","ast-hfb-mobile-header-display":"","site-post-title":"","ast-breadcrumbs-content":"","ast-featured-img":"","footer-sml-layout":"","ast-disable-related-posts":"","theme-transparent-header-meta":"default","adv-header-id-meta":"","stick-header-meta":"default","header-above-stick-meta":"","header-main-stick-meta":"","header-below-stick-meta":"","astra-migrate-meta-layouts":"set","ast-page-background-enabled":"default","ast-page-background-meta":{"desktop":{"background-color":"var(--ast-global-color-4)","background-image":"","background-repeat":"repeat","background-position":"center center","background-size":"auto","background-attachment":"scroll","background-type":"","background-media":"","overlay-type":"","overlay-color":"","overlay-opacity":"","overlay-gradient":""},"tablet":{"background-color":"","background-image":"","background-repeat":"repeat","background-position":"center center","background-size":"auto","background-attachment":"scroll","background-type":"","background-media":"","overlay-type":"","overlay-color":"","overlay-opacity":"","overlay-gradient":""},"mobile":{"background-color":"","background-image":"","background-repeat":"repeat","background-position":"center center","background-size":"auto","background-attachment":"scroll","background-type":"","background-media":"","overlay-type":"","overlay-color":"","overlay-opacity":"","overlay-gradient":""}},"ast-content-background-meta":{"desktop":{"background-color":"var(--ast-global-color-5)","background-image":"","background-repeat":"repeat","background-position":"center center","background-size":"auto","background-attachment":"scroll","background-type":"","background-media":"","overlay-type":"","overlay-color":"","overlay-opacity":"","overlay-gradient":""},"tablet":{"background-color":"var(--ast-global-color-5)","background-image":"","background-repeat":"repeat","background-position":"center center","background-size":"auto","background-attachment":"scroll","background-type":"","background-media":"","overlay-type":"","overlay-color":"","overlay-opacity":"","overlay-gradient":""},"mobile":{"background-color":"var(--ast-global-color-5)","background-image":"","background-repeat":"repeat","background-position":"center center","background-size":"auto","background-attachment":"scroll","background-type":"","background-media":"","overlay-type":"","overlay-color":"","overlay-opacity":"","overlay-gradient":""}}},"product_brand":[],"product_cat":[77],"product_tag":[79,81],"class_list":{"0":"post-40659","1":"product","2":"type-product","3":"status-publish","4":"has-post-thumbnail","6":"product_cat-canape","7":"product_tag-a-partir-de","8":"product_tag-moderne","9":"desktop-align-center","10":"tablet-align-left","11":"mobile-align-left","13":"first","14":"instock","15":"sold-individually","16":"shipping-taxable","17":"purchasable","18":"product-type-variable"},"acf":[],"_links":{"self":[{"href":"https:\/\/famaliving.ca\/fr\/wp-json\/wp\/v2\/product\/40659","targetHints":{"allow":["GET"]}}],"collection":[{"href":"https:\/\/famaliving.ca\/fr\/wp-json\/wp\/v2\/product"}],"about":[{"href":"https:\/\/famaliving.ca\/fr\/wp-json\/wp\/v2\/types\/product"}],"version-history":[{"count":1,"href":"https:\/\/famaliving.ca\/fr\/wp-json\/wp\/v2\/product\/40659\/revisions"}],"predecessor-version":[{"id":41597,"href":"https:\/\/famaliving.ca\/fr\/wp-json\/wp\/v2\/product\/40659\/revisions\/41597"}],"wp:featuredmedia":[{"embeddable":true,"href":"https:\/\/famaliving.ca\/fr\/wp-json\/wp\/v2\/media\/38211"}],"wp:attachment":[{"href":"https:\/\/famaliving.ca\/fr\/wp-json\/wp\/v2\/media?parent=40659"}],"wp:term":[{"taxonomy":"product_brand","embeddable":true,"href":"https:\/\/famaliving.ca\/fr\/wp-json\/wp\/v2\/product_brand?post=40659"},{"taxonomy":"product_cat","embeddable":true,"href":"https:\/\/famaliving.ca\/fr\/wp-json\/wp\/v2\/product_cat?post=40659"},{"taxonomy":"product_tag","embeddable":true,"href":"https:\/\/famaliving.ca\/fr\/wp-json\/wp\/v2\/product_tag?post=40659"}],"curies":[{"name":"wp","href":"https:\/\/api.w.org\/{rel}","templated":true}]}}