{"id":40661,"date":"2025-04-29T12:04:07","date_gmt":"2025-04-29T16:04:07","guid":{"rendered":"https:\/\/famaliving.ca\/product\/fauteuil-inclinable-funky-lenny\/"},"modified":"2025-04-29T13:24:37","modified_gmt":"2025-04-29T17:24:37","slug":"fauteuil-inclinable-funky-lenny","status":"publish","type":"product","link":"https:\/\/famaliving.ca\/fr\/produit\/fauteuil-inclinable-funky-lenny\/","title":{"rendered":"Fauteuil inclinable Funky Lenny"},"content":{"rendered":"<p><svg viewBox=\"0 0 448 512\" xmlns=\"http:\/\/www.w3.org\/2000\/svg\"><path d=\"M416 208H272V64c0-17.67-14.33-32-32-32h-32c-17.67 0-32 14.33-32 32v144H32c-17.67 0-32 14.33-32 32v32c0 17.67 14.33 32 32 32h144v144c0 17.67 14.33 32 32 32h32c17.67 0 32-14.33 32-32V304h144c17.67 0 32-14.33 32-32v-32c0-17.67-14.33-32-32-32z\"><\/path><\/svg><br \/>\n <svg viewBox=\"0 0 448 512\" xmlns=\"http:\/\/www.w3.org\/2000\/svg\"><chemin d=\"M416 208H32c-17.67 0-32 14.33-32 32v32c0 17.67 14.33 32 32 32h384c17.67 0 32-14.33 32-32v-32c0-17.67-14.33-32-32-32z\"><\/path><\/svg><br \/>\n <a tabindex=\"0\">Configuration et t\u00e9l\u00e9chargements<\/a><br \/>\n T\u00e9l\u00e9chargez la documentation technique\u00a0: sch\u00e9mas, mesures, d\u00e9tails techniques, brochures et manuels.<\/p>\n<ul>\n<li><a href=\"https:\/\/famaliving.ca\/wp-content\/uploads\/sites\/29\/Lenny-Sketch-Famaliving-Montreal.pdf\" target=\"_blank\" rel=\"noopener noreferrer\">Lenny Relax &#8211; Croquis<\/a><\/li>\n<li><a href=\"https:\/\/famaliving.ca\/wp-content\/uploads\/sites\/29\/Lenny-TrainingBook-MuseumCollection2022-Lenny-Relax.pdf\" target=\"_blank\" rel=\"noopener noreferrer\">TrainingBook-MuseumCollection2022-Lenny Relax<\/a><\/li>\n<li><a href=\"https:\/\/famaliving.ca\/wp-content\/uploads\/sites\/29\/Lenny-Data-sheet-Famaliving-Montreal.pdf\" target=\"_blank\" rel=\"noopener noreferrer\">Lenny Relax &#8211; Fiche technique<\/a><\/li>\n<\/ul>\n<p><strong>Explorez la configurabilit\u00e9 de Lenny avec notre <a href=\"\/fr\/3d\/\" target=\"_blank\" rel=\"noopener\">Simulation de conception 3D&gt;&gt;<\/a><\/strong><br \/>\n <svg viewBox=\"0 0 448 512\" xmlns=\"http:\/\/www.w3.org\/2000\/svg\"><chemin d=\"M416 208H272V64c0-17.67-14.33-32-32-32h-32c-17.67 0-32 14.33-32 32v144H32c-17.67 0-32 14.33-32 32v32c0 17.67 14.33 32 32 32h144v144c0 17.67 14.33 32 32 32h32c17.67 0 32-14.33 32-32V304h144c17.67 0 32-14.33 32-32v-32c0-17.67-14.33-32-32-32z\"><\/path><\/svg><br \/>\n <svg viewBox=\"0 0 448 512\" xmlns=\"http:\/\/www.w3.org\/2000\/svg\"><path d=\"M416 208H32c-17.67 0-32 14.33-32 32v32c0 17.67 14.33 32 32 32h384c17.67 0 32-14.33 32-32v-32c0-17.67-14.33-32-32-32z\"><\/path><\/svg><br \/>\n <a tabindex=\"0\">\u00c0 propos du produit<\/a><\/p>\n<p><strong>Q\u00a0: Qu&rsquo;est-ce que le fauteuil inclinable Funky Lenny\u00a0?<\/strong><br \/>A\u00a0: Le fauteuil inclinable Lenny est un design amusant et contemporain de Famaliving, combinant les courbes caract\u00e9ristiques du fauteuil Lenny avec la fonctionnalit\u00e9 suppl\u00e9mentaire d&rsquo;un fauteuil inclinable. C&rsquo;est le m\u00e9lange parfait de style, de confort et de d\u00e9tente pour tout espace de vie moderne.<\/p>\n<p><strong>Q\u00a0:\u00a0Qu&rsquo;est-ce qui rend le fauteuil inclinable Lenny unique\u00a0?<\/strong><br \/>R\u00a0: Le fauteuil inclinable Lenny se distingue par son design ludique et courb\u00e9, offrant \u00e0 la fois une d\u00e9claration visuelle et un confort exceptionnel. Avec sa fonction d&rsquo;inclinaison en douceur, il offre une couche suppl\u00e9mentaire de relaxation, ce qui le rend id\u00e9al pour se pr\u00e9lasser tout en conservant son esth\u00e9tique funky et moderne.<\/p>\n<p><strong>Q\u00a0: Puis-je personnaliser le fauteuil inclinable Lenny avec des accessoires\u00a0?<\/strong><br \/>R\u00a0: Oui, le fauteuil inclinable Lenny est hautement personnalisable. Vous pouvez choisir parmi plus de 500 options de tissus et \u00e9galement opter pour un rev\u00eatement en cuir. Des coussins d\u00e9coratifs peuvent \u00eatre ajout\u00e9s pour am\u00e9liorer encore le confort et personnaliser le style.<\/p>\n<p><strong>Q\u00a0: Quelles sont les caract\u00e9ristiques d&rsquo;assise du fauteuil inclinable Lenny\u00a0?<\/strong><br \/>A\u00a0: Le fauteuil inclinable Lenny offre des si\u00e8ges moelleux avec un dossier de soutien et un design ergonomique, assurant une exp\u00e9rience de d\u00e9tente confortable. La fonction d&rsquo;inclinaison vous permet de vous \u00e9tirer et de vous d\u00e9tendre compl\u00e8tement, ce qui le rend parfait pour lire, regarder la t\u00e9l\u00e9vision ou vous d\u00e9tendre apr\u00e8s une longue journ\u00e9e.<\/p>\n<p><strong>Q\u00a0: Existe-t-il diff\u00e9rentes options de pieds pour le fauteuil inclinable Lenny\u00a0?<\/strong><br \/>R\u00a0: Le fauteuil inclinable Lenny est dot\u00e9 de pieds en m\u00e9tal \u00e9l\u00e9gants qui compl\u00e8tent son design moderne. Bien que les pieds fassent partie de son look signature, vous pouvez choisir parmi diff\u00e9rentes finitions pour s&rsquo;adapter \u00e0 votre d\u00e9cor.<\/p>\n<p><strong>Q\u00a0: Quelles sont les dimensions du fauteuil inclinable Lenny\u00a0?<\/strong><br \/>R\u00a0: La hauteur du si\u00e8ge est de 44 cm (17,32 po), avec une profondeur totale de 90 cm (35,43 po) et une hauteur totale de 96 cm (37,8 po).<\/p>\n<p><strong>Q\u00a0: Un rev\u00eatement en cuir est-il disponible pour le Fauteuil inclinable Lenny\u00a0?<\/strong><br \/>R\u00a0: Oui, un rev\u00eatement en cuir est disponible pour le fauteuil inclinable Lenny, bien que cela puisse entra\u00eener un co\u00fbt suppl\u00e9mentaire. Vous pouvez \u00e9galement choisir parmi une vari\u00e9t\u00e9 d&rsquo;options de tissus pour adapter le fauteuil inclinable \u00e0 votre style sp\u00e9cifique.<\/p>\n<p><strong>Q\u00a0: Comment puis-je personnaliser le fauteuil inclinable Lenny\u00a0?<\/strong><br \/>R\u00a0: Le fauteuil inclinable Lenny offre de nombreuses options de personnalisation, notamment un rev\u00eatement en tissu ou en cuir, des finitions de pieds et l&rsquo;ajout de coussins. Vous pouvez personnaliser la chaise pour qu&rsquo;elle s&rsquo;int\u00e8gre parfaitement \u00e0 votre espace de vie, \u00e0 la fois en termes de style et de confort.<\/p>\n<p> <svg viewBox=\"0 0 448 512\" xmlns=\"http:\/\/www.w3.org\/2000\/svg\"><path d=\"M416 208H272V64c0-17,67-14,33-32-32-32h-32c-17,67 0-32 14,33-32 32v144H32c-17,67 0-32 14,33-32 32v32c0 17,67 14,33 32 32 32h144v144c0 17,67 14,33 32 32 32h32c17,67 0 32-14,33 32-32V304h144c17,67 0 32-14,33 32-32v-32c0-17.67-14.33-32-32-32z\"><\/chemin><\/svg><br \/>\n <svg viewBox=\"0 0 448 512\" xmlns=\"http:\/\/www.w3.org\/2000\/svg\"><chemin d=\"M416 208H32c-17.67 0-32 14.33-32 32v32c0 17.67 14.33 32 32 32h384c17.67 0 32-14.33 32-32v-32c0-17.67-14.33-32-32-32z\"><\/path><\/svg><br \/>\n <a tabindex=\"0\">Produit Options<\/a><\/p>\n<ul>\n<li>Disponible en Tissu et Cuir<\/li>\n<li>3 tailles : L, XL (10% plus grand), Lenny Big XXL (20% plus grand)<\/li>\n<li>Hauteur d&rsquo;assise : 47 cm ou 42 cm.<\/li>\n<li>Options de pieds : pi\u00e8tement pivotant anthracite, autres coloris sur demande.<\/li>\n<\/ul>\n","protected":false},"excerpt":{"rendered":"<p>Pr\u00e9sentation de Lenny, la quintessence du confort et de la sophistication dans les fauteuils inclinables compacts. Con\u00e7u avec une attention m\u00e9ticuleuse aux d\u00e9tails, Lenny dispose d&rsquo;un rembourrage g\u00e9n\u00e9reux qui vous enveloppe de luxe d\u00e8s le moment o\u00f9 vous vous enfoncez dans ses bras. Parfaitement proportionn\u00e9 pour les petits espaces, mais propice \u00e0 la d\u00e9tente, Lenny offre un refuge confortable o\u00f9 vous pourrez vous d\u00e9tendre et vous ressourcer apr\u00e8s une longue journ\u00e9e. Que vous vous d\u00e9tendiez avec un livre ou que vous profitiez simplement d&rsquo;un moment de contemplation tranquille, Lenny est votre invitation \u00e0 un confort et un style in\u00e9gal\u00e9s.<\/p>\n","protected":false},"featured_media":11054,"template":"","meta":{"_acf_changed":false,"site-sidebar-layout":"default","site-content-layout":"","ast-site-content-layout":"default","site-content-style":"default","site-sidebar-style":"default","ast-global-header-display":"","ast-banner-title-visibility":"","ast-main-header-display":"","ast-hfb-above-header-display":"","ast-hfb-below-header-display":"","ast-hfb-mobile-header-display":"","site-post-title":"","ast-breadcrumbs-content":"","ast-featured-img":"","footer-sml-layout":"","ast-disable-related-posts":"","theme-transparent-header-meta":"default","adv-header-id-meta":"","stick-header-meta":"default","header-above-stick-meta":"","header-main-stick-meta":"","header-below-stick-meta":"","astra-migrate-meta-layouts":"set","ast-page-background-enabled":"default","ast-page-background-meta":{"desktop":{"background-color":"var(--ast-global-color-4)","background-image":"","background-repeat":"repeat","background-position":"center center","background-size":"auto","background-attachment":"scroll","background-type":"","background-media":"","overlay-type":"","overlay-color":"","overlay-opacity":"","overlay-gradient":""},"tablet":{"background-color":"","background-image":"","background-repeat":"repeat","background-position":"center center","background-size":"auto","background-attachment":"scroll","background-type":"","background-media":"","overlay-type":"","overlay-color":"","overlay-opacity":"","overlay-gradient":""},"mobile":{"background-color":"","background-image":"","background-repeat":"repeat","background-position":"center center","background-size":"auto","background-attachment":"scroll","background-type":"","background-media":"","overlay-type":"","overlay-color":"","overlay-opacity":"","overlay-gradient":""}},"ast-content-background-meta":{"desktop":{"background-color":"var(--ast-global-color-5)","background-image":"","background-repeat":"repeat","background-position":"center center","background-size":"auto","background-attachment":"scroll","background-type":"","background-media":"","overlay-type":"","overlay-color":"","overlay-opacity":"","overlay-gradient":""},"tablet":{"background-color":"var(--ast-global-color-5)","background-image":"","background-repeat":"repeat","background-position":"center center","background-size":"auto","background-attachment":"scroll","background-type":"","background-media":"","overlay-type":"","overlay-color":"","overlay-opacity":"","overlay-gradient":""},"mobile":{"background-color":"var(--ast-global-color-5)","background-image":"","background-repeat":"repeat","background-position":"center center","background-size":"auto","background-attachment":"scroll","background-type":"","background-media":"","overlay-type":"","overlay-color":"","overlay-opacity":"","overlay-gradient":""}}},"product_brand":[],"product_cat":[72],"product_tag":[79],"class_list":{"0":"post-40661","1":"product","2":"type-product","3":"status-publish","4":"has-post-thumbnail","6":"product_cat-fauteuils-et-inclinaisons","7":"product_tag-a-partir-de","8":"desktop-align-center","9":"tablet-align-left","10":"mobile-align-left","12":"first","13":"instock","14":"sold-individually","15":"shipping-taxable","16":"purchasable","17":"product-type-simple"},"acf":[],"_links":{"self":[{"href":"https:\/\/famaliving.ca\/fr\/wp-json\/wp\/v2\/product\/40661","targetHints":{"allow":["GET"]}}],"collection":[{"href":"https:\/\/famaliving.ca\/fr\/wp-json\/wp\/v2\/product"}],"about":[{"href":"https:\/\/famaliving.ca\/fr\/wp-json\/wp\/v2\/types\/product"}],"version-history":[{"count":2,"href":"https:\/\/famaliving.ca\/fr\/wp-json\/wp\/v2\/product\/40661\/revisions"}],"predecessor-version":[{"id":41577,"href":"https:\/\/famaliving.ca\/fr\/wp-json\/wp\/v2\/product\/40661\/revisions\/41577"}],"wp:featuredmedia":[{"embeddable":true,"href":"https:\/\/famaliving.ca\/fr\/wp-json\/wp\/v2\/media\/11054"}],"wp:attachment":[{"href":"https:\/\/famaliving.ca\/fr\/wp-json\/wp\/v2\/media?parent=40661"}],"wp:term":[{"taxonomy":"product_brand","embeddable":true,"href":"https:\/\/famaliving.ca\/fr\/wp-json\/wp\/v2\/product_brand?post=40661"},{"taxonomy":"product_cat","embeddable":true,"href":"https:\/\/famaliving.ca\/fr\/wp-json\/wp\/v2\/product_cat?post=40661"},{"taxonomy":"product_tag","embeddable":true,"href":"https:\/\/famaliving.ca\/fr\/wp-json\/wp\/v2\/product_tag?post=40661"}],"curies":[{"name":"wp","href":"https:\/\/api.w.org\/{rel}","templated":true}]}}