{"id":40664,"date":"2025-04-29T12:04:08","date_gmt":"2025-04-29T16:04:08","guid":{"rendered":"https:\/\/famaliving.ca\/product\/canape-modulable-arianne-plus\/"},"modified":"2025-04-29T15:05:11","modified_gmt":"2025-04-29T19:05:11","slug":"canape-modulable-arianne-plus","status":"publish","type":"product","link":"https:\/\/famaliving.ca\/fr\/produit\/canape-modulable-arianne-plus\/","title":{"rendered":"Canap\u00e9 Modulable Arianne Plus"},"content":{"rendered":"<p><svg xmlns=\"http:\/\/www.w3.org\/2000\/svg\"><path d=\"M416 208H272V64c0-17.67-14.33-32-32-32h-32c-17.67 0-32 14.33-32 32v144H32c-17.67 0-32 14.33-32 32v32c0 17.67 14.33 32 32 32h144v144c0 17.67 14.33 32 32 32h32c17.67 0 32-14.33 32-32V304h144c17.67 0 32-14.33 32-32v-32c0-17.67-14.33-32-32-32z\"><\/path><\/svg><br \/>\n <svg xmlns=\"http:\/\/www.w3.org\/2000\/svg\"><path d=\"M416 208H32c-17.67 0-32 14.33-32 32v32c0 17.67 14.33 32 32 32h384c17.67 0 32-14.33 32-32v-32c0-17.67-14.33-32-32-32z\"><\/path><\/svg><br \/>\n <a>Configuration et t\u00e9l\u00e9chargements<\/a><\/p>\n<p>T\u00e9l\u00e9charger la documentation technique documentation\u00a0: sch\u00e9mas, mesures, d\u00e9tails techniques, brochures et manuels.<\/p>\n<ul>\n<li><a href=\"https:\/\/famaliving.ca\/wp-content\/uploads\/sites\/29\/Catalogo_HOME-Collection-2021_ARIANNE-PLUS.pdf\">Catalogue Home Collection 2021 &#038;#8211\u00a0; Arianne Plus<\/a><\/li>\n<li><a href=\"https:\/\/famaliving.ca\/wp-content\/uploads\/sites\/29\/ARIANNE-LOVE-PLUS-Rv07-1.pdf\">Croquis &#8211; Arianne Plus <\/a><\/li>\n<li><a href=\"https:\/\/famaliving.ca\/wp-content\/uploads\/sites\/29\/ARIANNE-PLUS_FR.pdf\">Fiche technique &#8211; Arianne Plus<\/a><\/li>\n<li><a href=\"https:\/\/famaliving.ca\/wp-content\/uploads\/sites\/29\/fa95instruccion-arianne-love-completa-patas-respaldo-desenfundado.pdf\">Instructions &#038;#8211\u00a0; Arianne Love\/Plus<\/a><\/li>\n<li><a href=\"https:\/\/famaliving.ca\/wp-content\/uploads\/sites\/29\/TrainingBook_HomeCollection2021-ARIANNE-PLUS.pdf\">Livre de formation &#8211; AccueilCollection 2021 &#8211; Arianne Plus<\/a><\/li>\n<li><a href=\"https:\/\/famaliving.ca\/wp-content\/uploads\/sites\/29\/TrainingBook_HomeCollection2021-JOINING-CLICK-ARIANNE.pdf\">Livre de formation -Collection maison 2021 &#8211; RejoindreCliquez sur &#8211; Arianne Love\/Plus<\/a><\/li>\n<\/ul>\n<p><strong>Explorez la configurabilit\u00e9 du canap\u00e9 modulaire Arianne Plus avec notre <a href=\"\/fr\/3d\/\" target=\"_blank\" rel=\"noopener\">Simulation de conception 3D&gt;&gt;<\/a><\/strong><\/p>\n<p> <svg xmlns=\"http:\/\/www.w3.org\/2000\/svg\"><path d=\"M416 208H272V64c0-17.67-14.33-32-32-32h-32c-17.67 0-32 14.33-32 32v144H32c-17.67 0-32 14.33-32 32v32c0 17.67 14.33 32 32 32h144v144c0 17,67 14,33 32 32 32h32c17,67 0 32-14,33 32-32V304h144c17,67 0 32-14,33 32-32v-32c0-17.67-14.33-32-32-32z\"><\/path><\/svg><br \/>\n <svg xmlns=\"http:\/\/www.w3.org\/2000\/svg\"><path d=\"M416 208H32c-17.67 0-32 14.33-32 32v32c0 17.67 14.33 32 32 32h384c17.67 0 32-14.33 32-32v-32c0-17.67-14.33-32-32-32z\"><\/path><\/svg><br \/>\n <a>\u00c0 propos du produit<\/a><\/p>\n<h3><strong>Arianne Plus Canap\u00e9<\/strong><\/h3>\n<p><strong>Q\u00a0: Qu&rsquo;est-ce que le canap\u00e9 Arianne Plus\u00a0?<\/strong><br \/>R\u00a0: Le canap\u00e9 Arianne Plus est une \u00e9volution de l&rsquo;Arianne Love, offrant la m\u00eame flexibilit\u00e9 modulaire mais avec des housses de base amovibles pour un nettoyage et un entretien plus faciles. Il offre un look d\u00e9contract\u00e9 et discret similaire avec une commodit\u00e9 accrue.<\/p>\n<p><strong>Q\u00a0: Qu&rsquo;est-ce qui rend le canap\u00e9 Arianne Plus unique\u00a0?<\/strong><br \/>R\u00a0: L&rsquo;Arianne Plus conserve la polyvalence modulaire de l&rsquo;Arianne Love, avec l&rsquo;avantage suppl\u00e9mentaire de housses de base amovibles pour un nettoyage plus pratique. Il est id\u00e9al pour les familles ou pour tous ceux qui souhaitent la flexibilit\u00e9 de l&rsquo;Arianne Love avec plus de praticit\u00e9.<\/p>\n<p><strong>Q\u00a0: Puis-je personnaliser le canap\u00e9 Arianne Plus avec des accessoires\u00a0?<\/strong><br \/>R\u00a0: Oui, l&rsquo;Arianne Plus offre les m\u00eames options de personnalisation que l&rsquo;Arianne Love, avec plus de 500 options de tissus et la possibilit\u00e9 d&rsquo;ajouter des repose-pieds, des tables et d&rsquo;autres pi\u00e8ces modulaires. Cela vous permet de personnaliser le canap\u00e9 en fonction de votre style de vie et de votre d\u00e9cor.<\/p>\n<p><strong>Q\u00a0: Quelles sont les dimensions du canap\u00e9 Arianne Plus\u00a0?<\/strong><br \/>A\u00a0: La hauteur du si\u00e8ge est de 33 cm (12,99 po), avec une profondeur totale de 100 cm (39,37 po) et une hauteur totale de 80 cm (31,5 po). Les dimensions varient en fonction de la configuration modulaire.<\/p>\n<p> <svg xmlns=\"http:\/\/www.w3.org\/2000\/svg\"><path d=\"M416 208H272V64c0-17.67-14.33-32-32-32h-32c-17.67 0-32 14.33-32 32v144H32c-17.67 0-32 14.33-32 32v32c0 17.67 14.33 32 32 32h144v144c0 17.67 14.33 32 32 32h32c17.67 0 32-14.33 32-32V304h144c17.67 0 32-14.33 32-32v-32c0-17.67-14.33-32-32-32z\"><\/chemin><\/svg><br \/>\n <svg xmlns=\"http:\/\/www.w3.org\/2000\/svg\"><chemin d=\"M416 208H32c-17.67 0-32 14.33-32 32v32c0 17.67 14.33 32 32 32h384c17.67 0 32-14.33 32-32v-32c0-17.67-14.33-32-32-32z\"><\/path><\/svg><br \/>\n <a>Options du produit<\/a><\/p>\n<p>Le canap\u00e9 Arianne Plus est une \u00e9volution sophistiqu\u00e9e du canap\u00e9 Arianne Love. Il conserve la m\u00eame conception modulaire, offrant la flexibilit\u00e9 n\u00e9cessaire pour cr\u00e9er votre disposition parfaite des si\u00e8ges. Ce qui le distingue, ce sont ses couvercles de base amovibles, qui facilitent le nettoyage et l&rsquo;entretien tout en conservant son look discret et d\u00e9contract\u00e9. <a href=\"https:\/\/famaliving.ca\/blog\/experience-the-modular-sofa-arianne-love-pure-comfort\/\">Lire la suite<\/a><\/p>\n","protected":false},"excerpt":{"rendered":"<p>Pr\u00e9sentation d&rsquo;Arianne Plus : une am\u00e9lioration de notre best-seller, le canap\u00e9 modulable Arianne Love, d\u00e9sormais avec rev\u00eatements amovibles, r\u00e9pondant \u00e0 une demande de longue date de nos clients.<\/p>\n","protected":false},"featured_media":36627,"template":"","meta":{"_acf_changed":false,"site-sidebar-layout":"default","site-content-layout":"","ast-site-content-layout":"default","site-content-style":"default","site-sidebar-style":"default","ast-global-header-display":"","ast-banner-title-visibility":"","ast-main-header-display":"","ast-hfb-above-header-display":"","ast-hfb-below-header-display":"","ast-hfb-mobile-header-display":"","site-post-title":"","ast-breadcrumbs-content":"","ast-featured-img":"","footer-sml-layout":"","ast-disable-related-posts":"","theme-transparent-header-meta":"default","adv-header-id-meta":"","stick-header-meta":"default","header-above-stick-meta":"","header-main-stick-meta":"","header-below-stick-meta":"","astra-migrate-meta-layouts":"set","ast-page-background-enabled":"default","ast-page-background-meta":{"desktop":{"background-color":"var(--ast-global-color-4)","background-image":"","background-repeat":"repeat","background-position":"center center","background-size":"auto","background-attachment":"scroll","background-type":"","background-media":"","overlay-type":"","overlay-color":"","overlay-opacity":"","overlay-gradient":""},"tablet":{"background-color":"","background-image":"","background-repeat":"repeat","background-position":"center center","background-size":"auto","background-attachment":"scroll","background-type":"","background-media":"","overlay-type":"","overlay-color":"","overlay-opacity":"","overlay-gradient":""},"mobile":{"background-color":"","background-image":"","background-repeat":"repeat","background-position":"center center","background-size":"auto","background-attachment":"scroll","background-type":"","background-media":"","overlay-type":"","overlay-color":"","overlay-opacity":"","overlay-gradient":""}},"ast-content-background-meta":{"desktop":{"background-color":"var(--ast-global-color-5)","background-image":"","background-repeat":"repeat","background-position":"center center","background-size":"auto","background-attachment":"scroll","background-type":"","background-media":"","overlay-type":"","overlay-color":"","overlay-opacity":"","overlay-gradient":""},"tablet":{"background-color":"var(--ast-global-color-5)","background-image":"","background-repeat":"repeat","background-position":"center center","background-size":"auto","background-attachment":"scroll","background-type":"","background-media":"","overlay-type":"","overlay-color":"","overlay-opacity":"","overlay-gradient":""},"mobile":{"background-color":"var(--ast-global-color-5)","background-image":"","background-repeat":"repeat","background-position":"center center","background-size":"auto","background-attachment":"scroll","background-type":"","background-media":"","overlay-type":"","overlay-color":"","overlay-opacity":"","overlay-gradient":""}}},"product_brand":[],"product_cat":[77],"product_tag":[79,81],"class_list":{"0":"post-40664","1":"product","2":"type-product","3":"status-publish","4":"has-post-thumbnail","6":"product_cat-canape","7":"product_tag-a-partir-de","8":"product_tag-moderne","9":"desktop-align-center","10":"tablet-align-left","11":"mobile-align-left","13":"first","14":"instock","15":"sold-individually","16":"shipping-taxable","17":"purchasable","18":"product-type-variable"},"acf":[],"_links":{"self":[{"href":"https:\/\/famaliving.ca\/fr\/wp-json\/wp\/v2\/product\/40664","targetHints":{"allow":["GET"]}}],"collection":[{"href":"https:\/\/famaliving.ca\/fr\/wp-json\/wp\/v2\/product"}],"about":[{"href":"https:\/\/famaliving.ca\/fr\/wp-json\/wp\/v2\/types\/product"}],"version-history":[{"count":1,"href":"https:\/\/famaliving.ca\/fr\/wp-json\/wp\/v2\/product\/40664\/revisions"}],"predecessor-version":[{"id":41596,"href":"https:\/\/famaliving.ca\/fr\/wp-json\/wp\/v2\/product\/40664\/revisions\/41596"}],"wp:featuredmedia":[{"embeddable":true,"href":"https:\/\/famaliving.ca\/fr\/wp-json\/wp\/v2\/media\/36627"}],"wp:attachment":[{"href":"https:\/\/famaliving.ca\/fr\/wp-json\/wp\/v2\/media?parent=40664"}],"wp:term":[{"taxonomy":"product_brand","embeddable":true,"href":"https:\/\/famaliving.ca\/fr\/wp-json\/wp\/v2\/product_brand?post=40664"},{"taxonomy":"product_cat","embeddable":true,"href":"https:\/\/famaliving.ca\/fr\/wp-json\/wp\/v2\/product_cat?post=40664"},{"taxonomy":"product_tag","embeddable":true,"href":"https:\/\/famaliving.ca\/fr\/wp-json\/wp\/v2\/product_tag?post=40664"}],"curies":[{"name":"wp","href":"https:\/\/api.w.org\/{rel}","templated":true}]}}