{"id":41206,"date":"2025-04-29T12:07:36","date_gmt":"2025-04-29T16:07:36","guid":{"rendered":"https:\/\/famaliving.ca\/product\/canape-modulaire-inclinable-atlanta\/"},"modified":"2025-04-29T15:05:27","modified_gmt":"2025-04-29T19:05:27","slug":"canape-modulaire-inclinable-atlanta","status":"publish","type":"product","link":"https:\/\/famaliving.ca\/fr\/produit\/canape-modulaire-inclinable-atlanta\/","title":{"rendered":"Canap\u00e9 modulaire inclinable Atlanta"},"content":{"rendered":"<p>\/*! elementor &#8211; v3.19.0 &#8211; 28-02-2024 *\/<\/p>\n<p>.elementor-accordion{text-align:left}.elementor-accordion .elementor-accordion-item{border:1px solid #d5d8dc}.elementor-accordion .elementor-accordion-item+.elementor-accordion-item{border-top:none}.elementor-accordion .elementor-tab-title{margin:0;padding:15px 20px;font-weight:700;line-height:1;cursor:pointer;outline:none}.elementor-accordion .elementor-tab-title .elementor-accordion-icon{display:inline-block;width:1.5em}.elementor-accordion .elementor-tab-title .elementor-accordion-icon svg{largeur:1em;height:1em}.elementor-accordion .elementor-tab-title .elementor-accordion-icon.elementor-accordion-icon-right{float:right;text-align:right}.elementor-accordion .elementor-tab-title .elementor-accordion-icon.elementor-accordion-icon-left{float:left;text-align:left}.elementor-accordion .elementor-tab-title .elementor-accordion-icon .elementor-accordion-icon-closed{display:block}.elementor-accordion .elementor-tab-title .elementor-accordion-icon .elementor-accordion-icon-opened,.elementor-accordion .elementor-tab-title.elementor-active .elementor-accordion-icon-closed{display:none}.elementor-accordion .elementor-tab-title.elementor-active .elementor-accordion-icon-opened{display:block}.elementor-accordion .elementor-tab-content{display:none;padding:15px 20px;border-top:1px solid #d5d8dc}@media (largeur maximale\u00a0: 767px){.elementor-accordion .elementor-tab-title{padding:12px 15px}.elementor-accordion .elementor-tab-title .elementor-accordion-icon{largeur:1.2em}.elementor-accordion .elementor-tab-content{padding:7px 15px}}.e-con-inner&gt;.elementor-widget-accordion,.e-con&gt;.elementor-widget-accordion{width:var(&#8211;container-widget-width);&#8211;flex-grow:var(&#8211;container-widget-flex-grow)} <\/p>\n<p> <a>Configuration et T\u00e9l\u00e9chargements<\/a><\/p>\n<p> T\u00e9l\u00e9chargez la documentation technique\u00a0: sch\u00e9mas, mesures, d\u00e9tails techniques, brochures et manuels.<\/p>\n<ul>\n<li><a href=\"https:\/\/famaliving.ca\/wp-content\/uploads\/sites\/29\/Atlanta-Schematics-Famaliving-Montreal.pdf\" target=\"_blank\" rel=\"noopener noreferrer\">Atlanta &#8211; Sch\u00e9mas<\/a><\/li>\n<li><a href=\"https:\/\/famaliving.ca\/wp-content\/uploads\/sites\/29\/Atlanta-Technical-Details-Famaliving-Montreal.pdf\" target=\"_blank\" rel=\"noopener noreferrer\">Atlanta &#8211; D\u00e9tails techniques<\/a><\/li>\n<li><a href=\"https:\/\/famaliving.ca\/wp-content\/uploads\/sites\/29\/Atlanta-Assembly-instructions-Famaliving-Montreal.pdf\" target=\"_blank\" rel=\"noopener noreferrer\">Atlanta &#8211; Instructions d&rsquo;assemblage<\/a><\/li>\n<li><a href=\"https:\/\/famaliving.ca\/wp-content\/uploads\/sites\/29\/Atlanta-Brochure-Famaliving-Montreal.pdf\" target=\"_blank\" rel=\"noopener noreferrer\">Atlanta \u2013 Brochure<\/a><\/li>\n<li><a href=\"https:\/\/famaliving.ca\/wp-content\/uploads\/sites\/29\/Atlanta-TrainingBook-HomeCollection2021-Atlanta-Baltia-XL-Famaliving-Montreal.pdf\" target=\"_blank\" rel=\"noopener noreferrer\">TrainingBook-HomeCollection2021-Atlanta-Baltia-XL<\/a><\/li>\n<li><a href=\"https:\/\/famaliving.ca\/wp-content\/uploads\/sites\/29\/Atlanta-TrainingBook-HomeCollection2021-Programa-Relax-Total-Famaliving-Montreal.pdf\" target=\"_blank\" rel=\"noopener noreferrer\">TrainingBook-HomeCollection2021-Programa-Relax-Total<\/a><\/li>\n<li><a href=\"https:\/\/famaliving.ca\/wp-content\/uploads\/sites\/29\/Atlanta-TrainingBook-HomeCollection2021-Open-Smart-system-Famaliving-Montreal.pdf\" target=\"_blank\" rel=\"noopener noreferrer\">TrainingBook-HomeCollection2021-Open-Smart-system<\/a><\/li>\n<li><a href=\"https:\/\/famaliving.ca\/wp-content\/uploads\/sites\/29\/Atlanta-Instructions-Famaliving-Montreal.pdf\" target=\"_blank\" rel=\"noopener noreferrer\">Cliquez pour rejoindre \u2013 Instructions<\/a><\/li>\n<\/ul>\n<p><strong>Explorez la configurabilit\u00e9 d&rsquo;Atlanta avec notre <a href=\"\/fr\/3d\/\" target=\"_blank\" rel=\"noopener\">Simulation de conception 3D&gt;&gt;<\/a><\/strong><\/p>\n<p> <a>\u00c0 propos du produit<\/a><\/p>\n<p>Pr\u00e9sentation d&rsquo;Atlanta, notre tout nouveau canap\u00e9 inclinable modulaire. S&rsquo;appuyant sur l&rsquo;incroyable succ\u00e8s d&rsquo;Avalon, acclam\u00e9 comme \u00ab le canap\u00e9 le plus confortable au monde \u00bb, notre objectif \u00e9tait de cr\u00e9er un fauteuil inclinable qui allie un confort in\u00e9gal\u00e9 \u00e0 un design moderne. S&rsquo;\u00e9loignant des dossiers hauts encombrants habituels, souvent difficiles \u00e0 int\u00e9grer dans les espaces de vie contemporains, Atlanta et son homologue Baltia partagent le syst\u00e8me de si\u00e8ge exceptionnel d&rsquo;Avalon, assurant une longueur et un confort in\u00e9gal\u00e9s. Atlanta propose des housses amovibles pour ses coussins de si\u00e8ge, garantissant une facilit\u00e9 de lavage. En privil\u00e9giant la s\u00e9curit\u00e9, nous avons discr\u00e8tement dissimul\u00e9 les boutons tactiles pour cr\u00e9er un environnement s\u00e9curis\u00e9, particuli\u00e8rement b\u00e9n\u00e9fique pour les m\u00e9nages avec enfants. Apr\u00e8s plus d&rsquo;un an de recherche et de conception d\u00e9di\u00e9es, Atlanta a \u00e9t\u00e9 con\u00e7ue pour introduire une fonctionnalit\u00e9 innovante\u00a0: un dossier adaptable qui passe facilement de bas en haut en un instant. M\u00e9ticuleusement con\u00e7u, un m\u00e9canisme astucieux cache un appui-t\u00eate dans un dossier conventionnel, permettant une \u00e9l\u00e9vation rapide selon les besoins. Cette conception r\u00e9volutionnaire offre le confort des fauteuils inclinables traditionnels sans compromettre l&rsquo;esth\u00e9tique. Atlanta incarne une esth\u00e9tique moderne et contemporaine qui remet en question l&rsquo;apparence typique des canap\u00e9s inclinables. Son design \u00e9l\u00e9gant dissimule intelligemment sa fonctionnalit\u00e9, pr\u00e9sentant une pi\u00e8ce sophistiqu\u00e9e qui se fond sans effort dans n&rsquo;importe quel espace de vie, capturant l&rsquo;essence du confort et du style sans sacrifier l&rsquo;attrait visuel.<\/p>\n<p> <a>Options du produit<\/a><\/p>\n<p> <strong>Compte tenu de la grande polyvalence et des nombreuses options de personnalisation disponibles pour ce meuble, nous vous conseillons de vous connecter et d&rsquo;utiliser le bouton \u00ab\u00a0Ajouter au devis\u00a0\u00bb.<\/strong><\/p>\n<ul>\n<li>Disponible en tissu ou en cuir.<\/li>\n<li>Diff\u00e9rentes largeurs d&rsquo;assise disponibles\u00a0: 61 cm, 75 cm, 90 cm.<\/li>\n<li>Diff\u00e9rents styles d&rsquo;accoudoirs.<\/li>\n<li>Diff\u00e9rents styles de pieds d&rsquo;accoudoirs.<\/li>\n<\/ul>\n","protected":false},"excerpt":{"rendered":"<p>Atlanta est un canap\u00e9 inclinable modulable. Notre objectif \u00e9tait de combiner un confort in\u00e9gal\u00e9 avec un design moderne, en nous \u00e9loignant des dossiers hauts encombrants. Atlanta dispose d&rsquo;un syst\u00e8me de si\u00e8ge exceptionnel assurant une longueur et un confort in\u00e9gal\u00e9s. Les couvercles amovibles d&rsquo;Atlanta facilitent le nettoyage et les boutons tactiles dissimul\u00e9s donnent la priorit\u00e9 \u00e0 la s\u00e9curit\u00e9, ce qui est parfait pour les m\u00e9nages avec enfants. M\u00e9ticuleusement con\u00e7u, un appui-t\u00eate cach\u00e9 dans le dossier conventionnel permet une \u00e9l\u00e9vation rapide sans compromettre l&rsquo;esth\u00e9tique. Le design \u00e9l\u00e9gant d&rsquo;Atlanta remet en question l&rsquo;apparence typique des fauteuils inclinables, int\u00e9grant sans effort confort et style dans n&rsquo;importe quel espace de vie.<\/p>\n","protected":false},"featured_media":36799,"template":"","meta":{"_acf_changed":false,"site-sidebar-layout":"default","site-content-layout":"","ast-site-content-layout":"default","site-content-style":"default","site-sidebar-style":"default","ast-global-header-display":"","ast-banner-title-visibility":"","ast-main-header-display":"","ast-hfb-above-header-display":"","ast-hfb-below-header-display":"","ast-hfb-mobile-header-display":"","site-post-title":"","ast-breadcrumbs-content":"","ast-featured-img":"","footer-sml-layout":"","ast-disable-related-posts":"","theme-transparent-header-meta":"default","adv-header-id-meta":"","stick-header-meta":"default","header-above-stick-meta":"","header-main-stick-meta":"","header-below-stick-meta":"","astra-migrate-meta-layouts":"set","ast-page-background-enabled":"default","ast-page-background-meta":{"desktop":{"background-color":"var(--ast-global-color-4)","background-image":"","background-repeat":"repeat","background-position":"center center","background-size":"auto","background-attachment":"scroll","background-type":"","background-media":"","overlay-type":"","overlay-color":"","overlay-opacity":"","overlay-gradient":""},"tablet":{"background-color":"","background-image":"","background-repeat":"repeat","background-position":"center center","background-size":"auto","background-attachment":"scroll","background-type":"","background-media":"","overlay-type":"","overlay-color":"","overlay-opacity":"","overlay-gradient":""},"mobile":{"background-color":"","background-image":"","background-repeat":"repeat","background-position":"center center","background-size":"auto","background-attachment":"scroll","background-type":"","background-media":"","overlay-type":"","overlay-color":"","overlay-opacity":"","overlay-gradient":""}},"ast-content-background-meta":{"desktop":{"background-color":"var(--ast-global-color-5)","background-image":"","background-repeat":"repeat","background-position":"center center","background-size":"auto","background-attachment":"scroll","background-type":"","background-media":"","overlay-type":"","overlay-color":"","overlay-opacity":"","overlay-gradient":""},"tablet":{"background-color":"var(--ast-global-color-5)","background-image":"","background-repeat":"repeat","background-position":"center center","background-size":"auto","background-attachment":"scroll","background-type":"","background-media":"","overlay-type":"","overlay-color":"","overlay-opacity":"","overlay-gradient":""},"mobile":{"background-color":"var(--ast-global-color-5)","background-image":"","background-repeat":"repeat","background-position":"center center","background-size":"auto","background-attachment":"scroll","background-type":"","background-media":"","overlay-type":"","overlay-color":"","overlay-opacity":"","overlay-gradient":""}}},"product_brand":[],"product_cat":[77],"product_tag":[79,81],"class_list":{"0":"post-41206","1":"product","2":"type-product","3":"status-publish","4":"has-post-thumbnail","6":"product_cat-canape","7":"product_tag-a-partir-de","8":"product_tag-moderne","9":"desktop-align-center","10":"tablet-align-left","11":"mobile-align-left","13":"first","14":"instock","15":"sold-individually","16":"shipping-taxable","17":"purchasable","18":"product-type-variable"},"acf":[],"_links":{"self":[{"href":"https:\/\/famaliving.ca\/fr\/wp-json\/wp\/v2\/product\/41206","targetHints":{"allow":["GET"]}}],"collection":[{"href":"https:\/\/famaliving.ca\/fr\/wp-json\/wp\/v2\/product"}],"about":[{"href":"https:\/\/famaliving.ca\/fr\/wp-json\/wp\/v2\/types\/product"}],"version-history":[{"count":1,"href":"https:\/\/famaliving.ca\/fr\/wp-json\/wp\/v2\/product\/41206\/revisions"}],"predecessor-version":[{"id":41594,"href":"https:\/\/famaliving.ca\/fr\/wp-json\/wp\/v2\/product\/41206\/revisions\/41594"}],"wp:featuredmedia":[{"embeddable":true,"href":"https:\/\/famaliving.ca\/fr\/wp-json\/wp\/v2\/media\/36799"}],"wp:attachment":[{"href":"https:\/\/famaliving.ca\/fr\/wp-json\/wp\/v2\/media?parent=41206"}],"wp:term":[{"taxonomy":"product_brand","embeddable":true,"href":"https:\/\/famaliving.ca\/fr\/wp-json\/wp\/v2\/product_brand?post=41206"},{"taxonomy":"product_cat","embeddable":true,"href":"https:\/\/famaliving.ca\/fr\/wp-json\/wp\/v2\/product_cat?post=41206"},{"taxonomy":"product_tag","embeddable":true,"href":"https:\/\/famaliving.ca\/fr\/wp-json\/wp\/v2\/product_tag?post=41206"}],"curies":[{"name":"wp","href":"https:\/\/api.w.org\/{rel}","templated":true}]}}