{"id":41207,"date":"2024-03-24T12:32:22","date_gmt":"2024-03-24T16:32:22","guid":{"rendered":"https:\/\/famaliving.ca\/product\/canape-modulable-inclinable-baltia\/"},"modified":"2025-04-29T15:05:48","modified_gmt":"2025-04-29T19:05:48","slug":"canape-modulable-inclinable-baltia","status":"publish","type":"product","link":"https:\/\/famaliving.ca\/fr\/produit\/canape-modulable-inclinable-baltia\/","title":{"rendered":"Canap\u00e9 modulable inclinable Baltia"},"content":{"rendered":"<p><svg viewBox=\"0 0 448 512\" xmlns=\"http:\/\/www.w3.org\/2000\/svg\"><path d=\"M416 208H272V64c0-17.67-14.33-32-32-32h-32c-17.67 0-32 14.33-32 32v144H32c-17.67 0-32 14.33-32 32v32c0 17.67 14.33 32 32 32h144v144c0 17.67 14.33 32 32 32h32c17.67 0 32-14.33 32-32V304h144c17.67 0 32-14.33 32-32v-32c0-17.67-14.33-32-32-32z\"><\/path><\/svg><br \/>\n <svg viewBox=\"0 0 448 512\" xmlns=\"http:\/\/www.w3.org\/2000\/svg\"><chemin d=\"M416 208H32c-17.67 0-32 14.33-32 32v32c0 17.67 14.33 32 32 32h384c17.67 0 32-14.33 32-32v-32c0-17.67-14.33-32-32-32z\"><\/path><\/svg><br \/>\n <a tabindex=\"0\">Configuration et t\u00e9l\u00e9chargements<\/a><br \/>\n T\u00e9l\u00e9chargez la documentation technique\u00a0: sch\u00e9mas, mesures, d\u00e9tails techniques, brochures et manuels.<\/p>\n<ul>\n<li><a href=\"https:\/\/famaliving.ca\/wp-content\/uploads\/sites\/29\/Baltia-Technical-Details-Famaliving-Montreal.pdf\" target=\"_blank\" rel=\"noopener noreferrer\">Baltia &#8211; D\u00e9tails techniques<\/a><\/li>\n<li><a href=\"https:\/\/famaliving.ca\/wp-content\/uploads\/sites\/29\/Baltia-Assembly-instructions-Famaliving-Montreal.pdf\" target=\"_blank\" rel=\"noopener noreferrer\">Baltia &#038;#8211\u00a0; Instructions d&rsquo;assemblage<\/a><\/li>\n<li><a href=\"https:\/\/famaliving.ca\/wp-content\/uploads\/sites\/29\/Baltia-Brochure-Famaliving-Montreal.pdf\" target=\"_blank\" rel=\"noopener noreferrer\">Baltia \u2013 Brochure<\/a><\/li>\n<li><a href=\"https:\/\/famaliving.ca\/wp-content\/uploads\/sites\/29\/Baltia-TrainingBook-HomeCollection2021-Atlanta-Baltia-XL-Famaliving-Montreal.pdf\" target=\"_blank\" rel=\"noopener noreferrer\">TrainingBook-HomeCollection2021-Atlanta-Baltia-XL<\/a><\/li>\n<li><a href=\"https:\/\/famaliving.ca\/wp-content\/uploads\/sites\/29\/Baltia-TrainingBook-HomeCollection2021-Programa-Relax-Total-Famaliving-Montreal.pdf\" target=\"_blank\" rel=\"noopener noreferrer\">TrainingBook-HomeCollection2021-Programa-Relax-Total<\/a><\/li>\n<li><a href=\"https:\/\/famaliving.ca\/wp-content\/uploads\/sites\/29\/Baltia-TrainingBook-HomeCollection2021-Open-Smart-system-Famaliving-Montreal.pdf\" target=\"_blank\" rel=\"noopener noreferrer\">TrainingBook-HomeCollection2021-Open-Smart-system<\/a><\/li>\n<li><a href=\"https:\/\/famaliving.ca\/wp-content\/uploads\/sites\/29\/Baltia-Instructions-Famaliving-Montreal.pdf\" target=\"_blank\" rel=\"noopener noreferrer\">Cliquez pour rejoindre \u2013 Instructions<\/a><\/li>\n<\/ul>\n<p><strong>Explorez la configurabilit\u00e9 de Baltia avec notre <a href=\"\/fr\/3d\/\" target=\"_blank\" rel=\"noopener\">Simulation de conception 3D&gt;&gt;<\/a><\/strong><br \/>\n <svg viewBox=\"0 0 448 512\" xmlns=\"http:\/\/www.w3.org\/2000\/svg\"><path d=\"M416 208H272V64c0-17,67-14,33-32-32-32h-32c-17,67 0-32 14,33-32 32v144H32c-17,67 0-32 14,33-32 32v32c0 17,67 14,33 32 32 32h144v144c0 17,67 14,33 32 32 32h32c17,67 0 32-14,33 32-32V304h144c17,67 0 32-14,33 32-32v-32c0-17.67-14.33-32-32-32z\"><\/chemin><\/svg><br \/>\n <svg viewBox=\"0 0 448 512\" xmlns=\"http:\/\/www.w3.org\/2000\/svg\"><chemin d=\"M416 208H32c-17.67 0-32 14.33-32 32v32c0 17.67 14.33 32 32 32h384c17.67 0 32-14.33 32-32v-32c0-17.67-14.33-32-32-32z\"><\/path><\/svg><br \/>\n <a tabindex=\"0\">\u00c0 propos de Produit<\/a><\/p>\n<p><strong>Canap\u00e9 modulaire inclinable Baltia<\/strong><\/p>\n<p><strong>Q\u00a0: Qu&rsquo;est-ce que le canap\u00e9 modulaire inclinable Baltia\u00a0?<\/strong><br \/>R\u00a0: Le Baltia est le dernier ajout \u00e0 la gamme de canap\u00e9s inclinables modulaires de Fama. Cette collection offre une vari\u00e9t\u00e9 de composants modulaires, notamment des modules standard, d&rsquo;angle et de m\u00e9ridienne, vous permettant de cr\u00e9er une configuration sectionnelle id\u00e9ale. Ses coutures d&rsquo;appui-t\u00eate assurent un dossier lisse en position verticale et inclin\u00e9e.<\/p>\n<p><strong>Q : Quelles configurations sont disponibles pour le canap\u00e9 modulaire inclinable Baltia ?<\/strong><br \/>A : Le Baltia est disponible en modules rectangulaires qui peuvent \u00eatre fixes ou inclinables.<\/p>\n<p><strong>Q : Le canap\u00e9 modulaire inclinable Baltia est-il disponible en fauteuil ?<\/strong><br \/>A : Oui, le Baltia est disponible en fauteuil. fauteuil.<\/p>\n<p><strong>Q\u00a0: Puis-je personnaliser le canap\u00e9 modulaire inclinable Baltia avec des fonctionnalit\u00e9s suppl\u00e9mentaires\u00a0?<\/strong><br \/>A\u00a0: Oui, vous pouvez inclure des coussins de dossier et lombaires, et des options d&rsquo;inclinaison aliment\u00e9es par batterie sont disponibles.<\/p>\n<p><strong>Q\u00a0: Quelles sont les dimensions du canap\u00e9 modulaire inclinable Baltia\u00a0?<\/strong><br \/>A\u00a0: La hauteur du si\u00e8ge est de 48 cm, avec une profondeur totale de 95 cm et une hauteur totale de 86 cm.<\/p>\n<p><strong>Q\u00a0: Quelles sont les options de pieds et d&rsquo;accoudoirs pour le canap\u00e9 modulaire inclinable Baltia\u00a0?<\/strong><br \/>R\u00a0: Le Baltia propose six options de pieds (Wave, Dune, Jazz, Sunset, Babylon et Cali). Le pied par d\u00e9faut est gris anthracite, mais d&rsquo;autres choix incluent \u00ab\u00a0Z\u00a0\u00bb\u00a0; pieds en m\u00e9tal anthracite, &#8220;Y&#8221; pieds en bois naturel, noyer ou weng\u00e9, et &#8220;O&#8221; pieds en m\u00e9tal chrom\u00e9 ou anthracite.<\/p>\n<p><strong>Q\u00a0: Y a-t-il des augmentations de prix pour la personnalisation\u00a0?<\/strong><br \/>R\u00a0: Oui, des augmentations de prix s&rsquo;appliquent pour les options aliment\u00e9es par batterie.<\/p>\n<p><strong>Q\u00a0: Y a-t-il des d\u00e9tails uniques sur le canap\u00e9 modulaire inclinable Baltia\u00a0?<\/strong><br \/>A\u00a0: Le type de pieds disponibles change en fonction de l&rsquo;option d&rsquo;accoudoir choisie.<\/p>\n<p> <svg viewBox=\"0 0 448 512\" xmlns=\"http:\/\/www.w3.org\/2000\/svg\"><chemin d=\"M416 208H272V64c0-17.67-14.33-32-32-32h-32c-17.67 0-32 14.33-32 32v144H32c-17.67 0-32 14.33-32 32v32c0 17.67 14.33 32 32 32h144v144c0 17.67 14.33 32 32 32h32c17.67 0 32-14.33 32-32V304h144c17.67 0 32-14.33 32-32v-32c0-17.67-14.33-32-32-32z\"><\/path><\/svg><br \/>\n <svg viewBox=\"0 0 448 512\" xmlns=\"http:\/\/www.w3.org\/2000\/svg\"><path d=\"M416 208H32c-17.67 0-32 14.33-32 32v32c0 17.67 14.33 32 32 32h384c17.67 0 32-14.33 32-32v-32c0-17.67-14.33-32-32-32z\"><\/path><\/svg><br \/>\n <a tabindex=\"0\">Options du produit<\/a><br \/>\n <strong>Compte tenu de la grande polyvalence et des nombreuses options de personnalisation disponibles pour ce meuble, nous vous conseillons de vous connecter et d&rsquo;utiliser le bouton \u00ab\u00a0Ajouter au devis\u00a0\u00bb.<\/strong><\/p>\n<ul>\n<li>Disponible en tissu ou en cuir.<\/li>\n<li>Diff\u00e9rentes largeurs d&rsquo;assise disponibles\u00a0: 61 cm, 75 cm, 90 cm.<\/li>\n<li>Diff\u00e9rents styles de accoudoirs.<\/li>\n<li>Diff\u00e9rents styles de pieds d&rsquo;accoudoirs.<\/li>\n<\/ul>\n","protected":false},"excerpt":{"rendered":"<p>Pr\u00e9sentation de Baltia, la derni\u00e8re inclusion de notre gamme de canap\u00e9s inclinables modulaires. Le design du canap\u00e9 inclinable Baltia se distingue par une s\u00e9lection vari\u00e9e de composants modulaires<\/p>\n","protected":false},"featured_media":36987,"template":"","meta":{"_acf_changed":false,"site-sidebar-layout":"no-sidebar","site-content-layout":"plain-container","ast-site-content-layout":"normal-width-container","site-content-style":"unboxed","site-sidebar-style":"unboxed","ast-global-header-display":"","ast-banner-title-visibility":"","ast-main-header-display":"","ast-hfb-above-header-display":"","ast-hfb-below-header-display":"","ast-hfb-mobile-header-display":"","site-post-title":"disabled","ast-breadcrumbs-content":"","ast-featured-img":"disabled","footer-sml-layout":"","ast-disable-related-posts":"","theme-transparent-header-meta":"default","adv-header-id-meta":"","stick-header-meta":"default","header-above-stick-meta":"","header-main-stick-meta":"","header-below-stick-meta":"","astra-migrate-meta-layouts":"set","ast-page-background-enabled":"default","ast-page-background-meta":{"desktop":{"background-color":"var(--ast-global-color-4)","background-image":"","background-repeat":"repeat","background-position":"center center","background-size":"auto","background-attachment":"scroll","background-type":"","background-media":"","overlay-type":"","overlay-color":"","overlay-opacity":"","overlay-gradient":""},"tablet":{"background-color":"","background-image":"","background-repeat":"repeat","background-position":"center center","background-size":"auto","background-attachment":"scroll","background-type":"","background-media":"","overlay-type":"","overlay-color":"","overlay-opacity":"","overlay-gradient":""},"mobile":{"background-color":"","background-image":"","background-repeat":"repeat","background-position":"center center","background-size":"auto","background-attachment":"scroll","background-type":"","background-media":"","overlay-type":"","overlay-color":"","overlay-opacity":"","overlay-gradient":""}},"ast-content-background-meta":{"desktop":{"background-color":"var(--ast-global-color-5)","background-image":"","background-repeat":"repeat","background-position":"center center","background-size":"auto","background-attachment":"scroll","background-type":"","background-media":"","overlay-type":"","overlay-color":"","overlay-opacity":"","overlay-gradient":""},"tablet":{"background-color":"var(--ast-global-color-5)","background-image":"","background-repeat":"repeat","background-position":"center center","background-size":"auto","background-attachment":"scroll","background-type":"","background-media":"","overlay-type":"","overlay-color":"","overlay-opacity":"","overlay-gradient":""},"mobile":{"background-color":"var(--ast-global-color-5)","background-image":"","background-repeat":"repeat","background-position":"center center","background-size":"auto","background-attachment":"scroll","background-type":"","background-media":"","overlay-type":"","overlay-color":"","overlay-opacity":"","overlay-gradient":""}}},"product_brand":[],"product_cat":[77],"product_tag":[79,81],"class_list":{"0":"post-41207","1":"product","2":"type-product","3":"status-publish","4":"has-post-thumbnail","6":"product_cat-canape","7":"product_tag-a-partir-de","8":"product_tag-moderne","9":"desktop-align-center","10":"tablet-align-left","11":"mobile-align-left","13":"first","14":"instock","15":"sold-individually","16":"shipping-taxable","17":"purchasable","18":"product-type-variable"},"acf":[],"_links":{"self":[{"href":"https:\/\/famaliving.ca\/fr\/wp-json\/wp\/v2\/product\/41207","targetHints":{"allow":["GET"]}}],"collection":[{"href":"https:\/\/famaliving.ca\/fr\/wp-json\/wp\/v2\/product"}],"about":[{"href":"https:\/\/famaliving.ca\/fr\/wp-json\/wp\/v2\/types\/product"}],"version-history":[{"count":1,"href":"https:\/\/famaliving.ca\/fr\/wp-json\/wp\/v2\/product\/41207\/revisions"}],"predecessor-version":[{"id":41593,"href":"https:\/\/famaliving.ca\/fr\/wp-json\/wp\/v2\/product\/41207\/revisions\/41593"}],"wp:featuredmedia":[{"embeddable":true,"href":"https:\/\/famaliving.ca\/fr\/wp-json\/wp\/v2\/media\/36987"}],"wp:attachment":[{"href":"https:\/\/famaliving.ca\/fr\/wp-json\/wp\/v2\/media?parent=41207"}],"wp:term":[{"taxonomy":"product_brand","embeddable":true,"href":"https:\/\/famaliving.ca\/fr\/wp-json\/wp\/v2\/product_brand?post=41207"},{"taxonomy":"product_cat","embeddable":true,"href":"https:\/\/famaliving.ca\/fr\/wp-json\/wp\/v2\/product_cat?post=41207"},{"taxonomy":"product_tag","embeddable":true,"href":"https:\/\/famaliving.ca\/fr\/wp-json\/wp\/v2\/product_tag?post=41207"}],"curies":[{"name":"wp","href":"https:\/\/api.w.org\/{rel}","templated":true}]}}