{"id":41208,"date":"2025-04-29T12:07:39","date_gmt":"2025-04-29T16:07:39","guid":{"rendered":"https:\/\/famaliving.ca\/product\/canape-modulable-inclinable-babylon\/"},"modified":"2025-04-29T15:05:41","modified_gmt":"2025-04-29T19:05:41","slug":"canape-modulable-inclinable-babylon","status":"publish","type":"product","link":"https:\/\/famaliving.ca\/fr\/produit\/canape-modulable-inclinable-babylon\/","title":{"rendered":"Canap\u00e9 modulable inclinable Babylon"},"content":{"rendered":"<p><svg xmlns=\"http:\/\/www.w3.org\/2000\/svg\"><path d=\"M416 208H272V64c0-17.67-14.33-32-32-32h-32c-17.67 0-32 14.33-32 32v144H32c-17.67 0-32 14.33-32 32v32c0 17.67 14.33 32 32 32h144v144c0 17.67 14.33 32 32 32h32c17.67 0 32-14.33 32-32V304h144c17.67 0 32-14.33 32-32v-32c0-17.67-14.33-32-32-32z\"><\/path><\/svg><br \/>\n <svg xmlns=\"http:\/\/www.w3.org\/2000\/svg\"><path d=\"M416 208H32c-17.67 0-32 14.33-32 32v32c0 17.67 14.33 32 32 32h384c17.67 0 32-14.33 32-32v-32c0-17.67-14.33-32-32-32z\"><\/path><\/svg><br \/>\n <a>Configuration et t\u00e9l\u00e9chargements<\/a><br \/>\n T\u00e9l\u00e9chargez la documentation technique : sch\u00e9mas, mesures, d\u00e9tails techniques, brochures et manuels.<\/p>\n<ul>\n<li><a href=\"https:\/\/famaliving.ca\/wp-content\/uploads\/sites\/29\/Babylon-Data-sheet-Famaliving-Montreal.pdf\" target=\"_blank\" rel=\"noopener noreferrer\">Babylon &#038;#8211\u00a0; Fiche technique<\/a><\/li>\n<li><a href=\"https:\/\/famaliving.ca\/wp-content\/uploads\/sites\/29\/Babylon-Sketch-Famaliving-Montreal.pdf\" target=\"_blank\" rel=\"noopener noreferrer\">Babylone &#8211; Sketch<\/a><\/li>\n<\/ul>\n<p><strong>Explorez la configurabilit\u00e9 de Babylon avec notre <a href=\"\/fr\/3d\/\" target=\"_blank\" rel=\"noopener\">Simulation de conception 3D&gt;&gt;<\/a><\/strong><br \/>\n <svg xmlns=\"http:\/\/www.w3.org\/2000\/svg\"><path d=\"M416 208H272V64c0-17,67-14,33-32-32-32h-32c-17,67 0-32 14,33-32 32v144H32c-17,67 0-32 14,33-32 32v32c0 17,67 14,33 32 32 32h144v144c0 17,67 14,33 32 32 32h32c17,67 0 32-14,33 32-32V304h144c17,67 0 32-14,33 32-32v-32c0-17.67-14.33-32-32-32z\"><\/path><\/svg><br \/>\n <svg xmlns=\"http:\/\/www.w3.org\/2000\/svg\"><path d=\"M416 208H32c-17.67 0-32 14.33-32 32v32c0 17.67 14.33 32 32 32h384c17.67 0 32-14.33 32-32v-32c0-17.67-14.33-32-32-32z\"><\/path><\/svg><br \/>\n <a>\u00c0 propos du produit<\/a><\/p>\n<p><strong>Canap\u00e9 modulaire inclinable Babylon<\/strong><\/p>\n<p><strong>Q\u00a0: Qu&rsquo;est-ce que le canap\u00e9 modulaire inclinable Babylon\u00a0?<\/strong><br \/>A\u00a0: Le canap\u00e9 modulaire Babylon est un ajout innovant \u00e0 la gamme de relaxation, dot\u00e9 d&rsquo;un dossier rabattable similaire \u00e0 celui du Baltia, offrant flexibilit\u00e9 et confort. L&rsquo;inclinaison de 15 degr\u00e9s ajoute \u00e0 l&rsquo;exp\u00e9rience de relaxation, tandis que les lignes douces et incurv\u00e9es du nouveau design des accoudoirs rehaussent son \u00e9l\u00e9gance.<\/p>\n<p><strong>Q\u00a0: Quelles configurations sont disponibles pour le canap\u00e9 modulaire inclinable Babylon\u00a0?<\/strong><br \/>A\u00a0: Le canap\u00e9 est disponible en modules rectangulaires, qui peuvent \u00eatre fixes ou inclinables.<\/p>\n<p><strong>Q\u00a0: Le canap\u00e9 modulaire inclinable Babylon est-il disponible en tant que fauteuil\u00a0?<\/strong><br \/>A\u00a0: Oui, ce canap\u00e9 est disponible en tant que fauteuil. fauteuil.<\/p>\n<p><strong>Q\u00a0: Puis-je personnaliser le canap\u00e9 modulaire inclinable Babylon avec des fonctionnalit\u00e9s suppl\u00e9mentaires\u00a0?<\/strong><br \/>R\u00a0: Oui, vous pouvez inclure des coussins de dossier et des coussins lombaires. De plus, des options d&rsquo;inclinaison aliment\u00e9es par batterie sont disponibles.<\/p>\n<p><strong>Q\u00a0: Quelles sont les dimensions du canap\u00e9 modulaire inclinable Babylon\u00a0?<\/strong><br \/>A\u00a0: La hauteur du si\u00e8ge est de 48 cm, avec une profondeur totale de 95 cm et une hauteur totale de 106 cm.<\/p>\n<p><strong>Q\u00a0: Quelles sont les options de pieds et d&rsquo;accoudoirs pour le canap\u00e9 modulaire inclinable Babylon\u00a0?<\/strong><br \/>A\u00a0: Le canap\u00e9 offre sept styles de pieds\u00a0: Wave, Dune, Jazz, Sunset, Avalon, Babylon et Cali. La jambe par d\u00e9faut n&rsquo;est pas d\u00e9finie, mais d&rsquo;autres options incluent \u00ab\u00a0Z\u00a0\u00bb\u00a0; pied en m\u00e9tal anthracite, &#8220;Y&#8221; pied en bois naturel, noyer ou weng\u00e9, et &#8220;O&#8221; pied en m\u00e9tal chrom\u00e9 ou anthracite.<\/p>\n<p><strong>Q\u00a0: Y a-t-il des augmentations de prix pour la personnalisation\u00a0?<\/strong><br \/>R\u00a0: Oui, des augmentations de prix s&rsquo;appliquent pour les options aliment\u00e9es par batterie.<\/p>\n<p><strong>Q\u00a0: Y a-t-il des d\u00e9tails uniques sur le canap\u00e9 modulaire inclinable Babylon\u00a0?<\/strong><br \/>A\u00a0: Le type de pieds disponibles change en fonction du bras choisi.<\/p>\n<p> <svg xmlns=\"http:\/\/www.w3.org\/2000\/svg\"><chemin d=\"M416 208H272V64c0-17.67-14.33-32-32-32h-32c-17.67 0-32 14.33-32 32v144H32c-17.67 0-32 14.33-32 32v32c0 17.67 14.33 32 32 32h144v144c0 17.67 14.33 32 32 32h32c17.67 0 32-14.33 32-32V304h144c17.67 0 32-14.33 32-32v-32c0-17.67-14.33-32-32-32z\"><\/path><\/svg><br \/>\n <svg xmlns=\"http:\/\/www.w3.org\/2000\/svg\"><path d=\"M416 208H32c-17.67 0-32 14.33-32 32v32c0 17.67 14.33 32 32 32h384c17.67 0 32-14.33 32-32v-32c0-17.67-14.33-32-32-32z\"><\/path><\/svg><br \/>\n <a>Options du produit<\/a><\/p>\n<p><strong>Canap\u00e9 modulaire inclinable Babylon<\/strong><br \/><strong>Un m\u00e9lange parfait de confort et d&rsquo;\u00e9l\u00e9gance<\/strong><\/p>\n<p>\u00c9levez votre espace de vie avec le <strong>canap\u00e9 modulaire inclinable Babylon<\/strong>, une pi\u00e8ce sophistiqu\u00e9e et polyvalente con\u00e7ue pour une d\u00e9tente ultime. Ce canap\u00e9 modulaire innovant est dot\u00e9 d&rsquo;un dossier rabattable unique, similaire au mod\u00e8le Baltia, qui s&rsquo;incline \u00e0 un angle de 15 degr\u00e9s, vous offrant un confort et un soutien in\u00e9gal\u00e9s pour vous pr\u00e9lasser et vous asseoir. <a href=\"https:\/\/famaliving.ca\/blog\/reclining-modular-sofa-babylon\/\">Lire la suite<\/a><\/p>\n","protected":false},"excerpt":{"rendered":"<p>Pr\u00e9sentation du canap\u00e9 modulaire Babylon, un ajout innovant \u00e0 votre gamme de relaxation. Dot\u00e9 d&rsquo;un dossier rabattable semblable \u00e0 Baltia, il offre flexibilit\u00e9 et confort.<\/p>\n","protected":false},"featured_media":36949,"template":"","meta":{"_acf_changed":false,"site-sidebar-layout":"default","site-content-layout":"","ast-site-content-layout":"default","site-content-style":"default","site-sidebar-style":"default","ast-global-header-display":"","ast-banner-title-visibility":"","ast-main-header-display":"","ast-hfb-above-header-display":"","ast-hfb-below-header-display":"","ast-hfb-mobile-header-display":"","site-post-title":"","ast-breadcrumbs-content":"","ast-featured-img":"","footer-sml-layout":"","ast-disable-related-posts":"","theme-transparent-header-meta":"default","adv-header-id-meta":"","stick-header-meta":"default","header-above-stick-meta":"","header-main-stick-meta":"","header-below-stick-meta":"","astra-migrate-meta-layouts":"set","ast-page-background-enabled":"default","ast-page-background-meta":{"desktop":{"background-color":"var(--ast-global-color-4)","background-image":"","background-repeat":"repeat","background-position":"center center","background-size":"auto","background-attachment":"scroll","background-type":"","background-media":"","overlay-type":"","overlay-color":"","overlay-opacity":"","overlay-gradient":""},"tablet":{"background-color":"","background-image":"","background-repeat":"repeat","background-position":"center center","background-size":"auto","background-attachment":"scroll","background-type":"","background-media":"","overlay-type":"","overlay-color":"","overlay-opacity":"","overlay-gradient":""},"mobile":{"background-color":"","background-image":"","background-repeat":"repeat","background-position":"center center","background-size":"auto","background-attachment":"scroll","background-type":"","background-media":"","overlay-type":"","overlay-color":"","overlay-opacity":"","overlay-gradient":""}},"ast-content-background-meta":{"desktop":{"background-color":"var(--ast-global-color-5)","background-image":"","background-repeat":"repeat","background-position":"center center","background-size":"auto","background-attachment":"scroll","background-type":"","background-media":"","overlay-type":"","overlay-color":"","overlay-opacity":"","overlay-gradient":""},"tablet":{"background-color":"var(--ast-global-color-5)","background-image":"","background-repeat":"repeat","background-position":"center center","background-size":"auto","background-attachment":"scroll","background-type":"","background-media":"","overlay-type":"","overlay-color":"","overlay-opacity":"","overlay-gradient":""},"mobile":{"background-color":"var(--ast-global-color-5)","background-image":"","background-repeat":"repeat","background-position":"center center","background-size":"auto","background-attachment":"scroll","background-type":"","background-media":"","overlay-type":"","overlay-color":"","overlay-opacity":"","overlay-gradient":""}}},"product_brand":[],"product_cat":[77],"product_tag":[79,81],"class_list":{"0":"post-41208","1":"product","2":"type-product","3":"status-publish","4":"has-post-thumbnail","6":"product_cat-canape","7":"product_tag-a-partir-de","8":"product_tag-moderne","9":"desktop-align-center","10":"tablet-align-left","11":"mobile-align-left","13":"first","14":"instock","15":"sold-individually","16":"shipping-taxable","17":"purchasable","18":"product-type-variable"},"acf":[],"_links":{"self":[{"href":"https:\/\/famaliving.ca\/fr\/wp-json\/wp\/v2\/product\/41208","targetHints":{"allow":["GET"]}}],"collection":[{"href":"https:\/\/famaliving.ca\/fr\/wp-json\/wp\/v2\/product"}],"about":[{"href":"https:\/\/famaliving.ca\/fr\/wp-json\/wp\/v2\/types\/product"}],"version-history":[{"count":1,"href":"https:\/\/famaliving.ca\/fr\/wp-json\/wp\/v2\/product\/41208\/revisions"}],"predecessor-version":[{"id":41592,"href":"https:\/\/famaliving.ca\/fr\/wp-json\/wp\/v2\/product\/41208\/revisions\/41592"}],"wp:featuredmedia":[{"embeddable":true,"href":"https:\/\/famaliving.ca\/fr\/wp-json\/wp\/v2\/media\/36949"}],"wp:attachment":[{"href":"https:\/\/famaliving.ca\/fr\/wp-json\/wp\/v2\/media?parent=41208"}],"wp:term":[{"taxonomy":"product_brand","embeddable":true,"href":"https:\/\/famaliving.ca\/fr\/wp-json\/wp\/v2\/product_brand?post=41208"},{"taxonomy":"product_cat","embeddable":true,"href":"https:\/\/famaliving.ca\/fr\/wp-json\/wp\/v2\/product_cat?post=41208"},{"taxonomy":"product_tag","embeddable":true,"href":"https:\/\/famaliving.ca\/fr\/wp-json\/wp\/v2\/product_tag?post=41208"}],"curies":[{"name":"wp","href":"https:\/\/api.w.org\/{rel}","templated":true}]}}