{"id":41209,"date":"2025-04-29T12:07:41","date_gmt":"2025-04-29T16:07:41","guid":{"rendered":"https:\/\/famaliving.ca\/product\/canape-sectionnel-bari\/"},"modified":"2025-04-29T15:05:51","modified_gmt":"2025-04-29T19:05:51","slug":"canape-sectionnel-bari","status":"publish","type":"product","link":"https:\/\/famaliving.ca\/fr\/produit\/canape-sectionnel-bari\/","title":{"rendered":"Canap\u00e9 sectionnel Bari"},"content":{"rendered":"<p><svg viewBox=\"0 0 448 512\" xmlns=\"http:\/\/www.w3.org\/2000\/svg\"><path d=\"M416 208H272V64c0-17.67-14.33-32-32-32h-32c-17.67 0-32 14.33-32 32v144H32c-17.67 0-32 14.33-32 32v32c0 17.67 14.33 32 32 32h144v144c0 17.67 14.33 32 32 32h32c17.67 0 32-14.33 32-32V304h144c17.67 0 32-14.33 32-32v-32c0-17.67-14.33-32-32-32z\"><\/path><\/svg><br \/>\n <svg viewBox=\"0 0 448 512\" xmlns=\"http:\/\/www.w3.org\/2000\/svg\"><chemin d=\"M416 208H32c-17.67 0-32 14.33-32 32v32c0 17.67 14.33 32 32 32h384c17.67 0 32-14.33 32-32v-32c0-17.67-14.33-32-32-32z\"><\/path><\/svg><br \/>\n <a tabindex=\"0\">Configuration et t\u00e9l\u00e9chargements<\/a><br \/>\n T\u00e9l\u00e9chargez la documentation technique\u00a0: sch\u00e9mas, mesures, d\u00e9tails techniques, brochures et manuels.<\/p>\n<ul>\n<li><a href=\"https:\/\/famaliving.ca\/wp-content\/uploads\/sites\/29\/Bari-Data-sheet-Famaliving-Montreal.pdf\" target=\"_blank\" rel=\"noopener noreferrer\">Bari &#8211; Fiche technique<\/a><\/li>\n<li><a href=\"https:\/\/famaliving.ca\/wp-content\/uploads\/sites\/29\/Bari-Sketch-Famaliving-Montreal.pdf\" target=\"_blank\" rel=\"noopener noreferrer\">Bari &#8211; Croquis<\/a><\/li>\n<li><a href=\"https:\/\/famaliving.ca\/wp-content\/uploads\/sites\/29\/Bari-Instuctions-Famaliving-Montreal.pdf\" target=\"_blank\" rel=\"noopener noreferrer\">Bari &#8211; Instructions<\/a><\/li>\n<li><a href=\"https:\/\/famaliving.ca\/wp-content\/uploads\/sites\/29\/Bari-Information-Famaliving-Montreal.pdf\" target=\"_blank\" rel=\"noopener noreferrer\">Bari &#8211; Informations<\/a><\/li>\n<\/ul>\n<p><strong>Explorez la configurabilit\u00e9 de Bari avec notre <a href=\"\/fr\/3d\/\" target=\"_blank\" rel=\"noopener\">Simulation de conception 3D&gt;&gt;<\/a><\/strong><br \/>\n <svg viewBox=\"0 0 448 512\" xmlns=\"http:\/\/www.w3.org\/2000\/svg\"><chemin d=\"M416 208H272V64c0-17.67-14.33-32-32-32h-32c-17.67 0-32 14.33-32 32v144H32c-17.67 0-32 14.33-32 32v32c0 17.67 14.33 32 32 32h144v144c0 17.67 14.33 32 32 32h32c17.67 0 32-14.33 32-32V304h144c17.67 0 32-14.33 32-32v-32c0-17.67-14.33-32-32-32z\"><\/path><\/svg><br \/>\n <svg viewBox=\"0 0 448 512\" xmlns=\"http:\/\/www.w3.org\/2000\/svg\"><path d=\"M416 208H32c-17.67 0-32 14.33-32 32v32c0 17.67 14.33 32 32 32h384c17.67 0 32-14.33 32-32v-32c0-17.67-14.33-32-32-32z\"><\/path><\/svg><br \/>\n <a tabindex=\"0\">\u00c0 propos du produit<\/a><\/p>\n<p><strong>Canap\u00e9 sectionnel Bari<\/strong><\/p>\n<p><strong>Q\u00a0: Qu&rsquo;est-ce que le canap\u00e9 sectionnel Bari\u00a0?<\/strong><br \/>A\u00a0: Le canap\u00e9 sectionnel Bari pr\u00e9sente un design compact, parfait pour les positions assises verticales. Son style contemporain et sa profondeur compacte de 82 cm le rendent id\u00e9al pour les petits espaces, offrant \u00e0 la fois confort et un look \u00e9l\u00e9gant et moderne.<\/p>\n<p><strong>Q : Quelles configurations sont disponibles pour le canap\u00e9 sectionnel Bari ?<\/strong><br \/>A : Le canap\u00e9 est disponible en modules rectangulaires mais ne comprend pas de pi\u00e8ce d&rsquo;angle.<\/p>\n<p><strong>Q : Le canap\u00e9 sectionnel Bari est-il disponible en tant que fauteuil ?<\/strong><br \/>A : Oui, ce canap\u00e9 est disponible en tant que fauteuil. fauteuil.<\/p>\n<p><strong>Q\u00a0: Puis-je personnaliser le canap\u00e9 sectionnel Bari avec des fonctionnalit\u00e9s suppl\u00e9mentaires\u00a0?<\/strong><br \/>R\u00a0: Oui, vous pouvez ajouter un appui-t\u00eate ou la fonction Magic-Bari. Des repose-pieds sont \u00e9galement disponibles.<\/p>\n<p><strong>Q\u00a0: Quelles sont les dimensions du canap\u00e9 sectionnel Bari\u00a0?<\/strong><br \/>A\u00a0: La hauteur du si\u00e8ge est de 44 cm, avec une profondeur totale de 82 cm et une hauteur totale de 88 cm.<\/p>\n<p><strong>Q\u00a0: Quelles sont les options de pieds et d&rsquo;accoudoirs pour le canap\u00e9 sectionnel Bari\u00a0?<\/strong><br \/>A\u00a0: Les accoudoirs sont int\u00e9gr\u00e9s au canap\u00e9 et ne peuvent pas \u00eatre modifi\u00e9s. La jambe par d\u00e9faut est \u00ab\u00a0V10\u00a0\u00bb bois de couleur noyer, avec d&rsquo;autres options, notamment chrome, gris anthracite ou \u00ab\u00a0V14\u00a0\u00bb bois naturel, noyer ou weng\u00e9.<\/p>\n<p><strong>Q\u00a0: Y a-t-il des augmentations de prix pour la personnalisation\u00a0?<\/strong><br \/>A\u00a0: Non, il n&rsquo;y a pas d&rsquo;augmentation de prix.<\/p>\n<p><strong>Q\u00a0: Y a-t-il des d\u00e9tails uniques sur le canap\u00e9 sectionnel Bari\u00a0?<\/strong><br \/>A\u00a0: Le canap\u00e9 n&rsquo;a pas de pi\u00e8ce d&rsquo;angle, ce qui signifie qu&rsquo;il ne peut pas s&rsquo;enrouler autour d&rsquo;une pi\u00e8ce comme les canap\u00e9s modulaires traditionnels.<\/p>\n<p> <svg viewBox=\"0 0 448 512\" xmlns=\"http:\/\/www.w3.org\/2000\/svg\"><path d=\"M416 208H272V64c0-17.67-14.33-32-32-32h-32c-17.67 0-32 14.33-32 32v144H32c-17.67 0-32 14.33-32 32v32c0 17.67 14.33 32 32 32h144v144c0 17.67 14.33 32 32 32h32c17.67 0 32-14.33 32-32V304h144c17.67 0 32-14.33 32-32v-32c0-17.67-14.33-32-32-32z\"><\/path><\/svg><br \/>\n <svg viewBox=\"0 0 448 512\" xmlns=\"http:\/\/www.w3.org\/2000\/svg\"><path d=\"M416 208H32c-17.67 0-32 14.33-32 32v32c0 17.67 14.33 32 32 32h384c17.67 0 32-14.33 32-32v-32c0-17.67-14.33-32-32-32z\"><\/path><\/svg><br \/>\n <a tabindex=\"0\">Options du produit<\/a><br \/>\n <strong>Compte tenu de la grande polyvalence et des nombreuses options de personnalisation disponibles pour ce meuble, nous vous conseillons fortement de vous connecter et d&rsquo;utiliser l&rsquo;option \u00ab\u00a0Ajouter au devis\u00a0\u00bb\u00a0; bouton.<\/strong><\/p>\n<ul>\n<li>Disponible en tissus<\/li>\n<li>Bras : 18 cm ou 10,5 cm.<\/li>\n<li>Options de pieds : bois ou m\u00e9tal, diff\u00e9rentes formes.<\/li>\n<\/ul>\n","protected":false},"excerpt":{"rendered":"<p>Pr\u00e9sentation du canap\u00e9 sectionnel Bari aux mesures compactes, parfait pour une position plus verticale. Son design contemporain pr\u00e9sente des lignes sobres qui offrent un confort imbattable<\/p>\n","protected":false},"featured_media":37025,"template":"","meta":{"_acf_changed":false,"site-sidebar-layout":"default","site-content-layout":"","ast-site-content-layout":"default","site-content-style":"default","site-sidebar-style":"default","ast-global-header-display":"","ast-banner-title-visibility":"","ast-main-header-display":"","ast-hfb-above-header-display":"","ast-hfb-below-header-display":"","ast-hfb-mobile-header-display":"","site-post-title":"","ast-breadcrumbs-content":"","ast-featured-img":"","footer-sml-layout":"","ast-disable-related-posts":"","theme-transparent-header-meta":"default","adv-header-id-meta":"","stick-header-meta":"default","header-above-stick-meta":"","header-main-stick-meta":"","header-below-stick-meta":"","astra-migrate-meta-layouts":"set","ast-page-background-enabled":"default","ast-page-background-meta":{"desktop":{"background-color":"var(--ast-global-color-4)","background-image":"","background-repeat":"repeat","background-position":"center center","background-size":"auto","background-attachment":"scroll","background-type":"","background-media":"","overlay-type":"","overlay-color":"","overlay-opacity":"","overlay-gradient":""},"tablet":{"background-color":"","background-image":"","background-repeat":"repeat","background-position":"center center","background-size":"auto","background-attachment":"scroll","background-type":"","background-media":"","overlay-type":"","overlay-color":"","overlay-opacity":"","overlay-gradient":""},"mobile":{"background-color":"","background-image":"","background-repeat":"repeat","background-position":"center center","background-size":"auto","background-attachment":"scroll","background-type":"","background-media":"","overlay-type":"","overlay-color":"","overlay-opacity":"","overlay-gradient":""}},"ast-content-background-meta":{"desktop":{"background-color":"var(--ast-global-color-5)","background-image":"","background-repeat":"repeat","background-position":"center center","background-size":"auto","background-attachment":"scroll","background-type":"","background-media":"","overlay-type":"","overlay-color":"","overlay-opacity":"","overlay-gradient":""},"tablet":{"background-color":"var(--ast-global-color-5)","background-image":"","background-repeat":"repeat","background-position":"center center","background-size":"auto","background-attachment":"scroll","background-type":"","background-media":"","overlay-type":"","overlay-color":"","overlay-opacity":"","overlay-gradient":""},"mobile":{"background-color":"var(--ast-global-color-5)","background-image":"","background-repeat":"repeat","background-position":"center center","background-size":"auto","background-attachment":"scroll","background-type":"","background-media":"","overlay-type":"","overlay-color":"","overlay-opacity":"","overlay-gradient":""}}},"product_brand":[],"product_cat":[77],"product_tag":[79,81],"class_list":{"0":"post-41209","1":"product","2":"type-product","3":"status-publish","4":"has-post-thumbnail","6":"product_cat-canape","7":"product_tag-a-partir-de","8":"product_tag-moderne","9":"desktop-align-center","10":"tablet-align-left","11":"mobile-align-left","13":"first","14":"instock","15":"sold-individually","16":"shipping-taxable","17":"purchasable","18":"product-type-variable"},"acf":[],"_links":{"self":[{"href":"https:\/\/famaliving.ca\/fr\/wp-json\/wp\/v2\/product\/41209","targetHints":{"allow":["GET"]}}],"collection":[{"href":"https:\/\/famaliving.ca\/fr\/wp-json\/wp\/v2\/product"}],"about":[{"href":"https:\/\/famaliving.ca\/fr\/wp-json\/wp\/v2\/types\/product"}],"version-history":[{"count":1,"href":"https:\/\/famaliving.ca\/fr\/wp-json\/wp\/v2\/product\/41209\/revisions"}],"predecessor-version":[{"id":41591,"href":"https:\/\/famaliving.ca\/fr\/wp-json\/wp\/v2\/product\/41209\/revisions\/41591"}],"wp:featuredmedia":[{"embeddable":true,"href":"https:\/\/famaliving.ca\/fr\/wp-json\/wp\/v2\/media\/37025"}],"wp:attachment":[{"href":"https:\/\/famaliving.ca\/fr\/wp-json\/wp\/v2\/media?parent=41209"}],"wp:term":[{"taxonomy":"product_brand","embeddable":true,"href":"https:\/\/famaliving.ca\/fr\/wp-json\/wp\/v2\/product_brand?post=41209"},{"taxonomy":"product_cat","embeddable":true,"href":"https:\/\/famaliving.ca\/fr\/wp-json\/wp\/v2\/product_cat?post=41209"},{"taxonomy":"product_tag","embeddable":true,"href":"https:\/\/famaliving.ca\/fr\/wp-json\/wp\/v2\/product_tag?post=41209"}],"curies":[{"name":"wp","href":"https:\/\/api.w.org\/{rel}","templated":true}]}}