{"id":41210,"date":"2025-04-29T12:07:43","date_gmt":"2025-04-29T16:07:43","guid":{"rendered":"https:\/\/famaliving.ca\/product\/canape-modulable-boston\/"},"modified":"2025-04-29T15:15:58","modified_gmt":"2025-04-29T19:15:58","slug":"canape-modulable-boston","status":"publish","type":"product","link":"https:\/\/famaliving.ca\/fr\/produit\/canape-modulable-boston\/","title":{"rendered":"Canap\u00e9 Modulable Boston"},"content":{"rendered":"<p><svg viewBox=\"0 0 448 512\" xmlns=\"http:\/\/www.w3.org\/2000\/svg\"><path d=\"M416 208H272V64c0-17.67-14.33-32-32-32h-32c-17.67 0-32 14.33-32 32v144H32c-17.67 0-32 14.33-32 32v32c0 17.67 14.33 32 32 32h144v144c0 17.67 14.33 32 32 32h32c17.67 0 32-14.33 32-32V304h144c17.67 0 32-14.33 32-32v-32c0-17.67-14.33-32-32-32z\"><\/path><\/svg><br \/>\n <svg viewBox=\"0 0 448 512\" xmlns=\"http:\/\/www.w3.org\/2000\/svg\"><chemin d=\"M416 208H32c-17.67 0-32 14.33-32 32v32c0 17.67 14.33 32 32 32h384c17.67 0 32-14.33 32-32v-32c0-17.67-14.33-32-32-32z\"><\/path><\/svg><br \/>\n <a tabindex=\"0\">Configuration et t\u00e9l\u00e9chargements<\/a><br \/>\n T\u00e9l\u00e9chargez la documentation technique\u00a0: sch\u00e9mas, mesures, d\u00e9tails techniques, brochures et manuels.<\/p>\n<ul>\n<li><a href=\"https:\/\/famaliving.ca\/wp-content\/uploads\/sites\/29\/Boston-sofa-Data-sheet-Famaliving-Montreal.pdf\" target=\"_blank\" rel=\"noopener noreferrer\">Boston &#8211; Fiche technique<\/a><\/li>\n<li><a href=\"https:\/\/famaliving.ca\/wp-content\/uploads\/sites\/29\/Boston-sofa-Sketch-Famaliving-Montreal.pdf\" target=\"_blank\" rel=\"noopener noreferrer\">Boston &#8211; Croquis<\/a><\/li>\n<li><a href=\"https:\/\/famaliving.ca\/wp-content\/uploads\/sites\/29\/Boston-sofa-Instuctions-Famaliving-Montreal.pdf\" target=\"_blank\" rel=\"noopener noreferrer\">Boston &#8211; Instructions<\/a><\/li>\n<li><a href=\"https:\/\/famaliving.ca\/wp-content\/uploads\/sites\/29\/Boston-sofa-Information-Famaliving-Montreal.pdf\" target=\"_blank\" rel=\"noopener noreferrer\">Boston &#8211; Informations<\/a><\/li>\n<\/ul>\n<p><strong>Explorez la configurabilit\u00e9 de Boston avec notre <a href=\"\/fr\/3d\/\" target=\"_blank\" rel=\"noopener\">Simulation de conception 3D&gt;&gt;<\/a><\/strong><br \/>\n <svg viewBox=\"0 0 448 512\" xmlns=\"http:\/\/www.w3.org\/2000\/svg\"><chemin d=\"M416 208H272V64c0-17.67-14.33-32-32-32h-32c-17.67 0-32 14.33-32 32v144H32c-17.67 0-32 14.33-32 32v32c0 17.67 14.33 32 32 32h144v144c0 17.67 14.33 32 32 32h32c17.67 0 32-14.33 32-32V304h144c17.67 0 32-14.33 32-32v-32c0-17.67-14.33-32-32-32z\"><\/path><\/svg><br \/>\n <svg viewBox=\"0 0 448 512\" xmlns=\"http:\/\/www.w3.org\/2000\/svg\"><path d=\"M416 208H32c-17.67 0-32 14.33-32 32v32c0 17.67 14.33 32 32 32h384c17.67 0 32-14.33 32-32v-32c0-17.67-14.33-32-32-32z\"><\/path><\/svg><br \/>\n <a tabindex=\"0\">\u00c0 propos du produit<\/a><\/p>\n<p><strong>Canap\u00e9 modulaire Boston<\/strong><\/p>\n<p><strong>Q\u00a0: Qu&rsquo;est-ce que le canap\u00e9 modulaire Boston\u00a0?<\/strong><br \/>A\u00a0: Le mod\u00e8le Boston de Fama est un canap\u00e9 moderne et adaptable, dot\u00e9 d&rsquo;une large gamme de modules et de tailles. Personnalisez votre espace en combinant des causeuses, des canap\u00e9s ou en cr\u00e9ant un sectionnel avec des modules de coin. Boston offre des options de personnalisation remarquables, y compris diff\u00e9rentes tailles d&rsquo;accoudoirs et de poufs, de coussins et d&rsquo;appuie-t\u00eates, ce qui en fait une pi\u00e8ce intemporelle et \u00e9l\u00e9gante pour toute maison ou bureau.<\/p>\n<p><strong>Q\u00a0: Quelles configurations sont disponibles pour le canap\u00e9 modulaire Boston\u00a0?<\/strong><br \/>A\u00a0: Le canap\u00e9 est disponible en modules rectangulaires et en modules d&rsquo;angle.<\/p>\n<p><strong>Q\u00a0: Le canap\u00e9 modulaire Boston est-il disponible en tant que fauteuil\u00a0?<\/strong><br \/>A\u00a0: Oui, ce canap\u00e9 est disponible en tant que fauteuil fauteuil.<\/p>\n<p><strong>Q\u00a0: Puis-je personnaliser le canap\u00e9 modulaire Boston avec des fonctionnalit\u00e9s suppl\u00e9mentaires\u00a0?<\/strong><br \/>R\u00a0: Oui, vous pouvez inclure des coussins lombaires et des appuis-t\u00eate papillon. De plus, des repose-pieds sont disponibles.<\/p>\n<p><strong>Q\u00a0: Quelles sont les dimensions du canap\u00e9 modulaire Boston\u00a0?<\/strong><br \/>A\u00a0: La hauteur du si\u00e8ge est de 44 cm, avec une profondeur totale de 100 cm et une hauteur totale de 88 cm.<\/p>\n<p><strong>Q\u00a0: Quelles sont les options de pieds et d&rsquo;accoudoirs pour le canap\u00e9 modulaire Boston\u00a0?<\/strong><br \/>A\u00a0: Il offre deux options pour les accoudoirs\u00a0: normal ou fin. Le pied par d\u00e9faut est en m\u00e9tal, mais vous pouvez choisir parmi des options telles que le chrome, le gris anthracite ou le mod\u00e8le \u00ab V10 \u00bb. bois naturel, noyer ou weng\u00e9.<\/p>\n<p><strong>Q\u00a0: Y a-t-il des augmentations de prix pour la personnalisation\u00a0?<\/strong><br \/>A\u00a0: Non, il n&rsquo;y a pas d&rsquo;augmentation de prix.<\/p>\n<p><strong>Q\u00a0: Y a-t-il des d\u00e9tails uniques sur le canap\u00e9 modulaire Boston\u00a0?<\/strong><br \/>A\u00a0: Le bras fin est disponible sur les modules EL, ELPS et KL, qui sont des modules de fauteuil.<\/p>\n<p> <svg viewBox=\"0 0 448 512\" xmlns=\"http:\/\/www.w3.org\/2000\/svg\"><chemin d=\"M416 208H272V64c0-17.67-14.33-32-32-32h-32c-17.67 0-32 14.33-32 32v144H32c-17.67 0-32 14.33-32 32v32c0 17.67 14.33 32 32 32h144v144c0 17.67 14.33 32 32 32h32c17.67 0 32-14.33 32-32V304h144c17.67 0 32-14.33 32-32v-32c0-17.67-14.33-32-32-32z\"><\/path><\/svg><br \/>\n <svg viewBox=\"0 0 448 512\" xmlns=\"http:\/\/www.w3.org\/2000\/svg\"><path d=\"M416 208H32c-17.67 0-32 14.33-32 32v32c0 17.67 14.33 32 32 32h384c17.67 0 32-14.33 32-32v-32c0-17.67-14.33-32-32-32z\"><\/path><\/svg><br \/>\n <a tabindex=\"0\">Options du produit<\/a><br \/>\n <strong>Compte tenu de la grande polyvalence et des nombreuses options de personnalisation disponibles pour ce meuble, nous vous conseillons fortement de vous connecter et d&rsquo;utiliser l&rsquo;option \u00ab\u00a0Ajouter au devis\u00a0\u00bb\u00a0; bouton.<\/strong><\/p>\n<ul>\n<li>Disponible en tissus<\/li>\n<li>Bras : 18 cm ou 10,5 cm.<\/li>\n<li>Options de pieds : bois ou m\u00e9tal, diff\u00e9rentes formes.<\/li>\n<\/ul>\n","protected":false},"excerpt":{"rendered":"<p>Le mod\u00e8le Boston de Fama est un canap\u00e9 moderne et adaptable, surprenant par sa gamme de modules et de tailles.<\/p>\n","protected":false},"featured_media":37071,"template":"","meta":{"_acf_changed":false,"site-sidebar-layout":"default","site-content-layout":"","ast-site-content-layout":"default","site-content-style":"default","site-sidebar-style":"default","ast-global-header-display":"","ast-banner-title-visibility":"","ast-main-header-display":"","ast-hfb-above-header-display":"","ast-hfb-below-header-display":"","ast-hfb-mobile-header-display":"","site-post-title":"","ast-breadcrumbs-content":"","ast-featured-img":"","footer-sml-layout":"","ast-disable-related-posts":"","theme-transparent-header-meta":"default","adv-header-id-meta":"","stick-header-meta":"default","header-above-stick-meta":"","header-main-stick-meta":"","header-below-stick-meta":"","astra-migrate-meta-layouts":"set","ast-page-background-enabled":"default","ast-page-background-meta":{"desktop":{"background-color":"var(--ast-global-color-4)","background-image":"","background-repeat":"repeat","background-position":"center center","background-size":"auto","background-attachment":"scroll","background-type":"","background-media":"","overlay-type":"","overlay-color":"","overlay-opacity":"","overlay-gradient":""},"tablet":{"background-color":"","background-image":"","background-repeat":"repeat","background-position":"center center","background-size":"auto","background-attachment":"scroll","background-type":"","background-media":"","overlay-type":"","overlay-color":"","overlay-opacity":"","overlay-gradient":""},"mobile":{"background-color":"","background-image":"","background-repeat":"repeat","background-position":"center center","background-size":"auto","background-attachment":"scroll","background-type":"","background-media":"","overlay-type":"","overlay-color":"","overlay-opacity":"","overlay-gradient":""}},"ast-content-background-meta":{"desktop":{"background-color":"var(--ast-global-color-5)","background-image":"","background-repeat":"repeat","background-position":"center center","background-size":"auto","background-attachment":"scroll","background-type":"","background-media":"","overlay-type":"","overlay-color":"","overlay-opacity":"","overlay-gradient":""},"tablet":{"background-color":"var(--ast-global-color-5)","background-image":"","background-repeat":"repeat","background-position":"center center","background-size":"auto","background-attachment":"scroll","background-type":"","background-media":"","overlay-type":"","overlay-color":"","overlay-opacity":"","overlay-gradient":""},"mobile":{"background-color":"var(--ast-global-color-5)","background-image":"","background-repeat":"repeat","background-position":"center center","background-size":"auto","background-attachment":"scroll","background-type":"","background-media":"","overlay-type":"","overlay-color":"","overlay-opacity":"","overlay-gradient":""}}},"product_brand":[],"product_cat":[77],"product_tag":[79,81],"class_list":{"0":"post-41210","1":"product","2":"type-product","3":"status-publish","4":"has-post-thumbnail","6":"product_cat-canape","7":"product_tag-a-partir-de","8":"product_tag-moderne","9":"desktop-align-center","10":"tablet-align-left","11":"mobile-align-left","13":"first","14":"instock","15":"sold-individually","16":"shipping-taxable","17":"purchasable","18":"product-type-variable"},"acf":[],"_links":{"self":[{"href":"https:\/\/famaliving.ca\/fr\/wp-json\/wp\/v2\/product\/41210","targetHints":{"allow":["GET"]}}],"collection":[{"href":"https:\/\/famaliving.ca\/fr\/wp-json\/wp\/v2\/product"}],"about":[{"href":"https:\/\/famaliving.ca\/fr\/wp-json\/wp\/v2\/types\/product"}],"version-history":[{"count":1,"href":"https:\/\/famaliving.ca\/fr\/wp-json\/wp\/v2\/product\/41210\/revisions"}],"predecessor-version":[{"id":41590,"href":"https:\/\/famaliving.ca\/fr\/wp-json\/wp\/v2\/product\/41210\/revisions\/41590"}],"wp:featuredmedia":[{"embeddable":true,"href":"https:\/\/famaliving.ca\/fr\/wp-json\/wp\/v2\/media\/37071"}],"wp:attachment":[{"href":"https:\/\/famaliving.ca\/fr\/wp-json\/wp\/v2\/media?parent=41210"}],"wp:term":[{"taxonomy":"product_brand","embeddable":true,"href":"https:\/\/famaliving.ca\/fr\/wp-json\/wp\/v2\/product_brand?post=41210"},{"taxonomy":"product_cat","embeddable":true,"href":"https:\/\/famaliving.ca\/fr\/wp-json\/wp\/v2\/product_cat?post=41210"},{"taxonomy":"product_tag","embeddable":true,"href":"https:\/\/famaliving.ca\/fr\/wp-json\/wp\/v2\/product_tag?post=41210"}],"curies":[{"name":"wp","href":"https:\/\/api.w.org\/{rel}","templated":true}]}}