{"id":41211,"date":"2025-04-29T12:07:44","date_gmt":"2025-04-29T16:07:44","guid":{"rendered":"https:\/\/famaliving.ca\/product\/canape-sectionnel-calessi\/"},"modified":"2025-04-29T15:16:05","modified_gmt":"2025-04-29T19:16:05","slug":"canape-sectionnel-calessi","status":"publish","type":"product","link":"https:\/\/famaliving.ca\/fr\/produit\/canape-sectionnel-calessi\/","title":{"rendered":"Canap\u00e9 sectionnel Calessi"},"content":{"rendered":"<p><svg viewBox=\"0 0 448 512\" xmlns=\"http:\/\/www.w3.org\/2000\/svg\"><path d=\"M416 208H272V64c0-17.67-14.33-32-32-32h-32c-17.67 0-32 14.33-32 32v144H32c-17.67 0-32 14.33-32 32v32c0 17.67 14.33 32 32 32h144v144c0 17.67 14.33 32 32 32h32c17.67 0 32-14.33 32-32V304h144c17.67 0 32-14.33 32-32v-32c0-17.67-14.33-32-32-32z\"><\/path><\/svg><br \/>\n <svg viewBox=\"0 0 448 512\" xmlns=\"http:\/\/www.w3.org\/2000\/svg\"><chemin d=\"M416 208H32c-17.67 0-32 14.33-32 32v32c0 17.67 14.33 32 32 32h384c17.67 0 32-14.33 32-32v-32c0-17.67-14.33-32-32-32z\"><\/path><\/svg><br \/>\n <a tabindex=\"0\">Configuration et t\u00e9l\u00e9chargements<\/a><br \/>\n T\u00e9l\u00e9chargez la documentation technique\u00a0: sch\u00e9mas, mesures, d\u00e9tails techniques, brochures et manuels.<\/p>\n<ul>\n<li><a href=\"https:\/\/famaliving.ca\/wp-content\/uploads\/sites\/29\/Calessi-Data-sheet-Famaliving-Montreal.pdf\" target=\"_blank\" rel=\"noopener noreferrer\">Calessi &#8211; Fiche technique<\/a><\/li>\n<li><a href=\"https:\/\/famaliving.ca\/wp-content\/uploads\/sites\/29\/Calessi-Sketch-Famaliving-Montreal.pdf\" target=\"_blank\" rel=\"noopener noreferrer\">Calessi &#8211; Croquis<\/a><\/li>\n<li><a href=\"https:\/\/famaliving.ca\/wp-content\/uploads\/sites\/29\/Calessi-Instuctions-Famaliving-Montreal.pdf\" target=\"_blank\" rel=\"noopener noreferrer\">Calessi &#8211; Instructions<\/a><\/li>\n<li><a href=\"https:\/\/famaliving.ca\/wp-content\/uploads\/sites\/29\/Calessi-Information-Famaliving-Montreal.pdf\" target=\"_blank\" rel=\"noopener noreferrer\">Calessi &#8211; Informations<\/a><\/li>\n<\/ul>\n<p><strong>Explorez la configurabilit\u00e9 de Calessi avec notre <a href=\"\/fr\/3d\/\" target=\"_blank\" rel=\"noopener\">Simulation de conception 3D&gt;&gt;<\/a><\/strong><br \/>\n <svg viewBox=\"0 0 448 512\" xmlns=\"http:\/\/www.w3.org\/2000\/svg\"><chemin d=\"M416 208H272V64c0-17.67-14.33-32-32-32h-32c-17.67 0-32 14.33-32 32v144H32c-17.67 0-32 14.33-32 32v32c0 17.67 14.33 32 32 32h144v144c0 17.67 14.33 32 32 32h32c17.67 0 32-14.33 32-32V304h144c17.67 0 32-14.33 32-32v-32c0-17.67-14.33-32-32-32z\"><\/path><\/svg><br \/>\n <svg viewBox=\"0 0 448 512\" xmlns=\"http:\/\/www.w3.org\/2000\/svg\"><path d=\"M416 208H32c-17.67 0-32 14.33-32 32v32c0 17.67 14.33 32 32 32h384c17.67 0 32-14.33 32-32v-32c0-17.67-14.33-32-32-32z\"><\/path><\/svg><br \/>\n <a tabindex=\"0\">\u00c0 propos du produit<\/a><\/p>\n<p><strong>Canap\u00e9 sectionnel Calessi<\/strong><\/p>\n<p><strong>Q\u00a0: Qu&rsquo;est-ce que le canap\u00e9 sectionnel Calessi\u00a0?<\/strong><br \/>A\u00a0: Le canap\u00e9 sectionnel Calessi est une cr\u00e9ation contemporaine de Fama, alliant minimalisme moderne, lignes \u00e9pur\u00e9es et confort exceptionnel. Il est dot\u00e9 de coussins de dossier amovibles et offre une vari\u00e9t\u00e9 de configurations pour s&rsquo;adapter \u00e0 n&rsquo;importe quel espace.<\/p>\n<p><strong>Q\u00a0: Quelles configurations sont disponibles pour le canap\u00e9 sectionnel Calessi\u00a0?<\/strong><br \/>A\u00a0: Le canap\u00e9 est disponible en modules rectangulaires avec des configurations de coin.<\/p>\n<p><strong>Q\u00a0: Puis-je personnaliser le canap\u00e9 sectionnel Calessi avec des fonctionnalit\u00e9s suppl\u00e9mentaires\u00a0?<\/strong><br \/>A\u00a0: Oui, vous pouvez inclure des coussins de dossier et lombaires. De plus, des repose-pieds et des accoudoirs sont disponibles pour am\u00e9liorer la configuration.<\/p>\n<p><strong>Q\u00a0: Quelles sont les dimensions du canap\u00e9 sectionnel Calessi\u00a0?<\/strong><br \/>A\u00a0: La hauteur du si\u00e8ge est de 45 cm, avec une profondeur totale de 105 cm et une hauteur totale de 92 cm.<\/p>\n<p><strong>Q\u00a0: Quelles sont les options de pieds et d&rsquo;accoudoirs pour le canap\u00e9 sectionnel Calessi\u00a0?<\/strong><br \/>A\u00a0: Le canap\u00e9 offre diverses options d&rsquo;accoudoirs, notamment diff\u00e9rentes \u00e9paisseurs et formes. Le pied par d\u00e9faut est en m\u00e9tal chrom\u00e9, mais vous pouvez choisir parmi des options de bois comme le noyer ou le weng\u00e9.<\/p>\n<p><strong>Q\u00a0: Y a-t-il des augmentations de prix pour la personnalisation\u00a0?<\/strong><br \/>A\u00a0: Oui, des augmentations de prix s&rsquo;appliquent pour les types d&rsquo;accoudoirs avec ports USB.<\/p>\n<p><strong>Q\u00a0: Y a-t-il des d\u00e9tails uniques sur le canap\u00e9 sectionnel Calessi\u00a0?<\/strong><br \/>A\u00a0: Les accoudoirs sont pr\u00e9-assembl\u00e9s pour certains modules (&#8220;Y&#8221; et &#8220;Z&#8221;). Les types de bras varient en \u00e9paisseur et en forme.<\/p>\n<p> <svg viewBox=\"0 0 448 512\" xmlns=\"http:\/\/www.w3.org\/2000\/svg\"><path d=\"M416 208H272V64c0-17.67-14.33-32-32-32h-32c-17.67 0-32 14.33-32 32v144H32c-17.67 0-32 14.33-32 32v32c0 17.67 14.33 32 32 32h144v144c0 17.67 14.33 32 32 32h32c17.67 0 32-14.33 32-32V304h144c17.67 0 32-14.33 32-32v-32c0-17.67-14.33-32-32-32z\"><\/path><\/svg><br \/>\n <svg viewBox=\"0 0 448 512\" xmlns=\"http:\/\/www.w3.org\/2000\/svg\"><chemin d=\"M416 208H32c-17.67 0-32 14.33-32 32v32c0 17.67 14.33 32 32 32h384c17.67 0 32-14.33 32-32v-32c0-17.67-14.33-32-32-32z\"><\/path><\/svg><br \/>\n <a tabindex=\"0\">Options du produit<\/a><br \/>\n <strong>Compte tenu de la grande polyvalence et des nombreuses options de personnalisation disponibles pour ce meuble, nous vous conseillons fortement de vous connecter et d&rsquo;utiliser l&rsquo;option \u00ab\u00a0Ajouter au devis\u00a0\u00bb\u00a0; bouton.<\/strong><\/p>\n<ul>\n<li>Disponible en Tissus<\/li>\n<li>diff\u00e9rents types d&rsquo;accoudoirs<\/li>\n<li>USB int\u00e9gr\u00e9 en option dans le bras<\/li>\n<li>Plateau en bois sur accoudoir en option<\/li>\n<li>Pieds (cach\u00e9s)\u00a0: bois weng\u00e9<\/li>\n<\/ul>\n","protected":false},"excerpt":{"rendered":"<p>D\u00e9couvrez le canap\u00e9 sectionnel contemporain Calessi avec sa multitude de possibilit\u00e9s et de fonctionnalit\u00e9s. Une cr\u00e9ation exclusive de Fama<\/p>\n","protected":false},"featured_media":37111,"template":"","meta":{"_acf_changed":false,"site-sidebar-layout":"default","site-content-layout":"","ast-site-content-layout":"default","site-content-style":"default","site-sidebar-style":"default","ast-global-header-display":"","ast-banner-title-visibility":"","ast-main-header-display":"","ast-hfb-above-header-display":"","ast-hfb-below-header-display":"","ast-hfb-mobile-header-display":"","site-post-title":"","ast-breadcrumbs-content":"","ast-featured-img":"","footer-sml-layout":"","ast-disable-related-posts":"","theme-transparent-header-meta":"default","adv-header-id-meta":"","stick-header-meta":"default","header-above-stick-meta":"","header-main-stick-meta":"","header-below-stick-meta":"","astra-migrate-meta-layouts":"set","ast-page-background-enabled":"default","ast-page-background-meta":{"desktop":{"background-color":"var(--ast-global-color-4)","background-image":"","background-repeat":"repeat","background-position":"center center","background-size":"auto","background-attachment":"scroll","background-type":"","background-media":"","overlay-type":"","overlay-color":"","overlay-opacity":"","overlay-gradient":""},"tablet":{"background-color":"","background-image":"","background-repeat":"repeat","background-position":"center center","background-size":"auto","background-attachment":"scroll","background-type":"","background-media":"","overlay-type":"","overlay-color":"","overlay-opacity":"","overlay-gradient":""},"mobile":{"background-color":"","background-image":"","background-repeat":"repeat","background-position":"center center","background-size":"auto","background-attachment":"scroll","background-type":"","background-media":"","overlay-type":"","overlay-color":"","overlay-opacity":"","overlay-gradient":""}},"ast-content-background-meta":{"desktop":{"background-color":"var(--ast-global-color-5)","background-image":"","background-repeat":"repeat","background-position":"center center","background-size":"auto","background-attachment":"scroll","background-type":"","background-media":"","overlay-type":"","overlay-color":"","overlay-opacity":"","overlay-gradient":""},"tablet":{"background-color":"var(--ast-global-color-5)","background-image":"","background-repeat":"repeat","background-position":"center center","background-size":"auto","background-attachment":"scroll","background-type":"","background-media":"","overlay-type":"","overlay-color":"","overlay-opacity":"","overlay-gradient":""},"mobile":{"background-color":"var(--ast-global-color-5)","background-image":"","background-repeat":"repeat","background-position":"center center","background-size":"auto","background-attachment":"scroll","background-type":"","background-media":"","overlay-type":"","overlay-color":"","overlay-opacity":"","overlay-gradient":""}}},"product_brand":[],"product_cat":[77],"product_tag":[79,81],"class_list":{"0":"post-41211","1":"product","2":"type-product","3":"status-publish","4":"has-post-thumbnail","6":"product_cat-canape","7":"product_tag-a-partir-de","8":"product_tag-moderne","9":"desktop-align-center","10":"tablet-align-left","11":"mobile-align-left","13":"first","14":"instock","15":"sold-individually","16":"shipping-taxable","17":"purchasable","18":"product-type-variable"},"acf":[],"_links":{"self":[{"href":"https:\/\/famaliving.ca\/fr\/wp-json\/wp\/v2\/product\/41211","targetHints":{"allow":["GET"]}}],"collection":[{"href":"https:\/\/famaliving.ca\/fr\/wp-json\/wp\/v2\/product"}],"about":[{"href":"https:\/\/famaliving.ca\/fr\/wp-json\/wp\/v2\/types\/product"}],"version-history":[{"count":1,"href":"https:\/\/famaliving.ca\/fr\/wp-json\/wp\/v2\/product\/41211\/revisions"}],"predecessor-version":[{"id":41589,"href":"https:\/\/famaliving.ca\/fr\/wp-json\/wp\/v2\/product\/41211\/revisions\/41589"}],"wp:featuredmedia":[{"embeddable":true,"href":"https:\/\/famaliving.ca\/fr\/wp-json\/wp\/v2\/media\/37111"}],"wp:attachment":[{"href":"https:\/\/famaliving.ca\/fr\/wp-json\/wp\/v2\/media?parent=41211"}],"wp:term":[{"taxonomy":"product_brand","embeddable":true,"href":"https:\/\/famaliving.ca\/fr\/wp-json\/wp\/v2\/product_brand?post=41211"},{"taxonomy":"product_cat","embeddable":true,"href":"https:\/\/famaliving.ca\/fr\/wp-json\/wp\/v2\/product_cat?post=41211"},{"taxonomy":"product_tag","embeddable":true,"href":"https:\/\/famaliving.ca\/fr\/wp-json\/wp\/v2\/product_tag?post=41211"}],"curies":[{"name":"wp","href":"https:\/\/api.w.org\/{rel}","templated":true}]}}