{"id":41213,"date":"2025-04-29T12:07:48","date_gmt":"2025-04-29T16:07:48","guid":{"rendered":"https:\/\/famaliving.ca\/product\/canape-modulable-fedra\/"},"modified":"2025-04-29T15:16:12","modified_gmt":"2025-04-29T19:16:12","slug":"canape-modulable-fedra","status":"publish","type":"product","link":"https:\/\/famaliving.ca\/fr\/produit\/canape-modulable-fedra\/","title":{"rendered":"Canap\u00e9 Modulable Fedra"},"content":{"rendered":"<p><svg viewBox=\"0 0 448 512\" xmlns=\"http:\/\/www.w3.org\/2000\/svg\"><path d=\"M416 208H272V64c0-17.67-14.33-32-32-32h-32c-17.67 0-32 14.33-32 32v144H32c-17.67 0-32 14.33-32 32v32c0 17.67 14.33 32 32 32h144v144c0 17.67 14.33 32 32 32h32c17.67 0 32-14.33 32-32V304h144c17.67 0 32-14.33 32-32v-32c0-17.67-14.33-32-32-32z\"><\/path><\/svg><br \/>\n <svg viewBox=\"0 0 448 512\" xmlns=\"http:\/\/www.w3.org\/2000\/svg\"><chemin d=\"M416 208H32c-17.67 0-32 14.33-32 32v32c0 17.67 14.33 32 32 32h384c17.67 0 32-14.33 32-32v-32c0-17.67-14.33-32-32-32z\"><\/path><\/svg><br \/>\n <a tabindex=\"0\">Configuration et t\u00e9l\u00e9chargements<\/a><br \/>\n T\u00e9l\u00e9chargez la documentation technique\u00a0: sch\u00e9mas, mesures, d\u00e9tails techniques, brochures et manuels.<\/p>\n<ul>\n<li><a href=\"https:\/\/famaliving.ca\/wp-content\/uploads\/sites\/29\/Fedra-Data-sheet-Famaliving-Montreal.pdf\" target=\"_blank\" rel=\"noopener noreferrer\">Fedra &#8211; Fiche technique<\/a><\/li>\n<li><a href=\"https:\/\/famaliving.ca\/wp-content\/uploads\/sites\/29\/Fedra-Sketch-Famaliving-Montreal.pdf\" target=\"_blank\" rel=\"noopener noreferrer\">Fedra &#8211; Sketch<\/a><\/li>\n<\/ul>\n<p><strong>Explorez la configurabilit\u00e9 de Fedra avec notre <a href=\"\/fr\/3d\/\" target=\"_blank\" rel=\"noopener\">Simulation de conception 3D&gt;&gt;<\/a><\/strong><br \/>\n <svg viewBox=\"0 0 448 512\" xmlns=\"http:\/\/www.w3.org\/2000\/svg\"><chemin d=\"M416 208H272V64c0-17.67-14.33-32-32-32h-32c-17.67 0-32 14.33-32 32v144H32c-17.67 0-32 14.33-32 32v32c0 17.67 14.33 32 32 32h144v144c0 17.67 14.33 32 32 32h32c17.67 0 32-14.33 32-32V304h144c17.67 0 32-14.33 32-32v-32c0-17.67-14.33-32-32-32z\"><\/path><\/svg><br \/>\n <svg viewBox=\"0 0 448 512\" xmlns=\"http:\/\/www.w3.org\/2000\/svg\"><path d=\"M416 208H32c-17.67 0-32 14.33-32 32v32c0 17.67 14.33 32 32 32h384c17.67 0 32-14.33 32-32v-32c0-17.67-14.33-32-32-32z\"><\/path><\/svg><br \/>\n <a tabindex=\"0\">\u00c0 propos du produit<\/a><\/p>\n<p><strong>Q\u00a0: Qu&rsquo;est-ce que le canap\u00e9 modulaire Fedra\u00a0?<\/strong><br \/>A\u00a0: Le canap\u00e9 modulaire Fedra de Famaliving est une solution d&rsquo;assise contemporaine et adaptable con\u00e7ue pour un confort et un style ultimes. Sa structure modulaire vous permet de cr\u00e9er un am\u00e9nagement personnalis\u00e9 qui s&rsquo;int\u00e8gre parfaitement dans n&rsquo;importe quel espace de vie, qu&rsquo;il soit grand ou petit.<\/p>\n<p><strong>Q : Qu&rsquo;est-ce qui rend le canap\u00e9 Fedra unique ?<\/strong><br \/>R : Le canap\u00e9 Fedra se distingue par ses lignes \u00e9pur\u00e9es et modernes et ses composants modulaires hautement personnalisables. Avec la possibilit\u00e9 de r\u00e9organiser diff\u00e9rentes sections, vous pouvez cr\u00e9er diff\u00e9rentes dispositions de si\u00e8ges en fonction de l&rsquo;agencement de votre pi\u00e8ce. Il est con\u00e7u pour offrir un m\u00e9lange de confort et de flexibilit\u00e9, ce qui en fait un choix id\u00e9al pour les maisons modernes.<\/p>\n<p><strong>Q\u00a0: Puis-je personnaliser le canap\u00e9 Fedra avec des accessoires\u00a0?<\/strong><br \/>R\u00a0: Oui, le canap\u00e9 Fedra est enti\u00e8rement personnalisable. Vous pouvez choisir parmi plus de 500 options de tissus, dont diff\u00e9rentes couleurs, motifs et textures pour s&rsquo;adapter \u00e0 votre d\u00e9cor. Vous pouvez \u00e9galement ajouter des accessoires tels que des coussins d\u00e9coratifs et des repose-pieds pour am\u00e9liorer \u00e0 la fois le confort et la personnalisation.<\/p>\n<p><strong>Q\u00a0: Quelles sont les caract\u00e9ristiques d&rsquo;assise du canap\u00e9 Fedra\u00a0?<\/strong><br \/>R\u00a0: Le canap\u00e9 Fedra offre une assise profonde et rembourr\u00e9e avec un excellent soutien du dos, assurant un confort maximal pour se pr\u00e9lasser ou recevoir des invit\u00e9s. Sa conception modulaire vous permet de r\u00e9organiser les si\u00e8ges en fonction de vos besoins, ce qui le rend parfait pour une vari\u00e9t\u00e9 d&rsquo;occasions, que vous receviez ou que vous vous d\u00e9tendiez.<\/p>\n<p><strong>Q\u00a0: Existe-t-il diff\u00e9rentes options de pieds pour le canap\u00e9 Fedra\u00a0?<\/strong><br \/>R\u00a0: Oui, le canap\u00e9 Fedra est livr\u00e9 avec des options de pieds personnalisables. Les pieds par d\u00e9faut sont \u00e9l\u00e9gants et modernes, mais vous pouvez choisir parmi diff\u00e9rentes finitions et mat\u00e9riaux pour correspondre aux pr\u00e9f\u00e9rences esth\u00e9tiques et de style de votre maison.<\/p>\n<p><strong>Q\u00a0: Quelles sont les dimensions du canap\u00e9 Fedra\u00a0?<\/strong><br \/>R\u00a0: Les dimensions du canap\u00e9 Fedra d\u00e9pendent de la configuration que vous choisissez. Chaque module peut \u00eatre agenc\u00e9 pour s&rsquo;adapter \u00e0 votre espace, permettant une flexibilit\u00e9 en termes de taille et d&rsquo;agencement. La hauteur du si\u00e8ge est de 44 cm (17,32 po) et la profondeur et la hauteur hors tout varient en fonction des modules s\u00e9lectionn\u00e9s.<\/p>\n<p><strong>Q\u00a0: Un rev\u00eatement en cuir est-il disponible pour le canap\u00e9 Fedra\u00a0?<\/strong><br \/>R\u00a0: Oui, un rev\u00eatement en cuir est disponible pour le canap\u00e9 Fedra, bien que cela puisse entra\u00eener un co\u00fbt suppl\u00e9mentaire. Vous pouvez \u00e9galement choisir parmi une large gamme d&rsquo;options de tissus pour personnaliser le canap\u00e9 selon vos go\u00fbts sp\u00e9cifiques.<\/p>\n<p><strong>Q\u00a0: Comment puis-je personnaliser le canap\u00e9 Fedra\u00a0?<\/strong><br \/>R\u00a0: Le canap\u00e9 Fedra offre de nombreuses options de personnalisation, notamment un rev\u00eatement en tissu ou en cuir, des finitions de pieds et une vari\u00e9t\u00e9 de configurations modulaires. Cela garantit que le canap\u00e9 s&rsquo;adapte non seulement \u00e0 votre espace, mais qu&rsquo;il correspond \u00e9galement \u00e0 votre style personnel et \u00e0 vos besoins de confort.<\/p>\n<p> <svg viewBox=\"0 0 448 512\" xmlns=\"http:\/\/www.w3.org\/2000\/svg\"><path d=\"M416 208H272V64c0-17,67-14,33-32-32-32h-32c-17,67 0-32 14,33-32 32v144H32c-17,67 0-32 14,33-32 32v32c0 17,67 14,33 32 32 32h144v144c0 17,67 14,33 32 32 32h32c17,67 0 32-14,33 32-32V304h144c17,67 0 32-14,33 32-32v-32c0-17.67-14.33-32-32-32z\"><\/chemin><\/svg><br \/>\n <svg viewBox=\"0 0 448 512\" xmlns=\"http:\/\/www.w3.org\/2000\/svg\"><chemin d=\"M416 208H32c-17.67 0-32 14.33-32 32v32c0 17.67 14.33 32 32 32h384c17.67 0 32-14.33 32-32v-32c0-17.67-14.33-32-32-32z\"><\/path><\/svg><br \/>\n <a tabindex=\"0\">Produit Options<\/a><br \/>\n <strong>Compte tenu de la grande polyvalence et des nombreuses options de personnalisation disponibles pour ce meuble, nous vous conseillons fortement de vous connecter et d&rsquo;utiliser l&rsquo;option \u00ab\u00a0Ajouter au devis\u00a0\u00bb\u00a0; bouton.<\/strong><\/p>\n<ul>\n<li>Disponible en tissus<\/li>\n<li>Trois options d&rsquo;accoudoirs diff\u00e9rentes\u00a0:<\/li>\n<\/ul>\n<p>* &#8220;V&#8221; bras large, 20 cm d&rsquo;\u00e9paisseur et 61 cm de hauteur.<br \/>\n* &#8220;L&#8221; bras \u00e9troit, 12 cm d&rsquo;\u00e9paisseur et 71 cm de hauteur.<br \/>\n* &#8220;W&#8221; bras articul\u00e9 avec tige m\u00e9tallique et plateau en m\u00e9lamine (identique au mod\u00e8le Teseo).<\/p>\n<ul>\n<li>deux profondeurs diff\u00e9rentes : 95 cm ou 105 cm.<\/li>\n<li>OPTION BASIC : suspension NEA, assise 35 Kg + fibre.<br \/>\nOPTION PREMIUM : Syst\u00e8me FamaCloud. Un nouveau syst\u00e8me de suspension avec un bloc ressorts \u00e0 noyau interchangeable + polyur\u00e9thane 35 Kg<br \/>\navec noyau interchangeable + couette en fibre avec syst\u00e8me interchangeable.<\/li>\n<li>Les deux versions ont des housses amovibles.<\/li>\n<\/ul>\n","protected":false},"excerpt":{"rendered":"<p>Pr\u00e9sentation de Fedra, notre dernier programme modulaire n\u00e9 du succ\u00e8s de Teseo. Avec un design boh\u00e8me contemporain sophistiqu\u00e9 et de nombreux coussins confortables<\/p>\n","protected":false},"featured_media":37125,"template":"","meta":{"_acf_changed":false,"site-sidebar-layout":"default","site-content-layout":"","ast-site-content-layout":"default","site-content-style":"default","site-sidebar-style":"default","ast-global-header-display":"","ast-banner-title-visibility":"","ast-main-header-display":"","ast-hfb-above-header-display":"","ast-hfb-below-header-display":"","ast-hfb-mobile-header-display":"","site-post-title":"","ast-breadcrumbs-content":"","ast-featured-img":"","footer-sml-layout":"","ast-disable-related-posts":"","theme-transparent-header-meta":"default","adv-header-id-meta":"","stick-header-meta":"default","header-above-stick-meta":"","header-main-stick-meta":"","header-below-stick-meta":"","astra-migrate-meta-layouts":"set","ast-page-background-enabled":"default","ast-page-background-meta":{"desktop":{"background-color":"var(--ast-global-color-4)","background-image":"","background-repeat":"repeat","background-position":"center center","background-size":"auto","background-attachment":"scroll","background-type":"","background-media":"","overlay-type":"","overlay-color":"","overlay-opacity":"","overlay-gradient":""},"tablet":{"background-color":"","background-image":"","background-repeat":"repeat","background-position":"center center","background-size":"auto","background-attachment":"scroll","background-type":"","background-media":"","overlay-type":"","overlay-color":"","overlay-opacity":"","overlay-gradient":""},"mobile":{"background-color":"","background-image":"","background-repeat":"repeat","background-position":"center center","background-size":"auto","background-attachment":"scroll","background-type":"","background-media":"","overlay-type":"","overlay-color":"","overlay-opacity":"","overlay-gradient":""}},"ast-content-background-meta":{"desktop":{"background-color":"var(--ast-global-color-5)","background-image":"","background-repeat":"repeat","background-position":"center center","background-size":"auto","background-attachment":"scroll","background-type":"","background-media":"","overlay-type":"","overlay-color":"","overlay-opacity":"","overlay-gradient":""},"tablet":{"background-color":"var(--ast-global-color-5)","background-image":"","background-repeat":"repeat","background-position":"center center","background-size":"auto","background-attachment":"scroll","background-type":"","background-media":"","overlay-type":"","overlay-color":"","overlay-opacity":"","overlay-gradient":""},"mobile":{"background-color":"var(--ast-global-color-5)","background-image":"","background-repeat":"repeat","background-position":"center center","background-size":"auto","background-attachment":"scroll","background-type":"","background-media":"","overlay-type":"","overlay-color":"","overlay-opacity":"","overlay-gradient":""}}},"product_brand":[],"product_cat":[77],"product_tag":[79,81],"class_list":{"0":"post-41213","1":"product","2":"type-product","3":"status-publish","4":"has-post-thumbnail","6":"product_cat-canape","7":"product_tag-a-partir-de","8":"product_tag-moderne","9":"desktop-align-center","10":"tablet-align-left","11":"mobile-align-left","13":"first","14":"instock","15":"sold-individually","16":"shipping-taxable","17":"purchasable","18":"product-type-variable"},"acf":[],"_links":{"self":[{"href":"https:\/\/famaliving.ca\/fr\/wp-json\/wp\/v2\/product\/41213","targetHints":{"allow":["GET"]}}],"collection":[{"href":"https:\/\/famaliving.ca\/fr\/wp-json\/wp\/v2\/product"}],"about":[{"href":"https:\/\/famaliving.ca\/fr\/wp-json\/wp\/v2\/types\/product"}],"version-history":[{"count":1,"href":"https:\/\/famaliving.ca\/fr\/wp-json\/wp\/v2\/product\/41213\/revisions"}],"predecessor-version":[{"id":41587,"href":"https:\/\/famaliving.ca\/fr\/wp-json\/wp\/v2\/product\/41213\/revisions\/41587"}],"wp:featuredmedia":[{"embeddable":true,"href":"https:\/\/famaliving.ca\/fr\/wp-json\/wp\/v2\/media\/37125"}],"wp:attachment":[{"href":"https:\/\/famaliving.ca\/fr\/wp-json\/wp\/v2\/media?parent=41213"}],"wp:term":[{"taxonomy":"product_brand","embeddable":true,"href":"https:\/\/famaliving.ca\/fr\/wp-json\/wp\/v2\/product_brand?post=41213"},{"taxonomy":"product_cat","embeddable":true,"href":"https:\/\/famaliving.ca\/fr\/wp-json\/wp\/v2\/product_cat?post=41213"},{"taxonomy":"product_tag","embeddable":true,"href":"https:\/\/famaliving.ca\/fr\/wp-json\/wp\/v2\/product_tag?post=41213"}],"curies":[{"name":"wp","href":"https:\/\/api.w.org\/{rel}","templated":true}]}}