{"id":41214,"date":"2025-04-29T12:07:50","date_gmt":"2025-04-29T16:07:50","guid":{"rendered":"https:\/\/famaliving.ca\/product\/fauteuil-contemporain-boston\/"},"modified":"2025-04-29T13:22:06","modified_gmt":"2025-04-29T17:22:06","slug":"fauteuil-contemporain-boston","status":"publish","type":"product","link":"https:\/\/famaliving.ca\/fr\/produit\/fauteuil-contemporain-boston\/","title":{"rendered":"Fauteuil Contemporain Boston"},"content":{"rendered":"<p><a tabindex=\"0\">Configuration et t\u00e9l\u00e9chargements<\/a><\/p>\n<p>T\u00e9l\u00e9chargez la documentation technique\u00a0: sch\u00e9mas, mesures, d\u00e9tails techniques, brochures et manuels.<\/p>\n<ul>\n<li><a href=\"https:\/\/famaliving.ca\/wp-content\/uploads\/sites\/29\/Boston-Data-sheet-Famaliving-Montreal.pdf\" target=\"_blank\" rel=\"noopener noreferrer\">Boston \u2013 Fiche technique<\/a><\/li>\n<li><a href=\"https:\/\/famaliving.ca\/wp-content\/uploads\/sites\/29\/Boston-Instuctions-Famaliving-Montreal.pdf\" target=\"_blank\" rel=\"noopener noreferrer\">Boston \u2013 Instructions<\/a><\/li>\n<li><a href=\"https:\/\/famaliving.ca\/wp-content\/uploads\/sites\/29\/Boston-Information-Famaliving-Montreal.pdf\" target=\"_blank\" rel=\"noopener noreferrer\">Boston \u2013 Informations<\/a><\/li>\n<\/ul>\n<p><strong>Explorez la configurabilit\u00e9 de Boston avec notre <a href=\"\/fr\/3d\/\" target=\"_blank\" rel=\"noopener\">Simulation de conception 3D&gt;&gt;<\/a><\/strong><\/p>\n<p><a tabindex=\"0\">\u00c0 propos du produit<\/a><\/p>\n<p><strong>Q\u00a0: Qu&rsquo;est-ce que le fauteuil Boston\u00a0?<\/strong><\/p>\n<p>A\u00a0: Le fauteuil Boston de Famaliving est une pi\u00e8ce \u00e9l\u00e9gante et moderne con\u00e7ue pour offrir \u00e0 la fois confort et sophistication. Avec ses lignes \u00e9pur\u00e9es et son design ergonomique, le fauteuil Boston est une option polyvalente qui s&rsquo;int\u00e8gre parfaitement \u00e0 diff\u00e9rents styles d&rsquo;int\u00e9rieur, du contemporain au transitionnel.<\/p>\n<p><strong>Q\u00a0:\u00a0Qu&rsquo;est-ce qui rend le fauteuil Boston unique\u00a0?<\/strong><\/p>\n<p>A : Le fauteuil Boston se d\u00e9marque par sa silhouette \u00e9pur\u00e9e et moderne, offrant un \u00e9quilibre entre confort et style. Son design ergonomique assure un soutien maximal, ce qui en fait un choix id\u00e9al pour se d\u00e9tendre ou lire. Le rev\u00eatement personnalisable et le design minimaliste en font une pi\u00e8ce polyvalente adapt\u00e9e \u00e0 n&rsquo;importe quelle pi\u00e8ce.<\/p>\n<p><strong>Q\u00a0: Puis-je personnaliser le fauteuil Boston avec des accessoires\u00a0?<\/strong><\/p>\n<p>A\u00a0: Oui, le fauteuil Boston est hautement personnalisable. Vous pouvez choisir parmi plus de 500 options de tissus, vous permettant de personnaliser la couleur, la texture et le motif en fonction de votre d\u00e9cor. Vous pouvez \u00e9galement ajouter des coussins ou des plaids d\u00e9coratifs pour rehausser encore davantage son style et son confort.<\/p>\n<p><strong>Q\u00a0: Quelles sont les caract\u00e9ristiques d&rsquo;assise du fauteuil Boston\u00a0?<\/strong><\/p>\n<p>A\u00a0: Le fauteuil Boston offre une assise moelleuse et profonde avec un dossier de soutien, con\u00e7u pour offrir \u00e0 la fois confort et bonne posture. Son design contemporain lui conf\u00e8re non seulement un look \u00e9l\u00e9gant, mais offre \u00e9galement une exp\u00e9rience d&rsquo;assise relaxante pour un usage quotidien.<\/p>\n<p><strong>Q\u00a0: Existe-t-il diff\u00e9rentes options de pieds pour le fauteuil Boston\u00a0?<\/strong><\/p>\n<p>A\u00a0: Oui, le fauteuil Boston est livr\u00e9 avec des options de pieds personnalisables. Les pieds par d\u00e9faut sont modernes et \u00e9l\u00e9gants, mais vous pouvez choisir parmi diff\u00e9rentes finitions et mat\u00e9riaux pour correspondre \u00e0 votre design int\u00e9rieur et \u00e0 vos pr\u00e9f\u00e9rences personnelles.<\/p>\n<p><strong>Q\u00a0: Quelles sont les dimensions du fauteuil Boston\u00a0?<\/strong><\/p>\n<p>A\u00a0: La hauteur du si\u00e8ge est de 44 cm (17,32 pouces), avec une profondeur totale de 85 cm (33,46 pouces) et une hauteur totale de 90 cm (35,43 pouces), offrant une option d&rsquo;assise confortable et compacte qui s&rsquo;adapte bien \u00e0 divers espaces.<\/p>\n<p><strong>Q\u00a0: Un rev\u00eatement en cuir est-il disponible pour le fauteuil Boston\u00a0?<\/strong><\/p>\n<p>A\u00a0: Oui, un rev\u00eatement en cuir est disponible pour le fauteuil Boston, mais cela peut entra\u00eener un co\u00fbt suppl\u00e9mentaire. Alternativement, vous pouvez choisir parmi une large gamme d\u2019options de tissus en fonction de votre style personnel et de votre d\u00e9coration int\u00e9rieure.<\/p>\n<p><strong>Q\u00a0: Comment personnaliser le fauteuil Boston\u00a0?<\/strong><\/p>\n<p>A : Le fauteuil Boston offre de nombreuses options de personnalisation, notamment un rev\u00eatement en tissu ou en cuir, des finitions de pieds et l&rsquo;ajout d&rsquo;accessoires tels que des coussins. Cela vous permet de cr\u00e9er une chaise qui non seulement compl\u00e8te votre espace, mais refl\u00e8te \u00e9galement vos go\u00fbts personnels et vos besoins de confort.<\/p>\n<p><a tabindex=\"0\">Options du produit<\/a><\/p>\n<p><strong>Compte tenu de la grande polyvalence et des nombreuses options de personnalisation disponibles pour ce meuble, nous vous conseillons fortement de vous connecter et d&rsquo;utiliser le bouton \u00ab\u00a0Ajouter au devis\u00a0\u00bb.<\/strong><\/p>\n<ul>\n<li>Disponible en tissus<\/li>\n<li>Disponible en 2 largeurs d&rsquo;assise diff\u00e9rentes : 96 cm ou 121 cm (You&amp;Me).<\/li>\n<li>Bras : 18 cm ou 10,5 cm.<\/li>\n<li>Options de pieds : bois ou m\u00e9tal, diff\u00e9rentes formes.<\/li>\n<\/ul>\n","protected":false},"excerpt":{"rendered":"<p>Le fauteuil Boston en taille standard assise 75 cm, ou You&amp;Me en taille assise 100 cm, offre un grand confort \u00e0 tous les utilisateurs gr\u00e2ce \u00e0 la construction de son dossier l\u00e9g\u00e8rement flexible. La combinaison de lignes courbes et droites est essentielle dans ce design \u00e9quilibr\u00e9 et contemporain. Les deux versions sont livr\u00e9es avec un coussin d&rsquo;appui-t\u00eate et la version plus large comprend \u00e9galement un coussin lombaire.<\/p>\n","protected":false},"featured_media":34815,"template":"","meta":{"_acf_changed":false,"site-sidebar-layout":"default","site-content-layout":"","ast-site-content-layout":"default","site-content-style":"default","site-sidebar-style":"default","ast-global-header-display":"","ast-banner-title-visibility":"","ast-main-header-display":"","ast-hfb-above-header-display":"","ast-hfb-below-header-display":"","ast-hfb-mobile-header-display":"","site-post-title":"","ast-breadcrumbs-content":"","ast-featured-img":"","footer-sml-layout":"","ast-disable-related-posts":"","theme-transparent-header-meta":"default","adv-header-id-meta":"","stick-header-meta":"default","header-above-stick-meta":"","header-main-stick-meta":"","header-below-stick-meta":"","astra-migrate-meta-layouts":"set","ast-page-background-enabled":"default","ast-page-background-meta":{"desktop":{"background-color":"var(--ast-global-color-4)","background-image":"","background-repeat":"repeat","background-position":"center center","background-size":"auto","background-attachment":"scroll","background-type":"","background-media":"","overlay-type":"","overlay-color":"","overlay-opacity":"","overlay-gradient":""},"tablet":{"background-color":"","background-image":"","background-repeat":"repeat","background-position":"center center","background-size":"auto","background-attachment":"scroll","background-type":"","background-media":"","overlay-type":"","overlay-color":"","overlay-opacity":"","overlay-gradient":""},"mobile":{"background-color":"","background-image":"","background-repeat":"repeat","background-position":"center center","background-size":"auto","background-attachment":"scroll","background-type":"","background-media":"","overlay-type":"","overlay-color":"","overlay-opacity":"","overlay-gradient":""}},"ast-content-background-meta":{"desktop":{"background-color":"var(--ast-global-color-5)","background-image":"","background-repeat":"repeat","background-position":"center center","background-size":"auto","background-attachment":"scroll","background-type":"","background-media":"","overlay-type":"","overlay-color":"","overlay-opacity":"","overlay-gradient":""},"tablet":{"background-color":"var(--ast-global-color-5)","background-image":"","background-repeat":"repeat","background-position":"center center","background-size":"auto","background-attachment":"scroll","background-type":"","background-media":"","overlay-type":"","overlay-color":"","overlay-opacity":"","overlay-gradient":""},"mobile":{"background-color":"var(--ast-global-color-5)","background-image":"","background-repeat":"repeat","background-position":"center center","background-size":"auto","background-attachment":"scroll","background-type":"","background-media":"","overlay-type":"","overlay-color":"","overlay-opacity":"","overlay-gradient":""}}},"product_brand":[],"product_cat":[72],"product_tag":[79,104,81],"class_list":{"0":"post-41214","1":"product","2":"type-product","3":"status-publish","4":"has-post-thumbnail","6":"product_cat-fauteuils-et-inclinaisons","7":"product_tag-a-partir-de","8":"product_tag-fauteuils-et-fauteuils-inclinables","9":"product_tag-moderne","10":"desktop-align-center","11":"tablet-align-left","12":"mobile-align-left","14":"first","15":"instock","16":"sold-individually","17":"shipping-taxable","18":"purchasable","19":"product-type-variable"},"acf":[],"_links":{"self":[{"href":"https:\/\/famaliving.ca\/fr\/wp-json\/wp\/v2\/product\/41214","targetHints":{"allow":["GET"]}}],"collection":[{"href":"https:\/\/famaliving.ca\/fr\/wp-json\/wp\/v2\/product"}],"about":[{"href":"https:\/\/famaliving.ca\/fr\/wp-json\/wp\/v2\/types\/product"}],"version-history":[{"count":1,"href":"https:\/\/famaliving.ca\/fr\/wp-json\/wp\/v2\/product\/41214\/revisions"}],"predecessor-version":[{"id":41550,"href":"https:\/\/famaliving.ca\/fr\/wp-json\/wp\/v2\/product\/41214\/revisions\/41550"}],"wp:featuredmedia":[{"embeddable":true,"href":"https:\/\/famaliving.ca\/fr\/wp-json\/wp\/v2\/media\/34815"}],"wp:attachment":[{"href":"https:\/\/famaliving.ca\/fr\/wp-json\/wp\/v2\/media?parent=41214"}],"wp:term":[{"taxonomy":"product_brand","embeddable":true,"href":"https:\/\/famaliving.ca\/fr\/wp-json\/wp\/v2\/product_brand?post=41214"},{"taxonomy":"product_cat","embeddable":true,"href":"https:\/\/famaliving.ca\/fr\/wp-json\/wp\/v2\/product_cat?post=41214"},{"taxonomy":"product_tag","embeddable":true,"href":"https:\/\/famaliving.ca\/fr\/wp-json\/wp\/v2\/product_tag?post=41214"}],"curies":[{"name":"wp","href":"https:\/\/api.w.org\/{rel}","templated":true}]}}