{"id":41215,"date":"2025-04-29T12:07:51","date_gmt":"2025-04-29T16:07:51","guid":{"rendered":"https:\/\/famaliving.ca\/product\/canape-helsinki\/"},"modified":"2025-04-29T15:16:23","modified_gmt":"2025-04-29T19:16:23","slug":"canape-helsinki","status":"publish","type":"product","link":"https:\/\/famaliving.ca\/fr\/produit\/canape-helsinki\/","title":{"rendered":"Canap\u00e9 Helsinki"},"content":{"rendered":"<p><svg viewBox=\"0 0 448 512\" xmlns=\"http:\/\/www.w3.org\/2000\/svg\"><path d=\"M416 208H272V64c0-17.67-14.33-32-32-32h-32c-17.67 0-32 14.33-32 32v144H32c-17.67 0-32 14.33-32 32v32c0 17.67 14.33 32 32 32h144v144c0 17.67 14.33 32 32 32h32c17.67 0 32-14.33 32-32V304h144c17.67 0 32-14.33 32-32v-32c0-17.67-14.33-32-32-32z\"><\/path><\/svg><br \/>\n <svg viewBox=\"0 0 448 512\" xmlns=\"http:\/\/www.w3.org\/2000\/svg\"><chemin d=\"M416 208H32c-17.67 0-32 14.33-32 32v32c0 17.67 14.33 32 32 32h384c17.67 0 32-14.33 32-32v-32c0-17.67-14.33-32-32-32z\"><\/path><\/svg><br \/>\n <a tabindex=\"0\">Configuration et t\u00e9l\u00e9chargements<\/a><br \/>\n T\u00e9l\u00e9chargez la documentation technique\u00a0: sch\u00e9mas, mesures, d\u00e9tails techniques, brochures et manuels.<\/p>\n<ul>\n<li><a href='https:\/\/famaliving.ca\/wp-content\/uploads\/sites\/29\/Helsinki-Data-sheet-famaliving-Montreal-1.pdf' target='_blank' rel=\"noopener noreferrer\"> Helsinki &#8211; Fiche technique <\/a><\/li>\n<li><a href='https:\/\/famaliving.ca\/wp-content\/uploads\/sites\/29\/Helsinki-Sketch-famaliving-Montreal-1.pdf' target='_blank' rel=\"noopener noreferrer\"> Helsinki &#8211; Croquis <\/a><\/li>\n<li><a href='https:\/\/famaliving.ca\/wp-content\/uploads\/sites\/29\/Helsinki-Instructions-famaliving-Montreal-1.pdf' target='_blank' rel=\"noopener noreferrer\"> Helsinki &#8211; Instructions <\/a><\/li>\n<li><a href='https:\/\/famaliving.ca\/wp-content\/uploads\/sites\/29\/Helsinki-Information-famaliving-Montreal-1.pdf' target='_blank' rel=\"noopener noreferrer\"> Helsinki &#8211; Informations <\/a><\/li>\n<\/ul>\n<p><strong>Explorez la configurabilit\u00e9 d&rsquo;Helsinki avec notre <a href='\/fr\/3d\/' target='_blank' rel=\"noopener\">Simulation de conception 3D&gt;&gt;<\/a><\/strong><br \/>\n <svg viewBox=\"0 0 448 512\" xmlns=\"http:\/\/www.w3.org\/2000\/svg\"><chemin d=\"M416 208H272V64c0-17.67-14.33-32-32-32h-32c-17.67 0-32 14.33-32 32v144H32c-17.67 0-32 14.33-32 32v32c0 17.67 14.33 32 32 32h144v144c0 17.67 14.33 32 32 32h32c17.67 0 32-14.33 32-32V304h144c17.67 0 32-14.33 32-32v-32c0-17.67-14.33-32-32-32z\"><\/path><\/svg><br \/>\n <svg viewBox=\"0 0 448 512\" xmlns=\"http:\/\/www.w3.org\/2000\/svg\"><path d=\"M416 208H32c-17.67 0-32 14.33-32 32v32c0 17.67 14.33 32 32 32h384c17.67 0 32-14.33 32-32v-32c0-17.67-14.33-32-32-32z\"><\/path><\/svg><br \/>\n <a tabindex=\"0\">\u00c0 propos du produit<\/a><\/p>\n<p><strong>Q\u00a0: Qu&rsquo;est-ce que le canap\u00e9 Helsinki\u00a0?<\/strong><br \/>R\u00a0: Le canap\u00e9 Helsinki de Famaliving est une option de si\u00e8ge moderne et minimaliste qui combine des lignes \u00e9pur\u00e9es et un confort sup\u00e9rieur. Son design \u00e9l\u00e9gant le rend id\u00e9al pour les espaces de vie contemporains, offrant \u00e0 la fois style et fonctionnalit\u00e9 dans une forme compacte.<\/p>\n<p><strong>Q : Qu&rsquo;est-ce qui rend le canap\u00e9 Helsinki unique ?<\/strong><br \/>A : Le canap\u00e9 Helsinki se distingue par son design simple et \u00e9pur\u00e9 qui s&rsquo;int\u00e8gre sans effort dans les int\u00e9rieurs modernes. Ses si\u00e8ges profonds et moelleux offrent un confort sans compromettre son esth\u00e9tique \u00e9l\u00e9gante. Le Helsinki est \u00e9galement polyvalent, avec des options de personnalisation pour s&rsquo;adapter \u00e0 votre style individuel et \u00e0 vos besoins d&rsquo;espace.<\/p>\n<p><strong>Q\u00a0: Puis-je personnaliser le canap\u00e9 Helsinki avec des accessoires\u00a0?<\/strong><br \/>R\u00a0: Oui, le canap\u00e9 Helsinki est hautement personnalisable. Vous pouvez choisir parmi plus de 500 options de tissus, vous permettant de personnaliser le canap\u00e9 en fonction de votre d\u00e9cor. De plus, vous pouvez ajouter des repose-pieds, des coussins ou des chaises assorties pour cr\u00e9er un look coh\u00e9rent dans votre espace de vie.<\/p>\n<p><strong>Q\u00a0: Quelles sont les caract\u00e9ristiques d&rsquo;assise du canap\u00e9 Helsinki\u00a0?<\/strong><br \/>R\u00a0: Le Helsinki offre une assise profonde et offrant un bon soutien avec des coussins moelleux, ce qui le rend parfait pour se pr\u00e9lasser ou s&rsquo;asseoir de mani\u00e8re d\u00e9contract\u00e9e. Son design ergonomique assure le confort tout en conservant une apparence \u00e9l\u00e9gante et moderne, id\u00e9ale pour un usage quotidien.<\/p>\n<p><strong>Q\u00a0: Existe-t-il diff\u00e9rentes options de pieds pour le canap\u00e9 Helsinki\u00a0?<\/strong><br \/>R\u00a0: Oui, le canap\u00e9 Helsinki est livr\u00e9 avec des options de pieds personnalisables. Les pieds par d\u00e9faut sont fins et modernes, mais vous pouvez choisir parmi diff\u00e9rentes finitions et mat\u00e9riaux pour correspondre au style et aux pr\u00e9f\u00e9rences de conception de votre maison.<\/p>\n<p><strong>Q\u00a0: Quelles sont les dimensions du canap\u00e9 Helsinki\u00a0?<\/strong><br \/>A\u00a0: La hauteur du si\u00e8ge est de 44 cm (17,32 po), avec une profondeur totale de 100 cm (39,37 po) et une hauteur totale de 85 cm (33,46 po). Les dimensions exactes peuvent varier en fonction du mod\u00e8le et de la configuration sp\u00e9cifiques.<\/p>\n<p><strong>Q\u00a0: Un rev\u00eatement en cuir est-il disponible pour le canap\u00e9 Helsinki\u00a0?<\/strong><br \/>R\u00a0: Oui, un rev\u00eatement en cuir est disponible pour le canap\u00e9 Helsinki, bien que cela puisse entra\u00eener un co\u00fbt suppl\u00e9mentaire. Alternativement, vous pouvez choisir parmi une large gamme d&rsquo;options de tissus pour cr\u00e9er un look personnalis\u00e9 qui s&rsquo;adapte \u00e0 votre d\u00e9coration int\u00e9rieure.<\/p>\n<p><strong>Q\u00a0: Comment puis-je personnaliser le canap\u00e9 Helsinki\u00a0?<\/strong><br \/>R\u00a0: Le canap\u00e9 Helsinki offre de nombreuses options de personnalisation, notamment un rev\u00eatement en tissu ou en cuir, des finitions de pieds et l&rsquo;ajout d&rsquo;accessoires tels que des coussins ou des repose-pieds. Cela vous permet de cr\u00e9er une solution de si\u00e8ge unique et confortable qui refl\u00e8te votre style personnel.<\/p>\n<p> <svg viewBox=\"0 0 448 512\" xmlns=\"http:\/\/www.w3.org\/2000\/svg\"><path d=\"M416 208H272V64c0-17.67-14.33-32-32-32h-32c-17.67 0-32 14.33-32 32v144H32c-17.67 0-32 14.33-32 32v32c0 17.67 14.33 32 32 32h144v144c0 17.67 14.33 32 32 32h32c17.67 0 32-14.33 32-32V304h144c17.67 0 32-14.33 32-32v-32c0-17.67-14.33-32-32-32z\"><\/path><\/svg><br \/>\n <svg viewBox=\"0 0 448 512\" xmlns=\"http:\/\/www.w3.org\/2000\/svg\"><chemin d=\"M416 208H32c-17.67 0-32 14.33-32 32v32c0 17.67 14.33 32 32 32h384c17.67 0 32-14.33 32-32v-32c0-17.67-14.33-32-32-32z\"><\/path><\/svg><br \/>\n <a tabindex=\"0\">Options du produit<\/a><br \/>\n <strong>Compte tenu de la grande polyvalence et des nombreuses options de personnalisation disponibles pour ce meuble, nous vous conseillons fortement de vous connecter et d&rsquo;utiliser l&rsquo;option \u00ab\u00a0Ajouter au devis\u00a0\u00bb\u00a0; bouton.<\/strong><\/p>\n<ul>\n<li>Disponible en tissus<\/li>\n<li>Trois options d&rsquo;accoudoirs diff\u00e9rentes\u00a0:<\/li>\n<\/ul>\n<p>* &#8220;V&#8221; bras large, 20 cm d&rsquo;\u00e9paisseur et 61 cm de hauteur.<br \/>\n* &#8220;L&#8221; bras \u00e9troit, 12 cm d&rsquo;\u00e9paisseur et 71 cm de hauteur.<br \/>\n* &#8220;W&#8221; bras articul\u00e9 avec tige m\u00e9tallique et plateau en m\u00e9lamine (identique au mod\u00e8le Teseo).<\/p>\n<ul>\n<li>deux profondeurs diff\u00e9rentes : 95 cm ou 105 cm.<\/li>\n<li>OPTION BASIC : suspension NEA, assise 35 Kg + fibre.<br \/>\nOPTION PREMIUM : Syst\u00e8me FamaCloud. Un nouveau syst\u00e8me de suspension avec un bloc ressorts \u00e0 noyau interchangeable + polyur\u00e9thane 35 Kg<br \/>\navec noyau interchangeable + couette en fibre avec syst\u00e8me interchangeable.<\/li>\n<li>Les deux versions ont des housses amovibles.<\/li>\n<\/ul>\n","protected":false},"excerpt":{"rendered":"<p>D\u00e9couvrez Helsinki, un canap\u00e9 sectionnel inspir\u00e9 du design nordique des ann\u00e9es 60 qui offre une \u00e9l\u00e9gance intemporelle avec des lignes subtiles et des options modulaires.<\/p>\n","protected":false},"featured_media":37237,"template":"","meta":{"_acf_changed":false,"site-sidebar-layout":"default","site-content-layout":"","ast-site-content-layout":"default","site-content-style":"default","site-sidebar-style":"default","ast-global-header-display":"","ast-banner-title-visibility":"","ast-main-header-display":"","ast-hfb-above-header-display":"","ast-hfb-below-header-display":"","ast-hfb-mobile-header-display":"","site-post-title":"","ast-breadcrumbs-content":"","ast-featured-img":"","footer-sml-layout":"","ast-disable-related-posts":"","theme-transparent-header-meta":"default","adv-header-id-meta":"","stick-header-meta":"default","header-above-stick-meta":"","header-main-stick-meta":"","header-below-stick-meta":"","astra-migrate-meta-layouts":"set","ast-page-background-enabled":"default","ast-page-background-meta":{"desktop":{"background-color":"var(--ast-global-color-4)","background-image":"","background-repeat":"repeat","background-position":"center center","background-size":"auto","background-attachment":"scroll","background-type":"","background-media":"","overlay-type":"","overlay-color":"","overlay-opacity":"","overlay-gradient":""},"tablet":{"background-color":"","background-image":"","background-repeat":"repeat","background-position":"center center","background-size":"auto","background-attachment":"scroll","background-type":"","background-media":"","overlay-type":"","overlay-color":"","overlay-opacity":"","overlay-gradient":""},"mobile":{"background-color":"","background-image":"","background-repeat":"repeat","background-position":"center center","background-size":"auto","background-attachment":"scroll","background-type":"","background-media":"","overlay-type":"","overlay-color":"","overlay-opacity":"","overlay-gradient":""}},"ast-content-background-meta":{"desktop":{"background-color":"var(--ast-global-color-5)","background-image":"","background-repeat":"repeat","background-position":"center center","background-size":"auto","background-attachment":"scroll","background-type":"","background-media":"","overlay-type":"","overlay-color":"","overlay-opacity":"","overlay-gradient":""},"tablet":{"background-color":"var(--ast-global-color-5)","background-image":"","background-repeat":"repeat","background-position":"center center","background-size":"auto","background-attachment":"scroll","background-type":"","background-media":"","overlay-type":"","overlay-color":"","overlay-opacity":"","overlay-gradient":""},"mobile":{"background-color":"var(--ast-global-color-5)","background-image":"","background-repeat":"repeat","background-position":"center center","background-size":"auto","background-attachment":"scroll","background-type":"","background-media":"","overlay-type":"","overlay-color":"","overlay-opacity":"","overlay-gradient":""}}},"product_brand":[],"product_cat":[77],"product_tag":[79,81],"class_list":{"0":"post-41215","1":"product","2":"type-product","3":"status-publish","4":"has-post-thumbnail","6":"product_cat-canape","7":"product_tag-a-partir-de","8":"product_tag-moderne","9":"desktop-align-center","10":"tablet-align-left","11":"mobile-align-left","13":"first","14":"instock","15":"sold-individually","16":"shipping-taxable","17":"purchasable","18":"product-type-variable"},"acf":[],"_links":{"self":[{"href":"https:\/\/famaliving.ca\/fr\/wp-json\/wp\/v2\/product\/41215","targetHints":{"allow":["GET"]}}],"collection":[{"href":"https:\/\/famaliving.ca\/fr\/wp-json\/wp\/v2\/product"}],"about":[{"href":"https:\/\/famaliving.ca\/fr\/wp-json\/wp\/v2\/types\/product"}],"version-history":[{"count":1,"href":"https:\/\/famaliving.ca\/fr\/wp-json\/wp\/v2\/product\/41215\/revisions"}],"predecessor-version":[{"id":41586,"href":"https:\/\/famaliving.ca\/fr\/wp-json\/wp\/v2\/product\/41215\/revisions\/41586"}],"wp:featuredmedia":[{"embeddable":true,"href":"https:\/\/famaliving.ca\/fr\/wp-json\/wp\/v2\/media\/37237"}],"wp:attachment":[{"href":"https:\/\/famaliving.ca\/fr\/wp-json\/wp\/v2\/media?parent=41215"}],"wp:term":[{"taxonomy":"product_brand","embeddable":true,"href":"https:\/\/famaliving.ca\/fr\/wp-json\/wp\/v2\/product_brand?post=41215"},{"taxonomy":"product_cat","embeddable":true,"href":"https:\/\/famaliving.ca\/fr\/wp-json\/wp\/v2\/product_cat?post=41215"},{"taxonomy":"product_tag","embeddable":true,"href":"https:\/\/famaliving.ca\/fr\/wp-json\/wp\/v2\/product_tag?post=41215"}],"curies":[{"name":"wp","href":"https:\/\/api.w.org\/{rel}","templated":true}]}}