{"id":41216,"date":"2025-04-29T12:07:52","date_gmt":"2025-04-29T16:07:52","guid":{"rendered":"https:\/\/famaliving.ca\/product\/canape-elegant-en-velours-josephine\/"},"modified":"2025-04-29T15:19:20","modified_gmt":"2025-04-29T19:19:20","slug":"canape-elegant-en-velours-josephine","status":"publish","type":"product","link":"https:\/\/famaliving.ca\/fr\/produit\/canape-elegant-en-velours-josephine\/","title":{"rendered":"Canap\u00e9 \u00e9l\u00e9gant en velours Josephine"},"content":{"rendered":"<p><a>Configuration et t\u00e9l\u00e9chargements<\/a><\/p>\n<p>T\u00e9l\u00e9chargez la documentation technique\u00a0: sch\u00e9mas, mesures, d\u00e9tails techniques, brochures et manuels.<\/p>\n<ul>\n<li><a href=\"https:\/\/famaliving.ca\/wp-content\/uploads\/sites\/29\/Josephine-Data-Sheet-Famaliving-Montreal.pdf\" target=\"_blank\" rel=\"noopener noreferrer\">Jos\u00e9phine \u2013 Fiche technique <\/a><\/li>\n<li><a href=\"https:\/\/famaliving.ca\/wp-content\/uploads\/sites\/29\/Josephine-Sketch-Famaliving-Montreal.pdf\" target=\"_blank\" rel=\"noopener noreferrer\">Jos\u00e9phine \u2013 Croquis<\/a><\/li>\n<li><a href=\"https:\/\/famaliving.ca\/wp-content\/uploads\/sites\/29\/Josephine-Information-Famaliving-Montreal.pdf\" target=\"_blank\" rel=\"noopener noreferrer\">Jos\u00e9phine \u2013 Informations<\/a><\/li>\n<li><a href=\"https:\/\/famaliving.ca\/wp-content\/uploads\/sites\/29\/Josephine-Instructions-Famaliving-Montreal.pdf\" target=\"_blank\" rel=\"noopener noreferrer\">Jos\u00e9phine \u2013 Instructions <\/a><\/li>\n<\/ul>\n<p><strong>Explorez la configurabilit\u00e9 de Jos\u00e9phine avec notre <a href=\"\/fr\/3d\/\" target=\"_blank\" rel=\"noopener\">Simulation de conception 3D&gt;&gt;<\/a><\/strong><\/p>\n<p><a>\u00c0 propos du produit<\/a><\/p>\n<p><strong>Q\u00a0: Qu&rsquo;est-ce que l&rsquo;\u00e9l\u00e9gant canap\u00e9 en velours Jos\u00e9phine\u00a0?<\/strong><\/p>\n<p>A\u00a0: Jos\u00e9phine est un <strong>canap\u00e9 de style moderne<\/strong> au design glamour et sophistiqu\u00e9. Dot\u00e9 d&rsquo;une forme de <strong>canap\u00e9 \u00e0 dossier incurv\u00e9<\/strong> et d&rsquo;un dossier enveloppant, il cr\u00e9e une esth\u00e9tique saisissante qui se d\u00e9marque dans n&rsquo;importe quel espace de vie, tout en offrant \u00e0 la fois confort et \u00e9l\u00e9gance.<\/p>\n<p><strong>Q\u00a0: Existe-t-il une version fauteuil de l&rsquo;\u00e9l\u00e9gant canap\u00e9 en velours Jos\u00e9phine\u00a0?<\/strong><\/p>\n<p>A : Non, le canap\u00e9 Jos\u00e9phine n&rsquo;est pas disponible en version fauteuil.<\/p>\n<p><strong>Q\u00a0: Quels coussins sont inclus avec l&rsquo;\u00e9l\u00e9gant canap\u00e9 en velours Jos\u00e9phine\u00a0?<\/strong><\/p>\n<p>A\u00a0: Le <strong>canap\u00e9 \u00e0 dossier capitonn\u00e9<\/strong> Jos\u00e9phine comprend 2 grands coussins de dossier, 2 coussins de dossier moyens et 2 grands coussins d&rsquo;accoudoirs pour am\u00e9liorer le confort.<\/p>\n<p><strong>Q\u00a0: Existe-t-il des options de repose-pieds disponibles pour l&rsquo;\u00e9l\u00e9gant canap\u00e9 en velours Jos\u00e9phine\u00a0?<\/strong><\/p>\n<p>A\u00a0: Non, le canap\u00e9 Jos\u00e9phine ne propose pas d&rsquo;option repose-pieds.<\/p>\n<p><strong>Q\u00a0: Quelles sont les options de pieds par d\u00e9faut pour l&rsquo;\u00e9l\u00e9gant canap\u00e9 en velours Jos\u00e9phine\u00a0?<\/strong><\/p>\n<p>A\u00a0: Les pieds par d\u00e9faut du canap\u00e9 Jos\u00e9phine sont des pieds \u00e9l\u00e9gants en m\u00e9tal chrom\u00e9, compl\u00e9tant son <strong>style moderne<\/strong>.<\/p>\n<p><strong>Q\u00a0: Les pieds de l&rsquo;\u00e9l\u00e9gant canap\u00e9 en velours Jos\u00e9phine peuvent-ils \u00eatre personnalis\u00e9s\u00a0?<\/strong><\/p>\n<p>A : Non, les pieds du canap\u00e9 Jos\u00e9phine ne sont pas personnalisables.<\/p>\n<p><strong>Q\u00a0: Quelle est la hauteur totale de l&rsquo;\u00e9l\u00e9gant canap\u00e9 en velours Jos\u00e9phine\u00a0?<\/strong><\/p>\n<p>A\u00a0: La hauteur totale du canap\u00e9 Jos\u00e9phine est de 92 cm (36,2 pouces).<\/p>\n<p><a>Options du produit<\/a><\/p>\n<h2>D\u00e9couvrez l&rsquo;\u00e9l\u00e9gance du canap\u00e9 \u00e0 dossier courb\u00e9 Jos\u00e9phine<\/h2>\n<h3>Pr\u00e9sentation<\/h3>\n<p>Dans le monde du design d&rsquo;int\u00e9rieur, un canap\u00e9 est plus qu&rsquo;un simple meuble fonctionnel ; c&rsquo;est une pi\u00e8ce ma\u00eetresse qui refl\u00e8te le style et le confort. L&rsquo;<strong>\u00c9l\u00e9gant Canap\u00e9 en Velours Jos\u00e9phine<\/strong> est un <strong>canap\u00e9 \u00e0 dossier incurv\u00e9<\/strong> qui incarne le luxe et la sophistication, ce qui en fait un compl\u00e9ment id\u00e9al \u00e0 tout espace de vie moderne. Avec ses lignes \u00e9l\u00e9gantes et son rev\u00eatement moelleux, la Jos\u00e9phine offre non seulement un attrait esth\u00e9tique mais \u00e9galement un confort invitant qui vous invite \u00e0 vous d\u00e9tendre. <a href=\"https:\/\/famaliving.ca\/blog\/elegant-velvet-sofa-josephine-luxury-living-room-style\/\">Lire la suite<\/a><\/p>\n","protected":false},"excerpt":{"rendered":"<p>Jos\u00e9phine, notre canap\u00e9 en velours glamour et sophistiqu\u00e9, r\u00e9invente les typologies classiques avec une touche moderne.<\/p>\n","protected":false},"featured_media":37271,"template":"","meta":{"_acf_changed":false,"site-sidebar-layout":"default","site-content-layout":"","ast-site-content-layout":"default","site-content-style":"default","site-sidebar-style":"default","ast-global-header-display":"","ast-banner-title-visibility":"","ast-main-header-display":"","ast-hfb-above-header-display":"","ast-hfb-below-header-display":"","ast-hfb-mobile-header-display":"","site-post-title":"","ast-breadcrumbs-content":"","ast-featured-img":"","footer-sml-layout":"","ast-disable-related-posts":"","theme-transparent-header-meta":"default","adv-header-id-meta":"","stick-header-meta":"default","header-above-stick-meta":"","header-main-stick-meta":"","header-below-stick-meta":"","astra-migrate-meta-layouts":"set","ast-page-background-enabled":"default","ast-page-background-meta":{"desktop":{"background-color":"var(--ast-global-color-4)","background-image":"","background-repeat":"repeat","background-position":"center center","background-size":"auto","background-attachment":"scroll","background-type":"","background-media":"","overlay-type":"","overlay-color":"","overlay-opacity":"","overlay-gradient":""},"tablet":{"background-color":"","background-image":"","background-repeat":"repeat","background-position":"center center","background-size":"auto","background-attachment":"scroll","background-type":"","background-media":"","overlay-type":"","overlay-color":"","overlay-opacity":"","overlay-gradient":""},"mobile":{"background-color":"","background-image":"","background-repeat":"repeat","background-position":"center center","background-size":"auto","background-attachment":"scroll","background-type":"","background-media":"","overlay-type":"","overlay-color":"","overlay-opacity":"","overlay-gradient":""}},"ast-content-background-meta":{"desktop":{"background-color":"var(--ast-global-color-5)","background-image":"","background-repeat":"repeat","background-position":"center center","background-size":"auto","background-attachment":"scroll","background-type":"","background-media":"","overlay-type":"","overlay-color":"","overlay-opacity":"","overlay-gradient":""},"tablet":{"background-color":"var(--ast-global-color-5)","background-image":"","background-repeat":"repeat","background-position":"center center","background-size":"auto","background-attachment":"scroll","background-type":"","background-media":"","overlay-type":"","overlay-color":"","overlay-opacity":"","overlay-gradient":""},"mobile":{"background-color":"var(--ast-global-color-5)","background-image":"","background-repeat":"repeat","background-position":"center center","background-size":"auto","background-attachment":"scroll","background-type":"","background-media":"","overlay-type":"","overlay-color":"","overlay-opacity":"","overlay-gradient":""}}},"product_brand":[],"product_cat":[77],"product_tag":[79,81],"class_list":{"0":"post-41216","1":"product","2":"type-product","3":"status-publish","4":"has-post-thumbnail","6":"product_cat-canape","7":"product_tag-a-partir-de","8":"product_tag-moderne","9":"desktop-align-center","10":"tablet-align-left","11":"mobile-align-left","13":"first","14":"instock","15":"sold-individually","16":"shipping-taxable","17":"purchasable","18":"product-type-variable"},"acf":[],"_links":{"self":[{"href":"https:\/\/famaliving.ca\/fr\/wp-json\/wp\/v2\/product\/41216","targetHints":{"allow":["GET"]}}],"collection":[{"href":"https:\/\/famaliving.ca\/fr\/wp-json\/wp\/v2\/product"}],"about":[{"href":"https:\/\/famaliving.ca\/fr\/wp-json\/wp\/v2\/types\/product"}],"version-history":[{"count":2,"href":"https:\/\/famaliving.ca\/fr\/wp-json\/wp\/v2\/product\/41216\/revisions"}],"predecessor-version":[{"id":41618,"href":"https:\/\/famaliving.ca\/fr\/wp-json\/wp\/v2\/product\/41216\/revisions\/41618"}],"wp:featuredmedia":[{"embeddable":true,"href":"https:\/\/famaliving.ca\/fr\/wp-json\/wp\/v2\/media\/37271"}],"wp:attachment":[{"href":"https:\/\/famaliving.ca\/fr\/wp-json\/wp\/v2\/media?parent=41216"}],"wp:term":[{"taxonomy":"product_brand","embeddable":true,"href":"https:\/\/famaliving.ca\/fr\/wp-json\/wp\/v2\/product_brand?post=41216"},{"taxonomy":"product_cat","embeddable":true,"href":"https:\/\/famaliving.ca\/fr\/wp-json\/wp\/v2\/product_cat?post=41216"},{"taxonomy":"product_tag","embeddable":true,"href":"https:\/\/famaliving.ca\/fr\/wp-json\/wp\/v2\/product_tag?post=41216"}],"curies":[{"name":"wp","href":"https:\/\/api.w.org\/{rel}","templated":true}]}}