{"id":41217,"date":"2024-03-28T16:23:55","date_gmt":"2024-03-28T20:23:55","guid":{"rendered":"https:\/\/famaliving.ca\/product\/canape-classique-nina\/"},"modified":"2025-04-29T15:25:26","modified_gmt":"2025-04-29T19:25:26","slug":"canape-classique-nina","status":"publish","type":"product","link":"https:\/\/famaliving.ca\/fr\/produit\/canape-classique-nina\/","title":{"rendered":"Canap\u00e9 classique Nina"},"content":{"rendered":"<p><svg viewBox=\"0 0 448 512\" xmlns=\"http:\/\/www.w3.org\/2000\/svg\"><path d=\"M416 208H272V64c0-17.67-14.33-32-32-32h-32c-17.67 0-32 14.33-32 32v144H32c-17.67 0-32 14.33-32 32v32c0 17.67 14.33 32 32 32h144v144c0 17.67 14.33 32 32 32h32c17.67 0 32-14.33 32-32V304h144c17.67 0 32-14.33 32-32v-32c0-17.67-14.33-32-32-32z\"><\/path><\/svg><br \/>\n <svg viewBox=\"0 0 448 512\" xmlns=\"http:\/\/www.w3.org\/2000\/svg\"><chemin d=\"M416 208H32c-17.67 0-32 14.33-32 32v32c0 17.67 14.33 32 32 32h384c17.67 0 32-14.33 32-32v-32c0-17.67-14.33-32-32-32z\"><\/path><\/svg><br \/>\n <a tabindex=\"0\">Configuration et t\u00e9l\u00e9chargements<\/a><br \/>\n T\u00e9l\u00e9chargez la documentation technique\u00a0: sch\u00e9mas, mesures, d\u00e9tails techniques, brochures et manuels.<\/p>\n<ul>\n<li><a href=\"https:\/\/famaliving.ca\/wp-content\/uploads\/sites\/29\/Nina-Data-Sheet-Famaliving-Montreal.pdf\" target=\"_blank\" rel=\"noopener noreferrer\">Nina &#8211; Fiche technique<\/a><\/li>\n<li><a href=\"https:\/\/famaliving.ca\/wp-content\/uploads\/sites\/29\/Nina-Sketch-Famaliving-Montreal.pdf\" target=\"_blank\" rel=\"noopener noreferrer\">Nina &#8211; Croquis<\/a><\/li>\n<li><a href=\"https:\/\/famaliving.ca\/wp-content\/uploads\/sites\/29\/Nina-Information-Famaliving-Montreal.pdf\" target=\"_blank\" rel=\"noopener noreferrer\">Nina &#8211; Informations<\/a><\/li>\n<li><a href=\"https:\/\/famaliving.ca\/wp-content\/uploads\/sites\/29\/Nina-Instructions-Famaliving-Montreal.pdf\" target=\"_blank\" rel=\"noopener noreferrer\">Nina &#8211; Instructions<\/a><\/li>\n<\/ul>\n<p><strong>Explorez la configurabilit\u00e9 de Nina avec notre <a href=\"\/fr\/3d\/\" target=\"_blank\" rel=\"noopener\">Simulation de conception 3D&gt;&gt;<\/a><\/strong><br \/>\n <svg viewBox=\"0 0 448 512\" xmlns=\"http:\/\/www.w3.org\/2000\/svg\"><chemin d=\"M416 208H272V64c0-17.67-14.33-32-32-32h-32c-17.67 0-32 14.33-32 32v144H32c-17.67 0-32 14.33-32 32v32c0 17.67 14.33 32 32 32h144v144c0 17.67 14.33 32 32 32h32c17.67 0 32-14.33 32-32V304h144c17.67 0 32-14.33 32-32v-32c0-17.67-14.33-32-32-32z\"><\/path><\/svg><br \/>\n <svg viewBox=\"0 0 448 512\" xmlns=\"http:\/\/www.w3.org\/2000\/svg\"><path d=\"M416 208H32c-17.67 0-32 14.33-32 32v32c0 17.67 14.33 32 32 32h384c17.67 0 32-14.33 32-32v-32c0-17.67-14.33-32-32-32z\"><\/path><\/svg><br \/>\n <a tabindex=\"0\">\u00c0 propos du produit<\/a><\/p>\n<p><strong>Q\u00a0: Qu&rsquo;est-ce que le canap\u00e9 classique Nina\u00a0?<\/strong><br \/>A\u00a0: Le Nina est un <strong>canap\u00e9 classique<\/strong> con\u00e7u par Famaliving, offrant un look intemporel et \u00e9l\u00e9gant. Ses courbes douces et ses d\u00e9tails raffin\u00e9s en font un choix raffin\u00e9 pour tous ceux qui recherchent la sophistication dans leur espace de vie.<\/p>\n<p><strong>Q\u00a0: Qu&rsquo;est-ce qui rend le canap\u00e9 classique Nina unique\u00a0?<\/strong><br \/>R\u00a0: Le Nina se distingue par son design \u00e0 la fois traditionnel et \u00e9l\u00e9gant, \u00e9quilibrant confort et \u00e9l\u00e9gance. Ce <strong>canap\u00e9 boutonn\u00e9<\/strong> pr\u00e9sente des courbes soigneusement con\u00e7ues et des d\u00e9tails capitonn\u00e9s, ce qui lui conf\u00e8re un attrait luxueux adapt\u00e9 aux environnements formels et d\u00e9contract\u00e9s.<\/p>\n<p><strong>Q\u00a0: Puis-je personnaliser le canap\u00e9 classique Nina avec des accessoires\u00a0?<\/strong><br \/>R\u00a0: Oui, le canap\u00e9 Nina peut \u00eatre enti\u00e8rement personnalis\u00e9 avec une vari\u00e9t\u00e9 d&rsquo;options de tissu et de cuir. Vous pouvez \u00e9galement l&rsquo;am\u00e9liorer avec des coussins d\u00e9coratifs, des repose-pieds et d&rsquo;autres accessoires pour cr\u00e9er un look personnalis\u00e9 qui compl\u00e8te votre espace.<\/p>\n<p><strong>Q\u00a0: Quelles sont les caract\u00e9ristiques d&rsquo;assise du canap\u00e9 classique Nina\u00a0?<\/strong><br \/>A\u00a0: Le Nina offre une assise profonde et confortable avec des coussins moelleux qui offrent un excellent soutien. Son design int\u00e8gre une structure de <strong>canap\u00e9 \u00e0 dossier haut<\/strong>, ce qui le rend \u00e0 la fois confortable et \u00e9l\u00e9gant, id\u00e9al pour se d\u00e9tendre ou recevoir des invit\u00e9s.<\/p>\n<p><strong>Q\u00a0: Existe-t-il diff\u00e9rentes options de pieds pour le canap\u00e9 classique Nina\u00a0?<\/strong><br \/>R\u00a0: Les pieds par d\u00e9faut du Nina sont en bois, ce qui compl\u00e8te son design <strong>classique<\/strong>. Cependant, vous pouvez choisir parmi diff\u00e9rents styles de pieds et de finitions pour correspondre \u00e0 vos go\u00fbts personnels et \u00e0 votre d\u00e9coration int\u00e9rieure.<\/p>\n<p><strong>Q\u00a0: Quelles sont les dimensions du canap\u00e9 classique Nina\u00a0?<\/strong><br \/>A\u00a0: La hauteur du si\u00e8ge est de 44 cm (17,32 po), avec une profondeur totale de 100 cm (39,37 po) et une hauteur totale de 86 cm (33,86 po).<\/p>\n<p><strong>Q\u00a0: Un rev\u00eatement en cuir est-il disponible pour le Canap\u00e9 classique Nina\u00a0?<\/strong><br \/>R\u00a0: Oui, un rev\u00eatement en cuir est disponible pour le Nina, bien que cela puisse augmenter le prix. Vous pouvez \u00e9galement choisir parmi plus de 500 options de tissus pour personnaliser enti\u00e8rement l&rsquo;apparence et la sensation de ce <strong>canap\u00e9 boutonn\u00e9<\/strong>.<\/p>\n<p><strong>Q\u00a0: Comment puis-je personnaliser le canap\u00e9 classique Nina\u00a0?<\/strong><br \/>R\u00a0: Le Nina offre de nombreuses options de personnalisation, vous permettant de choisir entre un rev\u00eatement en tissu ou en cuir, de s\u00e9lectionner diff\u00e9rentes finitions de pieds et d&rsquo;ajouter des coussins suppl\u00e9mentaires pour cr\u00e9er le <strong>canap\u00e9 classique<\/strong> parfait qui convient \u00e0 votre maison.<\/p>\n<p> <svg viewBox=\"0 0 448 512\" xmlns=\"http:\/\/www.w3.org\/2000\/svg\"><chemin d=\"M416 208H272V64c0-17.67-14.33-32-32-32h-32c-17.67 0-32 14.33-32 32v144H32c-17.67 0-32 14.33-32 32v32c0 17.67 14.33 32 32 32h144v144c0 17.67 14.33 32 32 32h32c17.67 0 32-14.33 32-32V304h144c17.67 0 32-14.33 32-32v-32c0-17.67-14.33-32-32-32z\"><\/path><\/svg><br \/>\n <svg viewBox=\"0 0 448 512\" xmlns=\"http:\/\/www.w3.org\/2000\/svg\"><chemin d=\"M416 208H32c-17.67 0-32 14.33-32 32v32c0 17.67 14.33 32 32 32h384c17.67 0 32-14.33 32-32v-32c0-17.67-14.33-32-32-32z\"><\/path><\/svg><br \/>\n <a tabindex=\"0\">Options de produit<\/a><\/p>\n<h3><strong>L&rsquo;\u00e9l\u00e9gance intemporelle du canap\u00e9 classique Nina\u00a0: un guide complet<\/strong><\/h3>\n<p>Dans le monde de l&rsquo;ameublement, peu de pi\u00e8ces d\u00e9gagent l&rsquo;attrait intemporel d&rsquo;un canap\u00e9 magnifiquement con\u00e7u. <strong>canap\u00e9 classique<\/strong>. Le <strong>canap\u00e9 Nina<\/strong>, fabriqu\u00e9 par Famaliving, allie des \u00e9l\u00e9ments de design traditionnels avec un confort moderne, ce qui en fait le compl\u00e9ment parfait \u00e0 tout espace de vie. Avec ses courbes gracieuses et ses d\u00e9tails sophistiqu\u00e9s, la <strong>Nina<\/strong> sert \u00e0 la fois de pi\u00e8ce fonctionnelle et d\u00e9corative. C&rsquo;est la solution id\u00e9ale pour ceux qui recherchent une option de si\u00e8ge \u00e0 la fois \u00e9l\u00e9gante et confortable qui compl\u00e8te les int\u00e9rieurs formels et d\u00e9contract\u00e9s.<\/p>\n<p>Le <strong>canap\u00e9 classique Nina<\/strong> est plus qu&rsquo;un simple endroit pour s&rsquo;asseoir : c&rsquo;est une d\u00e9claration d&rsquo;\u00e9l\u00e9gance et de raffinement. Que vous cr\u00e9iez un coin de lecture confortable ou que vous meublez un vaste salon, ce canap\u00e9 offre des possibilit\u00e9s infinies de personnalisation et d&rsquo;expression personnelle. <a href=\"https:\/\/famaliving.ca\/blog\/classic-sofa-nina-2\/\">Lire la suite<\/a><\/p>\n","protected":false},"excerpt":{"rendered":"<p>Pr\u00e9sentation de Nina : une superbe pi\u00e8ce inspir\u00e9e des canap\u00e9s classiques des ann\u00e9es 70, pr\u00e9sentant des dossiers boutonn\u00e9s en forme de losange pour une touche d&rsquo;\u00e9l\u00e9gance.<\/p>\n","protected":false},"featured_media":16561,"template":"","meta":{"_acf_changed":false,"site-sidebar-layout":"no-sidebar","site-content-layout":"plain-container","ast-site-content-layout":"normal-width-container","site-content-style":"unboxed","site-sidebar-style":"unboxed","ast-global-header-display":"","ast-banner-title-visibility":"","ast-main-header-display":"","ast-hfb-above-header-display":"","ast-hfb-below-header-display":"","ast-hfb-mobile-header-display":"","site-post-title":"disabled","ast-breadcrumbs-content":"","ast-featured-img":"disabled","footer-sml-layout":"","ast-disable-related-posts":"","theme-transparent-header-meta":"default","adv-header-id-meta":"","stick-header-meta":"default","header-above-stick-meta":"","header-main-stick-meta":"","header-below-stick-meta":"","astra-migrate-meta-layouts":"set","ast-page-background-enabled":"default","ast-page-background-meta":{"desktop":{"background-color":"var(--ast-global-color-4)","background-image":"","background-repeat":"repeat","background-position":"center center","background-size":"auto","background-attachment":"scroll","background-type":"","background-media":"","overlay-type":"","overlay-color":"","overlay-opacity":"","overlay-gradient":""},"tablet":{"background-color":"","background-image":"","background-repeat":"repeat","background-position":"center center","background-size":"auto","background-attachment":"scroll","background-type":"","background-media":"","overlay-type":"","overlay-color":"","overlay-opacity":"","overlay-gradient":""},"mobile":{"background-color":"","background-image":"","background-repeat":"repeat","background-position":"center center","background-size":"auto","background-attachment":"scroll","background-type":"","background-media":"","overlay-type":"","overlay-color":"","overlay-opacity":"","overlay-gradient":""}},"ast-content-background-meta":{"desktop":{"background-color":"var(--ast-global-color-5)","background-image":"","background-repeat":"repeat","background-position":"center center","background-size":"auto","background-attachment":"scroll","background-type":"","background-media":"","overlay-type":"","overlay-color":"","overlay-opacity":"","overlay-gradient":""},"tablet":{"background-color":"var(--ast-global-color-5)","background-image":"","background-repeat":"repeat","background-position":"center center","background-size":"auto","background-attachment":"scroll","background-type":"","background-media":"","overlay-type":"","overlay-color":"","overlay-opacity":"","overlay-gradient":""},"mobile":{"background-color":"var(--ast-global-color-5)","background-image":"","background-repeat":"repeat","background-position":"center center","background-size":"auto","background-attachment":"scroll","background-type":"","background-media":"","overlay-type":"","overlay-color":"","overlay-opacity":"","overlay-gradient":""}}},"product_brand":[],"product_cat":[77],"product_tag":[79,81],"class_list":{"0":"post-41217","1":"product","2":"type-product","3":"status-publish","4":"has-post-thumbnail","6":"product_cat-canape","7":"product_tag-a-partir-de","8":"product_tag-moderne","9":"desktop-align-center","10":"tablet-align-left","11":"mobile-align-left","13":"first","14":"instock","15":"sold-individually","16":"shipping-taxable","17":"purchasable","18":"product-type-variable"},"acf":[],"_links":{"self":[{"href":"https:\/\/famaliving.ca\/fr\/wp-json\/wp\/v2\/product\/41217","targetHints":{"allow":["GET"]}}],"collection":[{"href":"https:\/\/famaliving.ca\/fr\/wp-json\/wp\/v2\/product"}],"about":[{"href":"https:\/\/famaliving.ca\/fr\/wp-json\/wp\/v2\/types\/product"}],"version-history":[{"count":1,"href":"https:\/\/famaliving.ca\/fr\/wp-json\/wp\/v2\/product\/41217\/revisions"}],"predecessor-version":[{"id":41583,"href":"https:\/\/famaliving.ca\/fr\/wp-json\/wp\/v2\/product\/41217\/revisions\/41583"}],"wp:featuredmedia":[{"embeddable":true,"href":"https:\/\/famaliving.ca\/fr\/wp-json\/wp\/v2\/media\/16561"}],"wp:attachment":[{"href":"https:\/\/famaliving.ca\/fr\/wp-json\/wp\/v2\/media?parent=41217"}],"wp:term":[{"taxonomy":"product_brand","embeddable":true,"href":"https:\/\/famaliving.ca\/fr\/wp-json\/wp\/v2\/product_brand?post=41217"},{"taxonomy":"product_cat","embeddable":true,"href":"https:\/\/famaliving.ca\/fr\/wp-json\/wp\/v2\/product_cat?post=41217"},{"taxonomy":"product_tag","embeddable":true,"href":"https:\/\/famaliving.ca\/fr\/wp-json\/wp\/v2\/product_tag?post=41217"}],"curies":[{"name":"wp","href":"https:\/\/api.w.org\/{rel}","templated":true}]}}