{"id":41218,"date":"2024-03-28T16:53:31","date_gmt":"2024-03-28T20:53:31","guid":{"rendered":"https:\/\/famaliving.ca\/product\/canape-sectionnel-avec-rangement-loto\/"},"modified":"2025-04-29T15:16:59","modified_gmt":"2025-04-29T19:16:59","slug":"canape-sectionnel-avec-rangement-loto","status":"publish","type":"product","link":"https:\/\/famaliving.ca\/fr\/produit\/canape-sectionnel-avec-rangement-loto\/","title":{"rendered":"Canap\u00e9 sectionnel avec rangement Loto"},"content":{"rendered":"<p><a tabindex=\"0\">Configuration et t\u00e9l\u00e9chargements<\/a><\/p>\n<p>T\u00e9l\u00e9chargez la documentation technique\u00a0: sch\u00e9mas, mesures, d\u00e9tails techniques, brochures et manuels.<\/p>\n<ul>\n<li><a href=\"https:\/\/famaliving.ca\/wp-content\/uploads\/sites\/29\/Loto-Data-Sheet-Famaliving-Montreal.pdf\" target=\"_blank\" rel=\"noopener noreferrer\">Loto \u2013 Fiche technique<\/a><\/li>\n<li><a href=\"https:\/\/famaliving.ca\/wp-content\/uploads\/sites\/29\/Loto-Sketch-Famaliving-Montreal.pdf\" target=\"_blank\" rel=\"noopener noreferrer\">Loto \u2013 Croquis <\/a><\/li>\n<li><a href=\"https:\/\/famaliving.ca\/wp-content\/uploads\/sites\/29\/Loto-Information-Famaliving-Montreal.pdf\" target=\"_blank\" rel=\"noopener noreferrer\">Loto \u2013 Informations <\/a><\/li>\n<li><a href=\"https:\/\/famaliving.ca\/wp-content\/uploads\/sites\/29\/Loto-Instructions-Famaliving-Montreal.pdf\" target=\"_blank\" rel=\"noopener noreferrer\">Loto \u2013 Instructions <\/a><\/li>\n<\/ul>\n<p><strong>Explorez la configurabilit\u00e9 de Loto avec notre <a href=\"\/fr\/3d\/\" target=\"_blank\" rel=\"noopener\">Simulation de conception 3D&gt;&gt;<\/a><\/strong><\/p>\n<p><a tabindex=\"0\">\u00c0 propos du produit<\/a><\/p>\n<p><strong>Q\u00a0:\u00a0Qu&rsquo;est-ce que le canap\u00e9 sectionnel avec rangement Loto\u00a0?<\/strong><\/p>\n<p>A\u00a0: Le canap\u00e9 sectionnel Loto est un design polyvalent et pratique de Famaliving, fabriqu\u00e9 en Espagne. Il offre des si\u00e8ges spacieux combin\u00e9s \u00e0 un rangement int\u00e9gr\u00e9, ce qui le rend parfait pour les espaces de vie modernes qui n\u00e9cessitent \u00e0 la fois confort et fonctionnalit\u00e9.<\/p>\n<p><strong>Q\u00a0:\u00a0Qu&rsquo;est-ce qui rend le canap\u00e9 sectionnel Loto unique\u00a0?<\/strong><\/p>\n<p>A\u00a0: Le canap\u00e9 Loto comprend des compartiments de rangement cach\u00e9s dans sa base, vous permettant de ranger facilement des couvertures, des oreillers ou d&rsquo;autres articles m\u00e9nagers. Ses si\u00e8ges spacieux et sa conception modulaire le rendent id\u00e9al pour les grands et petits espaces de vie.<\/p>\n<p><strong>Q\u00a0: Puis-je personnaliser le canap\u00e9 sectionnel Loto avec des accessoires\u00a0?<\/strong><\/p>\n<p>A\u00a0: Oui, le Loto peut \u00eatre personnalis\u00e9 avec divers accessoires, notamment des coussins et des composants modulaires, pour s&rsquo;adapter \u00e0 vos pr\u00e9f\u00e9rences uniques en mati\u00e8re d&rsquo;espace et de style.<\/p>\n<p><strong>Q\u00a0: Quelles sont les caract\u00e9ristiques des si\u00e8ges du Loto\u00a0?<\/strong><\/p>\n<p>A\u00a0: Le canap\u00e9 Loto offre une assise profonde et des coussins moelleux pour une exp\u00e9rience confortable et relaxante. Sa fonction de rangement ajoute une touche pratique sans compromettre le confort.<\/p>\n<p><strong>Q\u00a0: Existe-t-il diff\u00e9rentes options d&rsquo;\u00e9tapes pour le Loto\u00a0?<\/strong><\/p>\n<p>A\u00a0: L&rsquo;option de pieds par d\u00e9faut est le bois, mais vous pouvez choisir parmi diff\u00e9rents styles et finitions pour correspondre \u00e0 votre d\u00e9cor.<\/p>\n<p><strong>Q\u00a0: Quelles sont les dimensions du canap\u00e9 sectionnel Loto\u00a0?<\/strong><\/p>\n<p>A\u00a0: La hauteur du si\u00e8ge est de 44 cm (17,32 pouces), avec une profondeur totale de 100 cm (39,37 pouces) et une hauteur totale de 86 cm (33,86 pouces).<\/p>\n<p><strong>Q\u00a0: Un rev\u00eatement en cuir est-il disponible pour le Loto\u00a0?<\/strong><\/p>\n<p>A\u00a0: Oui, un rev\u00eatement en cuir est disponible moyennant des frais suppl\u00e9mentaires. Les options de pieds personnalis\u00e9s et autres finitions peuvent \u00e9galement augmenter le prix.<\/p>\n<p><strong>Q\u00a0: Comment puis-je personnaliser la configuration modulaire du Loto\u00a0?<\/strong><\/p>\n<p>A\u00a0: Le canap\u00e9 Loto vous permet de choisir parmi diff\u00e9rents modules pour cr\u00e9er un sectionnel qui s&rsquo;adapte parfaitement \u00e0 votre espace. Que vous ayez besoin d&rsquo;un canap\u00e9 plus petit ou d&rsquo;un canap\u00e9 sectionnel plus grand, le Loto peut \u00eatre configur\u00e9 pour r\u00e9pondre \u00e0 vos besoins.<\/p>\n<p><a tabindex=\"0\">Options du produit<\/a><\/p>\n<p><strong>Compte tenu de la grande polyvalence et des nombreuses options de personnalisation disponibles pour ce meuble, nous vous conseillons fortement de vous connecter et d&rsquo;utiliser le bouton \u00ab\u00a0Ajouter au devis\u00a0\u00bb.<\/strong><\/p>\n<ul>\n<li>Disponible en tissus et en tissus. Cuir<\/li>\n<li>vari\u00e9t\u00e9 de modules : fixe, inclinable, chaise longue avec rangement, repose-pieds.<\/li>\n<li>3 types de bras : 15cm, 25cm ou 30cm.<\/li>\n<li>Options pieds : bois (naturel, noyer, weng\u00e9) ou m\u00e9tal (chrome).<\/li>\n<\/ul>\n","protected":false},"excerpt":{"rendered":"<p>Loto est un mod\u00e8le de canap\u00e9 tr\u00e8s \u00e9l\u00e9gant aux lignes droites, r\u00e9alis\u00e9 avec une finition parfaite dans chaque d\u00e9tail. Il pr\u00e9sente une grande vari\u00e9t\u00e9 d&rsquo;\u00e9l\u00e9ments et offre un large \u00e9ventail de possibilit\u00e9s : canap\u00e9 statique, relax motoris\u00e9, m\u00e9ridienne fixe, avec repose-pieds de rangement et relevable, etc. Commandez le magnifique canap\u00e9 europ\u00e9en Loto de haute qualit\u00e9 dans votre choix pr\u00e9f\u00e9r\u00e9 de tissus ou de cuirs disponibles. Concevez un canap\u00e9 Loto unique en choisissant \u00e9galement entre 3 types d&rsquo;accoudoirs, et un pi\u00e9tement en bois ou en m\u00e9tal.<\/p>\n","protected":false},"featured_media":37535,"template":"","meta":{"_acf_changed":false,"site-sidebar-layout":"no-sidebar","site-content-layout":"plain-container","ast-site-content-layout":"normal-width-container","site-content-style":"unboxed","site-sidebar-style":"unboxed","ast-global-header-display":"","ast-banner-title-visibility":"","ast-main-header-display":"","ast-hfb-above-header-display":"","ast-hfb-below-header-display":"","ast-hfb-mobile-header-display":"","site-post-title":"disabled","ast-breadcrumbs-content":"","ast-featured-img":"disabled","footer-sml-layout":"","ast-disable-related-posts":"","theme-transparent-header-meta":"default","adv-header-id-meta":"","stick-header-meta":"default","header-above-stick-meta":"","header-main-stick-meta":"","header-below-stick-meta":"","astra-migrate-meta-layouts":"set","ast-page-background-enabled":"default","ast-page-background-meta":{"desktop":{"background-color":"var(--ast-global-color-4)","background-image":"","background-repeat":"repeat","background-position":"center center","background-size":"auto","background-attachment":"scroll","background-type":"","background-media":"","overlay-type":"","overlay-color":"","overlay-opacity":"","overlay-gradient":""},"tablet":{"background-color":"","background-image":"","background-repeat":"repeat","background-position":"center center","background-size":"auto","background-attachment":"scroll","background-type":"","background-media":"","overlay-type":"","overlay-color":"","overlay-opacity":"","overlay-gradient":""},"mobile":{"background-color":"","background-image":"","background-repeat":"repeat","background-position":"center center","background-size":"auto","background-attachment":"scroll","background-type":"","background-media":"","overlay-type":"","overlay-color":"","overlay-opacity":"","overlay-gradient":""}},"ast-content-background-meta":{"desktop":{"background-color":"var(--ast-global-color-5)","background-image":"","background-repeat":"repeat","background-position":"center center","background-size":"auto","background-attachment":"scroll","background-type":"","background-media":"","overlay-type":"","overlay-color":"","overlay-opacity":"","overlay-gradient":""},"tablet":{"background-color":"var(--ast-global-color-5)","background-image":"","background-repeat":"repeat","background-position":"center center","background-size":"auto","background-attachment":"scroll","background-type":"","background-media":"","overlay-type":"","overlay-color":"","overlay-opacity":"","overlay-gradient":""},"mobile":{"background-color":"var(--ast-global-color-5)","background-image":"","background-repeat":"repeat","background-position":"center center","background-size":"auto","background-attachment":"scroll","background-type":"","background-media":"","overlay-type":"","overlay-color":"","overlay-opacity":"","overlay-gradient":""}}},"product_brand":[],"product_cat":[77],"product_tag":[81],"class_list":{"0":"post-41218","1":"product","2":"type-product","3":"status-publish","4":"has-post-thumbnail","6":"product_cat-canape","7":"product_tag-moderne","8":"desktop-align-center","9":"tablet-align-left","10":"mobile-align-left","12":"first","13":"instock","14":"sold-individually","15":"shipping-taxable","16":"purchasable","17":"product-type-variable"},"acf":[],"_links":{"self":[{"href":"https:\/\/famaliving.ca\/fr\/wp-json\/wp\/v2\/product\/41218","targetHints":{"allow":["GET"]}}],"collection":[{"href":"https:\/\/famaliving.ca\/fr\/wp-json\/wp\/v2\/product"}],"about":[{"href":"https:\/\/famaliving.ca\/fr\/wp-json\/wp\/v2\/types\/product"}],"version-history":[{"count":1,"href":"https:\/\/famaliving.ca\/fr\/wp-json\/wp\/v2\/product\/41218\/revisions"}],"predecessor-version":[{"id":41584,"href":"https:\/\/famaliving.ca\/fr\/wp-json\/wp\/v2\/product\/41218\/revisions\/41584"}],"wp:featuredmedia":[{"embeddable":true,"href":"https:\/\/famaliving.ca\/fr\/wp-json\/wp\/v2\/media\/37535"}],"wp:attachment":[{"href":"https:\/\/famaliving.ca\/fr\/wp-json\/wp\/v2\/media?parent=41218"}],"wp:term":[{"taxonomy":"product_brand","embeddable":true,"href":"https:\/\/famaliving.ca\/fr\/wp-json\/wp\/v2\/product_brand?post=41218"},{"taxonomy":"product_cat","embeddable":true,"href":"https:\/\/famaliving.ca\/fr\/wp-json\/wp\/v2\/product_cat?post=41218"},{"taxonomy":"product_tag","embeddable":true,"href":"https:\/\/famaliving.ca\/fr\/wp-json\/wp\/v2\/product_tag?post=41218"}],"curies":[{"name":"wp","href":"https:\/\/api.w.org\/{rel}","templated":true}]}}